{"id":493564,"date":"2021-03-24T09:29:55","date_gmt":"2021-03-24T09:29:55","guid":{"rendered":"https:\/\/tplus.com\/om-kosttilskud-til-maend\/"},"modified":"2024-08-14T08:38:32","modified_gmt":"2024-08-14T08:38:32","slug":"om-kosttilskud-til-maend","status":"publish","type":"page","link":"https:\/\/tplus.com\/da\/om-kosttilskud-til-maend\/","title":{"rendered":"Om kosttilskud til m\u00e6nd"},"content":{"rendered":"<p>Overgangsalderen er noget, som alle m\u00e6nd g\u00e5r igennem, men som f\u00e5 taler om p\u00e5 trods af, at mange m\u00e6nd oplever b\u00e5de fysiske og psykiske problemer. Kosttilskuddet T+ indeholder urten bukkehorn, som hj\u00e6lper med at \u00f8ge m\u00e6ngden af frit testosteron i kroppen, samt zink, der hj\u00e6lper med at holde m\u00e6ngden af testosteron p\u00e5 et normalt niveau. I overgangsalderen falder produktionen af hormonet testosteron, og den forts\u00e6tter med at falde livet ud. Denne \u00e6ndring begynder normalt i 30&#8217;erne.<\/p>\n<p><a class=\"btn btn--link\" href=\"https:\/\/tplus.com\/da\/om-kosttilskud-til-maend\/kosttilskud-til-maend-lovligt-og-receptfrit\/\">Kosttilskud til m\u00e6nd \u2013 lovligt og receptfrit<\/a><\/p>\n","protected":false},"excerpt":{"rendered":"<p>Overgangsalderen er noget, som alle m\u00e6nd g\u00e5r igennem, men som f\u00e5 taler om p\u00e5 trods af, at mange m\u00e6nd oplever b\u00e5de fysiske og psykiske problemer. Kosttilskuddet T+ indeholder urten bukkehorn, som hj\u00e6lper med at \u00f8ge m\u00e6ngden af frit testosteron i kroppen, samt zink, der hj\u00e6lper med at holde m\u00e6ngden af testosteron p\u00e5 et normalt niveau. [&hellip;]<\/p>\n","protected":false},"author":1,"featured_media":0,"parent":0,"menu_order":0,"comment_status":"closed","ping_status":"closed","template":"templates\/page-with-childs.php","meta":{"_acf_changed":false,"footnotes":""},"class_list":["post-493564","page","type-page","status-publish","hentry"],"acf":[],"jetpack_shortlink":"https:\/\/wp.me\/Pa2D6c-24oI","jetpack_sharing_enabled":true,"_links":{"self":[{"href":"https:\/\/tplus.com\/da\/wp-json\/wp\/v2\/pages\/493564","targetHints":{"allow":["GET"]}}],"collection":[{"href":"https:\/\/tplus.com\/da\/wp-json\/wp\/v2\/pages"}],"about":[{"href":"https:\/\/tplus.com\/da\/wp-json\/wp\/v2\/types\/page"}],"author":[{"embeddable":true,"href":"https:\/\/tplus.com\/da\/wp-json\/wp\/v2\/users\/1"}],"replies":[{"embeddable":true,"href":"https:\/\/tplus.com\/da\/wp-json\/wp\/v2\/comments?post=493564"}],"version-history":[{"count":5,"href":"https:\/\/tplus.com\/da\/wp-json\/wp\/v2\/pages\/493564\/revisions"}],"predecessor-version":[{"id":493690,"href":"https:\/\/tplus.com\/da\/wp-json\/wp\/v2\/pages\/493564\/revisions\/493690"}],"wp:attachment":[{"href":"https:\/\/tplus.com\/da\/wp-json\/wp\/v2\/media?parent=493564"}],"curies":[{"name":"wp","href":"https:\/\/api.w.org\/{rel}","templated":true}]}}