{"id":493565,"date":"2021-03-24T09:30:27","date_gmt":"2021-03-24T09:30:27","guid":{"rendered":"https:\/\/tplus.com\/om-testosteron\/"},"modified":"2024-08-14T08:42:22","modified_gmt":"2024-08-14T08:42:22","slug":"om-testosteron","status":"publish","type":"page","link":"https:\/\/tplus.com\/da\/om-testosteron\/","title":{"rendered":"Om testosteron"},"content":{"rendered":"<p>Det mandlige k\u00f8nshormon testosteron bevirker blandt andet, at m\u00e6nd f\u00e5r m\u00f8rk stemme, kraftig h\u00e5rv\u00e6kst, store muskler og kan reproducere. Testosteronniveauet er h\u00f8jest i 20&#8217;erne og i starten af 30&#8217;erne og falder derefter langsomt, men sikkert. De fleste m\u00e6nd oplever gradvist denne reduktion i form af b\u00e5de fysiske og mentale \u00e6ndringer.<\/p>\n<p><a class=\"btn btn--link\" href=\"https:\/\/tplus.com\/da\/om-testosteron\/hvad-er-testosteron\/\">Hvad er testosteron?<\/a><\/p>\n","protected":false},"excerpt":{"rendered":"<p>Det mandlige k\u00f8nshormon testosteron bevirker blandt andet, at m\u00e6nd f\u00e5r m\u00f8rk stemme, kraftig h\u00e5rv\u00e6kst, store muskler og kan reproducere. Testosteronniveauet er h\u00f8jest i 20&#8217;erne og i starten af 30&#8217;erne og falder derefter langsomt, men sikkert. De fleste m\u00e6nd oplever gradvist denne reduktion i form af b\u00e5de fysiske og mentale \u00e6ndringer. Hvad er testosteron?<\/p>\n","protected":false},"author":1,"featured_media":0,"parent":0,"menu_order":0,"comment_status":"closed","ping_status":"closed","template":"templates\/page-with-childs.php","meta":{"footnotes":""},"acf":[],"jetpack_shortlink":"https:\/\/wp.me\/Pa2D6c-24oJ","_links":{"self":[{"href":"https:\/\/tplus.com\/da\/wp-json\/wp\/v2\/pages\/493565"}],"collection":[{"href":"https:\/\/tplus.com\/da\/wp-json\/wp\/v2\/pages"}],"about":[{"href":"https:\/\/tplus.com\/da\/wp-json\/wp\/v2\/types\/page"}],"author":[{"embeddable":true,"href":"https:\/\/tplus.com\/da\/wp-json\/wp\/v2\/users\/1"}],"replies":[{"embeddable":true,"href":"https:\/\/tplus.com\/da\/wp-json\/wp\/v2\/comments?post=493565"}],"version-history":[{"count":5,"href":"https:\/\/tplus.com\/da\/wp-json\/wp\/v2\/pages\/493565\/revisions"}],"predecessor-version":[{"id":508995,"href":"https:\/\/tplus.com\/da\/wp-json\/wp\/v2\/pages\/493565\/revisions\/508995"}],"wp:attachment":[{"href":"https:\/\/tplus.com\/da\/wp-json\/wp\/v2\/media?parent=493565"}],"curies":[{"name":"wp","href":"https:\/\/api.w.org\/{rel}","templated":true}]}}