{"id":493566,"date":"2021-03-24T09:30:38","date_gmt":"2021-03-24T09:30:38","guid":{"rendered":"https:\/\/tplus.com\/testosterontesten\/"},"modified":"2024-08-14T08:47:37","modified_gmt":"2024-08-14T08:47:37","slug":"testosterontesten","status":"publish","type":"page","link":"https:\/\/tplus.com\/da\/testosterontesten\/","title":{"rendered":"Testosterontesten"},"content":{"rendered":"<p>ADAM (The Androgen Deficiency in Aging Males) er en simpel test, der kan give dig et fingerpeg om, hvordan dit testosteronniveau er. Testen indeholder ti sp\u00f8rgsm\u00e5l. En lav samlet score betyder ikke n\u00f8dvendigvis, du har brug for behandling, men giver et vink om, at du skal g\u00f8re noget ved dine testosteronv\u00e6rdier. Forskning viser, at testen finder 80 % af dem, der har testosteronmangel.<\/p>\n","protected":false},"excerpt":{"rendered":"<p>ADAM (The Androgen Deficiency in Aging Males) er en simpel test, der kan give dig et fingerpeg om, hvordan dit testosteronniveau er. Testen indeholder ti sp\u00f8rgsm\u00e5l. En lav samlet score betyder ikke n\u00f8dvendigvis, du har brug for behandling, men giver et vink om, at du skal g\u00f8re noget ved dine testosteronv\u00e6rdier. Forskning viser, at testen [&hellip;]<\/p>\n","protected":false},"author":1,"featured_media":0,"parent":0,"menu_order":0,"comment_status":"closed","ping_status":"closed","template":"templates\/quiz-form.php","meta":{"_acf_changed":false,"footnotes":""},"class_list":["post-493566","page","type-page","status-publish","hentry"],"acf":[],"jetpack_shortlink":"https:\/\/wp.me\/Pa2D6c-24oK","jetpack_sharing_enabled":true,"_links":{"self":[{"href":"https:\/\/tplus.com\/da\/wp-json\/wp\/v2\/pages\/493566","targetHints":{"allow":["GET"]}}],"collection":[{"href":"https:\/\/tplus.com\/da\/wp-json\/wp\/v2\/pages"}],"about":[{"href":"https:\/\/tplus.com\/da\/wp-json\/wp\/v2\/types\/page"}],"author":[{"embeddable":true,"href":"https:\/\/tplus.com\/da\/wp-json\/wp\/v2\/users\/1"}],"replies":[{"embeddable":true,"href":"https:\/\/tplus.com\/da\/wp-json\/wp\/v2\/comments?post=493566"}],"version-history":[{"count":1,"href":"https:\/\/tplus.com\/da\/wp-json\/wp\/v2\/pages\/493566\/revisions"}],"predecessor-version":[{"id":493747,"href":"https:\/\/tplus.com\/da\/wp-json\/wp\/v2\/pages\/493566\/revisions\/493747"}],"wp:attachment":[{"href":"https:\/\/tplus.com\/da\/wp-json\/wp\/v2\/media?parent=493566"}],"curies":[{"name":"wp","href":"https:\/\/api.w.org\/{rel}","templated":true}]}}