{"id":493568,"date":"2021-03-24T09:31:18","date_gmt":"2021-03-24T09:31:18","guid":{"rendered":"https:\/\/tplus.com\/om-kosttilskud-til-maend\/kosttilskud-til-maend-lovligt-og-receptfrit\/"},"modified":"2024-08-14T08:40:47","modified_gmt":"2024-08-14T08:40:47","slug":"kosttilskud-til-maend-lovligt-og-receptfrit","status":"publish","type":"page","link":"https:\/\/tplus.com\/da\/om-kosttilskud-til-maend\/kosttilskud-til-maend-lovligt-og-receptfrit\/","title":{"rendered":"Kosttilskud til m\u00e6nd \u2013 lovligt og receptfrit"},"content":{"rendered":"<p><strong>Vidste du, at testosteron er et naturligt hormon, som kroppen producerer hele livet, ja faktisk allerede i fosterstadiet? M\u00e6ngden af testosteron i kroppen falder med alderen, og mange m\u00e6nd f\u00e5r testosteronmangel, allerede n\u00e5r de er i 40&#8217;erne.<\/strong><\/p>\n<h4>Kom nemmere gennem overgangsalderen med et kosttilskud til m\u00e6nd<\/h4>\n<p>Det varierer, hvor mange gener overgangsalderen giver, men de fleste rammes af f\u00f8lgende symptomer:<\/p>\n<ul>\n<li>Lav energi<\/li>\n<li>Mindre muskelmasse<\/li>\n<li>Hum\u00f8rsvingninger<\/li>\n<li>Lav sexlyst<\/li>\n<\/ul>\n<p>Kombineret med en sund livsstil kan T+ hj\u00e6lpe dig med at f\u00e5 dit drive og din energi tilbage. I mods\u00e6tning til testosterontilskud, som er et l\u00e6gemiddel, m\u00e6nd kan f\u00e5 p\u00e5 recept, er T+ et naturligt kosttilskud, der frigiver testosteron, som allerede findes i kroppen (i bundet form). T+ tilf\u00f8rer med andre ord ikke testosteron, men det hj\u00e6lper dig med at udnytte det testosteron, der allerede findes i kroppen. Er du klar til en hverdag, hvor du rent faktisk har energi til at tr\u00e6ne, arbejde, tilbringe tid sammen med familien og alt det andet, du \u00f8nsker her i livet?<\/p>\n<h4>Et alternativ til testosterontilskud<\/h4>\n<p>T+ er et naturligt kosttilskud til m\u00e6nd. Med sit indhold af bukkehorn, vitaminer og mineraler hj\u00e6lper T+ med at frigive det testosteron, der er bundet i kroppen*. Derfor er T+ et af de bedste kosttilskud til m\u00e6nd.<\/p>\n<p><a href=\"https:\/\/tplus.com\/da\/bestil-tplus\/\"><u>Pr\u00f8v T+ i to m\u00e5neder til halv pris<\/u><\/a><\/p>\n<h6>Bukkehornsekstrakt af h\u00f8j kvalitet frigiver testosteron, som er bundet i kroppen, forbedrer udviklingen af muskelmasse og fremmer forbr\u00e6ndingen. Zink hj\u00e6lper med at opretholde normale testosteronv\u00e6rdier samt normal fertilitet og reproduktionsevne. Riboflavin og pyridoxin hj\u00e6lper med at reducere tr\u00e6thed og mangel p\u00e5 energi samt opretholder og afbalancerer den hormonelle aktivitet. D-vitamin hj\u00e6lper med at styrke skelettet, knoglestrukturen og immunforsvaret og fremmer normal muskelfunktion. Magnesium og niacin bidrager til normal funktion for muskulaturen, energistofskiftet og nervesystemet.<\/h6>\n<div style=\"height:100px\" aria-hidden=\"true\" class=\"wp-block-spacer\"><\/div>\n","protected":false},"excerpt":{"rendered":"<p>Vidste du, at testosteron er et naturligt hormon, som kroppen producerer hele livet, ja faktisk allerede i fosterstadiet? M\u00e6ngden af testosteron i kroppen falder med alderen, og mange m\u00e6nd f\u00e5r testosteronmangel, allerede n\u00e5r de er i 40&#8217;erne. Kom nemmere gennem overgangsalderen med et kosttilskud til m\u00e6nd Det varierer, hvor mange gener overgangsalderen giver, men de [&hellip;]<\/p>\n","protected":false},"author":1,"featured_media":0,"parent":493564,"menu_order":0,"comment_status":"closed","ping_status":"closed","template":"","meta":{"_acf_changed":false,"footnotes":""},"class_list":["post-493568","page","type-page","status-publish","hentry"],"acf":[],"jetpack_shortlink":"https:\/\/wp.me\/Pa2D6c-24oM","jetpack_sharing_enabled":true,"_links":{"self":[{"href":"https:\/\/tplus.com\/da\/wp-json\/wp\/v2\/pages\/493568","targetHints":{"allow":["GET"]}}],"collection":[{"href":"https:\/\/tplus.com\/da\/wp-json\/wp\/v2\/pages"}],"about":[{"href":"https:\/\/tplus.com\/da\/wp-json\/wp\/v2\/types\/page"}],"author":[{"embeddable":true,"href":"https:\/\/tplus.com\/da\/wp-json\/wp\/v2\/users\/1"}],"replies":[{"embeddable":true,"href":"https:\/\/tplus.com\/da\/wp-json\/wp\/v2\/comments?post=493568"}],"version-history":[{"count":5,"href":"https:\/\/tplus.com\/da\/wp-json\/wp\/v2\/pages\/493568\/revisions"}],"predecessor-version":[{"id":538177,"href":"https:\/\/tplus.com\/da\/wp-json\/wp\/v2\/pages\/493568\/revisions\/538177"}],"up":[{"embeddable":true,"href":"https:\/\/tplus.com\/da\/wp-json\/wp\/v2\/pages\/493564"}],"wp:attachment":[{"href":"https:\/\/tplus.com\/da\/wp-json\/wp\/v2\/media?parent=493568"}],"curies":[{"name":"wp","href":"https:\/\/api.w.org\/{rel}","templated":true}]}}