{"id":493569,"date":"2021-03-24T09:31:36","date_gmt":"2021-03-24T09:31:36","guid":{"rendered":"https:\/\/tplus.com\/om-kosttilskud-til-maend\/hvordan-far-man-mere-energi-i-hverdagen\/"},"modified":"2024-08-14T08:39:21","modified_gmt":"2024-08-14T08:39:21","slug":"hvordan-far-man-mere-energi-i-hverdagen","status":"publish","type":"page","link":"https:\/\/tplus.com\/da\/om-kosttilskud-til-maend\/hvordan-far-man-mere-energi-i-hverdagen\/","title":{"rendered":"Hvordan f\u00e5r man mere energi i hverdagen?"},"content":{"rendered":"<ul>\n<li>Mangler du energi og f\u00f8ler dig ofte tr\u00e6t og nedslidt?<\/li>\n<li>Synes du, at det er for anstrengende at tr\u00e6ne?<\/li>\n<li>Har du sv\u00e6rt ved at komme i form, selvom du tr\u00e6ner regelm\u00e6ssigt og spiser sundt?<\/li>\n<li>Har du ofte hum\u00f8rsvingninger, men ved ikke hvorfor?<\/li>\n<\/ul>\n<h4>\u00c5rsagen kan v\u00e6re, at du har lave testosteronv\u00e6rdier<\/h4>\n<p>Hvis du svarede ja til flere af ovenst\u00e5ende sp\u00f8rgsm\u00e5l, har du sandsynligvis testosteronmangel \u2013 ligesom tusindvis af andre m\u00e6nd i overgangsalderen.&nbsp; I overgangsalderen falder produktionen af hormonet testosteron, og den forts\u00e6tter med at falde livet ud.<\/p>\n<h4>F\u00e5 mere drive og lyst<\/h4>\n<p>Kosttilskuddet T+ indeholder urten bukkehorn, som hj\u00e6lper med at \u00f8ge m\u00e6ngden af frit testosteron i kroppen, samt zink, der hj\u00e6lper med at holde m\u00e6ngden af testosteron p\u00e5 et normalt niveau. T+ tilf\u00f8rer med andre ord ikke testosteron, men det hj\u00e6lper dig med at udnytte det testosteron, der allerede findes i kroppen. Ved regelm\u00e6ssigt at bruge kosttilskuddet T+ kan du mindske tr\u00e6thed og f\u00f8lelsen af manglende energi, styrke immunforsvaret og knoglestrukturen* samt genfinde din styrke, energi og maskulinitet. Bestil T+ i dag, og sig farvel til dit tr\u00e6tte og nedslidte jeg.<\/p>\n<p><a href=\"https:\/\/tplus.com\/da\/bestil-tplus\/\"><u>K\u00f8b T+, og f\u00e5 mere energi<\/u><\/a><\/p>\n<h6>Bukkehornsekstrakt af h\u00f8j kvalitet frigiver testosteron, som er bundet i kroppen, forbedrer udviklingen af muskelmasse og fremmer forbr\u00e6ndingen. Zink hj\u00e6lper med at opretholde normale testosteronv\u00e6rdier samt normal fertilitet og reproduktionsevne. Riboflavin og pyridoxin hj\u00e6lper med at reducere tr\u00e6thed og mangel p\u00e5 energi samt opretholder og afbalancerer den hormonelle aktivitet. D-vitamin hj\u00e6lper med at styrke skelettet, knoglestrukturen og immunforsvaret og fremmer normal muskelfunktion. Magnesium og niacin bidrager til normal funktion for muskulaturen, energistofskiftet og nervesystemet.<\/h6>\n<div style=\"height:100px\" aria-hidden=\"true\" class=\"wp-block-spacer\"><\/div>\n","protected":false},"excerpt":{"rendered":"<p>Mangler du energi og f\u00f8ler dig ofte tr\u00e6t og nedslidt? Synes du, at det er for anstrengende at tr\u00e6ne? Har du sv\u00e6rt ved at komme i form, selvom du tr\u00e6ner regelm\u00e6ssigt og spiser sundt? Har du ofte hum\u00f8rsvingninger, men ved ikke hvorfor? \u00c5rsagen kan v\u00e6re, at du har lave testosteronv\u00e6rdier Hvis du svarede ja til [&hellip;]<\/p>\n","protected":false},"author":1,"featured_media":0,"parent":493564,"menu_order":0,"comment_status":"closed","ping_status":"closed","template":"","meta":{"_acf_changed":false,"footnotes":""},"class_list":["post-493569","page","type-page","status-publish","hentry"],"acf":[],"jetpack_shortlink":"https:\/\/wp.me\/Pa2D6c-24oN","jetpack_sharing_enabled":true,"_links":{"self":[{"href":"https:\/\/tplus.com\/da\/wp-json\/wp\/v2\/pages\/493569","targetHints":{"allow":["GET"]}}],"collection":[{"href":"https:\/\/tplus.com\/da\/wp-json\/wp\/v2\/pages"}],"about":[{"href":"https:\/\/tplus.com\/da\/wp-json\/wp\/v2\/types\/page"}],"author":[{"embeddable":true,"href":"https:\/\/tplus.com\/da\/wp-json\/wp\/v2\/users\/1"}],"replies":[{"embeddable":true,"href":"https:\/\/tplus.com\/da\/wp-json\/wp\/v2\/comments?post=493569"}],"version-history":[{"count":4,"href":"https:\/\/tplus.com\/da\/wp-json\/wp\/v2\/pages\/493569\/revisions"}],"predecessor-version":[{"id":538174,"href":"https:\/\/tplus.com\/da\/wp-json\/wp\/v2\/pages\/493569\/revisions\/538174"}],"up":[{"embeddable":true,"href":"https:\/\/tplus.com\/da\/wp-json\/wp\/v2\/pages\/493564"}],"wp:attachment":[{"href":"https:\/\/tplus.com\/da\/wp-json\/wp\/v2\/media?parent=493569"}],"curies":[{"name":"wp","href":"https:\/\/api.w.org\/{rel}","templated":true}]}}