{"id":493573,"date":"2021-03-24T09:32:53","date_gmt":"2021-03-24T09:32:53","guid":{"rendered":"https:\/\/tplus.com\/om-kosttilskud-til-maend\/kom-hurtigt-i-form\/"},"modified":"2024-08-14T08:40:11","modified_gmt":"2024-08-14T08:40:11","slug":"kom-hurtigt-i-form","status":"publish","type":"page","link":"https:\/\/tplus.com\/da\/om-kosttilskud-til-maend\/kom-hurtigt-i-form\/","title":{"rendered":"Kom hurtigt i form"},"content":{"rendered":"<p><strong>Vil du i form til Copenhagen Marathon?&nbsp; Eller vil du f\u00f8le dig godt tilpas i en T-shirt til sommer? For m\u00e6nd over 40 kan det v\u00e6re en kamp at komme i god form og f\u00e5 den krop, man \u00f8nsker.<\/strong><\/p>\n<h4>For lidt testosteron kan forhindre dig i at komme i form<\/h4>\n<p>Mange m\u00e6nd oplever, at de ikke har den samme energi som f\u00f8r, og at de ikke f\u00e5r de \u00f8nskede resultater af deres tr\u00e6ning. \u00c5rsagen kan v\u00e6re lave testosteronv\u00e6rdier. Og det kan du g\u00f8re noget ved.<\/p>\n<h4>Mindre mave \u2013 flere muskler<\/h4>\n<p>For meget mavefedt hos voksne m\u00e6nd kan skyldes, at kroppen producerer for lidt testosteron. Mangel p\u00e5 testosteron betyder til geng\u00e6ld, at det er vanskeligere at tabe sig og opretholde muskelstyrken. Det bliver med andre ord en ond cirkel. L\u00f8sningen er at g\u00f8re en solid indsats i motionscenteret og i k\u00f8kkenet. Og hvis du desuden hj\u00e6lper din krop med at frigive mere testosteron, har du endnu st\u00f8rre chance for at f\u00e5 den krop, du gerne vil have. T+ er et kosttilskud med et unikt indhold af bukkehorn, vitaminer og mineraler, der g\u00f8r det lettere for dig at opn\u00e5 den form, du dr\u00f8mmer om*.<\/p>\n<p><a href=\"https:\/\/tplus.com\/da\/bestil-tplus\/\"><u>Kom i form med T+<\/u><\/a><\/p>\n<h6>Bukkehornsekstrakt af h\u00f8j kvalitet frigiver testosteron, som er bundet i kroppen, forbedrer udviklingen af muskelmasse og fremmer forbr\u00e6ndingen. Zink hj\u00e6lper med at opretholde normale testosteronv\u00e6rdier samt normal fertilitet og reproduktionsevne. Riboflavin og pyridoxin hj\u00e6lper med at reducere tr\u00e6thed og mangel p\u00e5 energi samt opretholder og afbalancerer den hormonelle aktivitet. D-vitamin hj\u00e6lper med at styrke skelettet, knoglestrukturen og immunforsvaret og fremmer normal muskelfunktion. Magnesium og niacin bidrager til normal funktion for muskulaturen, energistofskiftet og nervesystemet.<\/h6>\n<div style=\"height:100px\" aria-hidden=\"true\" class=\"wp-block-spacer\"><\/div>\n","protected":false},"excerpt":{"rendered":"<p>Vil du i form til Copenhagen Marathon?&nbsp; Eller vil du f\u00f8le dig godt tilpas i en T-shirt til sommer? For m\u00e6nd over 40 kan det v\u00e6re en kamp at komme i god form og f\u00e5 den krop, man \u00f8nsker. For lidt testosteron kan forhindre dig i at komme i form Mange m\u00e6nd oplever, at de [&hellip;]<\/p>\n","protected":false},"author":1,"featured_media":0,"parent":493564,"menu_order":0,"comment_status":"closed","ping_status":"closed","template":"","meta":{"_acf_changed":false,"footnotes":""},"class_list":["post-493573","page","type-page","status-publish","hentry"],"acf":[],"jetpack_shortlink":"https:\/\/wp.me\/Pa2D6c-24oR","jetpack_sharing_enabled":true,"_links":{"self":[{"href":"https:\/\/tplus.com\/da\/wp-json\/wp\/v2\/pages\/493573","targetHints":{"allow":["GET"]}}],"collection":[{"href":"https:\/\/tplus.com\/da\/wp-json\/wp\/v2\/pages"}],"about":[{"href":"https:\/\/tplus.com\/da\/wp-json\/wp\/v2\/types\/page"}],"author":[{"embeddable":true,"href":"https:\/\/tplus.com\/da\/wp-json\/wp\/v2\/users\/1"}],"replies":[{"embeddable":true,"href":"https:\/\/tplus.com\/da\/wp-json\/wp\/v2\/comments?post=493573"}],"version-history":[{"count":5,"href":"https:\/\/tplus.com\/da\/wp-json\/wp\/v2\/pages\/493573\/revisions"}],"predecessor-version":[{"id":538176,"href":"https:\/\/tplus.com\/da\/wp-json\/wp\/v2\/pages\/493573\/revisions\/538176"}],"up":[{"embeddable":true,"href":"https:\/\/tplus.com\/da\/wp-json\/wp\/v2\/pages\/493564"}],"wp:attachment":[{"href":"https:\/\/tplus.com\/da\/wp-json\/wp\/v2\/media?parent=493573"}],"curies":[{"name":"wp","href":"https:\/\/api.w.org\/{rel}","templated":true}]}}