{"id":493575,"date":"2021-03-24T09:33:17","date_gmt":"2021-03-24T09:33:17","guid":{"rendered":"https:\/\/tplus.com\/om-kosttilskud-til-maend\/kosttilskuddet-der-giver-dig-mere-energi\/"},"modified":"2024-08-14T08:41:29","modified_gmt":"2024-08-14T08:41:29","slug":"kosttilskuddet-der-giver-dig-mere-energi","status":"publish","type":"page","link":"https:\/\/tplus.com\/da\/om-kosttilskud-til-maend\/kosttilskuddet-der-giver-dig-mere-energi\/","title":{"rendered":"Kosttilskuddet, der giver dig mere energi"},"content":{"rendered":"<p><strong>Det er almen viden, at s\u00f8vn, kost og motion giver energi og \u00f8ger livskvaliteten. Men for mange m\u00e6nd i overgangsalderen er det ikke tilstr\u00e6kkeligt til at f\u00e5 dem til at trives. En energipille kan give dig det boost, du har brug for.<\/strong><\/p>\n<h4>Energitabletter mod manglende energi<\/h4>\n<p>T+ er et kosttilskud med et unikt indhold af bukkehorn, vitaminer og mineraler, som hj\u00e6lper kroppen med at frigive mere testosteron. Et dagligt indtag af T+ hj\u00e6lper dig med at f\u00e5 mere energi.&nbsp; T+ er den perfekte energipille til tr\u00e6ningsinteresserede m\u00e6nd, der \u00f8nsker at forbedre deres resultater, b\u00e5de fysisk og mentalt*.<\/p>\n<p><a href=\"https:\/\/tplus.com\/da\/bestil-tplus\/\"><u>F\u00e5 mere energi med T+<\/u><\/a><\/p>\n<h6>Bukkehornsekstrakt af h\u00f8j kvalitet frigiver testosteron, som er bundet i kroppen, forbedrer udviklingen af muskelmasse og fremmer forbr\u00e6ndingen. Zink hj\u00e6lper med at opretholde normale testosteronv\u00e6rdier samt normal fertilitet og reproduktionsevne. Riboflavin og pyridoxin hj\u00e6lper med at reducere tr\u00e6thed og mangel p\u00e5 energi samt opretholder og afbalancerer den hormonelle aktivitet. D-vitamin hj\u00e6lper med at styrke skelettet, knoglestrukturen og immunforsvaret og fremmer normal muskelfunktion. Magnesium og niacin bidrager til normal funktion for muskulaturen, energistofskiftet og nervesystemet.<\/h6>\n<div style=\"height:100px\" aria-hidden=\"true\" class=\"wp-block-spacer\"><\/div>\n","protected":false},"excerpt":{"rendered":"<p>Det er almen viden, at s\u00f8vn, kost og motion giver energi og \u00f8ger livskvaliteten. Men for mange m\u00e6nd i overgangsalderen er det ikke tilstr\u00e6kkeligt til at f\u00e5 dem til at trives. En energipille kan give dig det boost, du har brug for. Energitabletter mod manglende energi T+ er et kosttilskud med et unikt indhold af [&hellip;]<\/p>\n","protected":false},"author":1,"featured_media":0,"parent":493564,"menu_order":0,"comment_status":"closed","ping_status":"closed","template":"","meta":{"_acf_changed":false,"footnotes":""},"class_list":["post-493575","page","type-page","status-publish","hentry"],"acf":[],"jetpack_shortlink":"https:\/\/wp.me\/Pa2D6c-24oT","jetpack_sharing_enabled":true,"_links":{"self":[{"href":"https:\/\/tplus.com\/da\/wp-json\/wp\/v2\/pages\/493575","targetHints":{"allow":["GET"]}}],"collection":[{"href":"https:\/\/tplus.com\/da\/wp-json\/wp\/v2\/pages"}],"about":[{"href":"https:\/\/tplus.com\/da\/wp-json\/wp\/v2\/types\/page"}],"author":[{"embeddable":true,"href":"https:\/\/tplus.com\/da\/wp-json\/wp\/v2\/users\/1"}],"replies":[{"embeddable":true,"href":"https:\/\/tplus.com\/da\/wp-json\/wp\/v2\/comments?post=493575"}],"version-history":[{"count":4,"href":"https:\/\/tplus.com\/da\/wp-json\/wp\/v2\/pages\/493575\/revisions"}],"predecessor-version":[{"id":538179,"href":"https:\/\/tplus.com\/da\/wp-json\/wp\/v2\/pages\/493575\/revisions\/538179"}],"up":[{"embeddable":true,"href":"https:\/\/tplus.com\/da\/wp-json\/wp\/v2\/pages\/493564"}],"wp:attachment":[{"href":"https:\/\/tplus.com\/da\/wp-json\/wp\/v2\/media?parent=493575"}],"curies":[{"name":"wp","href":"https:\/\/api.w.org\/{rel}","templated":true}]}}