{"id":493576,"date":"2021-03-24T09:33:25","date_gmt":"2021-03-24T09:33:25","guid":{"rendered":"https:\/\/tplus.com\/om-testosteron\/hvad-er-testosteron\/"},"modified":"2024-08-14T08:44:01","modified_gmt":"2024-08-14T08:44:01","slug":"hvad-er-testosteron","status":"publish","type":"page","link":"https:\/\/tplus.com\/da\/om-testosteron\/hvad-er-testosteron\/","title":{"rendered":"Hvad er testosteron?"},"content":{"rendered":"<p><strong>Testosteron er et hormon, som kroppen begynder at producere allerede i fosterstadiet.&nbsp; M\u00e6nd har betydeligt h\u00f8jere testosteronniveau end kvinder, hvilket blandt andet bevirker, at m\u00e6nd har en m\u00f8rkere stemme, mere h\u00e5rv\u00e6kst og st\u00f8rre muskler.<\/strong><\/p>\n<h4>Testosteronmangel i overgangsalderen<\/h4>\n<p>Kroppens naturlige produktion af testosteron falder med alderen, hvilket kan for\u00e5rsage en r\u00e6kke fysiske og psykiske problemer. Ofte optr\u00e6der de f\u00f8rste symptomer p\u00e5 testosteronmangel i 40&#8217;erne.<\/p>\n<h4>Hvordan tjekker man testosteronniveauet?<\/h4>\n<p>En normal testosteronniveau for m\u00e6nd er mellem 200 og 1.200 nanogram pr. deciliter. En blodpr\u00f8ve hos l\u00e6gen kan give svar p\u00e5, hvilken testosteronv\u00e6rdi du har. En nemmere metode til at finde ud af, om du har lave testosteronv\u00e6rdier, er at besvare f\u00f8lgende sp\u00f8rgsm\u00e5l:<\/p>\n<ul>\n<li>Jeg har lav sexlyst<\/li>\n<li>Jeg har problemer med h\u00e5rtab<\/li>\n<li>Jeg sover d\u00e5rligt og sveder om natten<\/li>\n<li>Jeg har ikke ret meget energi til daglig<\/li>\n<li>Jeg oplever hum\u00f8rsvingninger<\/li>\n<\/ul>\n<p><a href=\"https:\/\/tplus.com\/da\/testosterontesten\/\"><u>Tag testosterontesten her<\/u><\/a><\/p>\n<h4>Hvordan man kan \u00f8ge testosteronniveauet?<\/h4>\n<p>Hvis de fleste af ovenst\u00e5ende p\u00e5stande passer p\u00e5 dig, har du sandsynligvis for lav testosteronv\u00e6rdi. Mange m\u00e6nd i alderen 40-70 \u00e5r v\u00e6lger at tage testosterontilskud for at afhj\u00e6lpe problemerne. Tilskud i form af testosterontabletter kan f\u00e5s p\u00e5 recept og ordineres af l\u00e6ger. En mildere variant er at bruge et kosttilskud, der frigiver bundet testosteron i kroppen.<\/p>\n<h4>Kosttilskud til m\u00e6nd<\/h4>\n<p>T+ er et naturligt kosttilskud til m\u00e6nd. Med indholdet af bukkehorn, vitaminer og mineraler frigiver T+ testosteron, der er bundet i kroppen.<\/p>\n<p><a href=\"https:\/\/tplus.com\/da\/om-kosttilskud-til-maend\/kosttilskud-til-maend-lovligt-og-receptfrit\/\"><u>L\u00e6s mere om kosttilskuddet T+<\/u><\/a><\/p>\n<h6>Bukkehornsekstrakt af h\u00f8j kvalitet frigiver testosteron, som er bundet i kroppen, forbedrer udviklingen af muskelmasse og fremmer forbr\u00e6ndingen. Zink hj\u00e6lper med at opretholde normale testosteronv\u00e6rdier samt normal fertilitet og reproduktionsevne. Riboflavin og pyridoxin hj\u00e6lper med at reducere tr\u00e6thed og mangel p\u00e5 energi samt opretholder og afbalancerer den hormonelle aktivitet. D-vitamin hj\u00e6lper med at styrke skelettet, knoglestrukturen og immunforsvaret og fremmer normal muskelfunktion. Magnesium og niacin bidrager til normal funktion for muskulaturen, energistofskiftet og nervesystemet.<\/h6>\n<div style=\"height:100px\" aria-hidden=\"true\" class=\"wp-block-spacer\"><\/div>\n","protected":false},"excerpt":{"rendered":"<p>Testosteron er et hormon, som kroppen begynder at producere allerede i fosterstadiet.&nbsp; M\u00e6nd har betydeligt h\u00f8jere testosteronniveau end kvinder, hvilket blandt andet bevirker, at m\u00e6nd har en m\u00f8rkere stemme, mere h\u00e5rv\u00e6kst og st\u00f8rre muskler. Testosteronmangel i overgangsalderen Kroppens naturlige produktion af testosteron falder med alderen, hvilket kan for\u00e5rsage en r\u00e6kke fysiske og psykiske problemer. Ofte [&hellip;]<\/p>\n","protected":false},"author":1,"featured_media":0,"parent":493565,"menu_order":0,"comment_status":"closed","ping_status":"closed","template":"","meta":{"_acf_changed":false,"footnotes":""},"class_list":["post-493576","page","type-page","status-publish","hentry"],"acf":[],"jetpack_shortlink":"https:\/\/wp.me\/Pa2D6c-24oU","jetpack_sharing_enabled":true,"_links":{"self":[{"href":"https:\/\/tplus.com\/da\/wp-json\/wp\/v2\/pages\/493576","targetHints":{"allow":["GET"]}}],"collection":[{"href":"https:\/\/tplus.com\/da\/wp-json\/wp\/v2\/pages"}],"about":[{"href":"https:\/\/tplus.com\/da\/wp-json\/wp\/v2\/types\/page"}],"author":[{"embeddable":true,"href":"https:\/\/tplus.com\/da\/wp-json\/wp\/v2\/users\/1"}],"replies":[{"embeddable":true,"href":"https:\/\/tplus.com\/da\/wp-json\/wp\/v2\/comments?post=493576"}],"version-history":[{"count":4,"href":"https:\/\/tplus.com\/da\/wp-json\/wp\/v2\/pages\/493576\/revisions"}],"predecessor-version":[{"id":538183,"href":"https:\/\/tplus.com\/da\/wp-json\/wp\/v2\/pages\/493576\/revisions\/538183"}],"up":[{"embeddable":true,"href":"https:\/\/tplus.com\/da\/wp-json\/wp\/v2\/pages\/493565"}],"wp:attachment":[{"href":"https:\/\/tplus.com\/da\/wp-json\/wp\/v2\/media?parent=493576"}],"curies":[{"name":"wp","href":"https:\/\/api.w.org\/{rel}","templated":true}]}}