{"id":493578,"date":"2021-03-24T09:34:00","date_gmt":"2021-03-24T09:34:00","guid":{"rendered":"https:\/\/tplus.com\/om-testosteron\/foler-du-dig-slidt-krafteslos-og-traet-dette-kan-vaere-arsagen\/"},"modified":"2024-08-14T08:43:13","modified_gmt":"2024-08-14T08:43:13","slug":"foler-du-dig-slidt-krafteslos-og-traet-dette-kan-vaere-arsagen","status":"publish","type":"page","link":"https:\/\/tplus.com\/da\/om-testosteron\/foler-du-dig-slidt-krafteslos-og-traet-dette-kan-vaere-arsagen\/","title":{"rendered":"F\u00f8ler du dig slidt, kraftesl\u00f8s og tr\u00e6t? Dette kan v\u00e6re \u00e5rsagen"},"content":{"rendered":"<p><strong>F\u00f8ler du dig svag i kroppen og er konstant tr\u00e6t? For m\u00e6nd over 40 \u00e5r er der en almindelig \u00e5rsag til det.<\/strong><\/p>\n<h4>Testosteronmangel g\u00f8r dig kraftesl\u00f8s<\/h4>\n<p>Testosteron er et k\u00f8nshormon, der produceres naturligt i kroppen. M\u00e6nd har h\u00f8jere testosteronniveauer i kroppen end kvinder, hvilket er grunden til, at m\u00e6nd har st\u00f8rre muskler, mere h\u00e5rv\u00e6kst og en dybere stemme. Jo \u00e6ldre du bliver, jo mindre testosteron produceres der i kroppen. Testosteronmangel er en af de mest almindelige \u00e5rsager til, at m\u00e6nd i overgangsalderen f\u00f8ler sig kraftesl\u00f8se og tr\u00e6tte.<\/p>\n<h4>Hvad hj\u00e6lper p\u00e5 tr\u00e6thed?<\/h4>\n<p>Den naturlige produktion af testosteron falder med tiden, men det er muligt at f\u00e5 kroppen tilbage p\u00e5 sporet. Det er vigtigt for testosteronproduktionen at tr\u00e6ne og spise sundt, men du kan ogs\u00e5 hj\u00e6lpe din krop p\u00e5 vej ved at tage et kosttilskud, der hj\u00e6lper med at frigive det testosteron, der er bundet i kroppen.<\/p>\n<p><a href=\"https:\/\/tplus.com\/da\/om-kosttilskud-til-maend\/kosttilskud-til-maend-lovligt-og-receptfrit\/\"><u>L\u00e6s mere om kosttilskuddet T+<\/u><\/a><\/p>\n<h6>Bukkehornsekstrakt af h\u00f8j kvalitet frigiver testosteron, som er bundet i kroppen, forbedrer udviklingen af muskelmasse og fremmer forbr\u00e6ndingen. Zink hj\u00e6lper med at opretholde normale testosteronv\u00e6rdier samt normal fertilitet og reproduktionsevne. Riboflavin og pyridoxin hj\u00e6lper med at reducere tr\u00e6thed og mangel p\u00e5 energi samt opretholder og afbalancerer den hormonelle aktivitet. D-vitamin hj\u00e6lper med at styrke skelettet, knoglestrukturen og immunforsvaret og fremmer normal muskelfunktion. Magnesium og niacin bidrager til normal funktion for muskulaturen, energistofskiftet og nervesystemet.<\/h6>\n<div style=\"height:100px\" aria-hidden=\"true\" class=\"wp-block-spacer\"><\/div>\n","protected":false},"excerpt":{"rendered":"<p>F\u00f8ler du dig svag i kroppen og er konstant tr\u00e6t? For m\u00e6nd over 40 \u00e5r er der en almindelig \u00e5rsag til det. Testosteronmangel g\u00f8r dig kraftesl\u00f8s Testosteron er et k\u00f8nshormon, der produceres naturligt i kroppen. M\u00e6nd har h\u00f8jere testosteronniveauer i kroppen end kvinder, hvilket er grunden til, at m\u00e6nd har st\u00f8rre muskler, mere h\u00e5rv\u00e6kst og [&hellip;]<\/p>\n","protected":false},"author":1,"featured_media":0,"parent":493565,"menu_order":0,"comment_status":"closed","ping_status":"closed","template":"","meta":{"_acf_changed":false,"footnotes":""},"class_list":["post-493578","page","type-page","status-publish","hentry"],"acf":[],"jetpack_shortlink":"https:\/\/wp.me\/Pa2D6c-24oW","jetpack_sharing_enabled":true,"_links":{"self":[{"href":"https:\/\/tplus.com\/da\/wp-json\/wp\/v2\/pages\/493578","targetHints":{"allow":["GET"]}}],"collection":[{"href":"https:\/\/tplus.com\/da\/wp-json\/wp\/v2\/pages"}],"about":[{"href":"https:\/\/tplus.com\/da\/wp-json\/wp\/v2\/types\/page"}],"author":[{"embeddable":true,"href":"https:\/\/tplus.com\/da\/wp-json\/wp\/v2\/users\/1"}],"replies":[{"embeddable":true,"href":"https:\/\/tplus.com\/da\/wp-json\/wp\/v2\/comments?post=493578"}],"version-history":[{"count":3,"href":"https:\/\/tplus.com\/da\/wp-json\/wp\/v2\/pages\/493578\/revisions"}],"predecessor-version":[{"id":538181,"href":"https:\/\/tplus.com\/da\/wp-json\/wp\/v2\/pages\/493578\/revisions\/538181"}],"up":[{"embeddable":true,"href":"https:\/\/tplus.com\/da\/wp-json\/wp\/v2\/pages\/493565"}],"wp:attachment":[{"href":"https:\/\/tplus.com\/da\/wp-json\/wp\/v2\/media?parent=493578"}],"curies":[{"name":"wp","href":"https:\/\/api.w.org\/{rel}","templated":true}]}}