{"id":493580,"date":"2021-03-24T09:35:14","date_gmt":"2021-03-24T09:35:14","guid":{"rendered":"https:\/\/tplus.com\/om-testosteron\/hvordan-undgar-man-muskeltab\/"},"modified":"2024-08-14T08:44:31","modified_gmt":"2024-08-14T08:44:31","slug":"hvordan-undgar-man-muskeltab","status":"publish","type":"page","link":"https:\/\/tplus.com\/da\/om-testosteron\/hvordan-undgar-man-muskeltab\/","title":{"rendered":"Hvordan undg\u00e5r man muskeltab?"},"content":{"rendered":"<p><strong>Har du rundet de 40? S\u00e5 er det vigtigt, at du begynder at v\u00e6re opm\u00e6rksom p\u00e5 at forhindre muskeltab. L\u00e6s hvorfor \u2013 og hvad du kan g\u00f8re for at bevare dine muskler.<\/strong><\/p>\n<h4>Muskeltab<\/h4>\n<p>N\u00e5r vi stopper med at bruge vores muskler, reduceres muskelmassen hurtigt. Forskning viser, at man kan miste en tredjedel af muskelmassen allerede efter 14 dage uden motion.<\/p>\n<h4>Hvorfor er det vigtigt at have st\u00e6rke muskler?<\/h4>\n<p>Store muskler giver \u00f8get forbr\u00e6nding og giver dig mere overskud i hverdagen. P\u00e5 l\u00e6ngere sigt \u00f8ges chancerne for, at du forbliver sund, n\u00e5r du bliver \u00e6ldre, s\u00e5 du kan v\u00e6re aktiv og nyde livet som pensionist.<\/p>\n<h4>Hvordan opbygger man muskler?<\/h4>\n<p>Hvis du \u00f8nsker at blive st\u00f8rre og st\u00e6rkere, skal du regelm\u00e6ssigt belaste musklerne, for eksempel med <strong>styrketr\u00e6ning<\/strong>. N\u00e5r du l\u00f8fter tungt, aktiveres musklerne til bristepunktet. Kroppens reaktion er at \u00f8ge styrken i de p\u00e5g\u00e6ldende muskler. Fokuser p\u00e5 at tr\u00e6ne de store muskler, dvs. ben-, bryst- og rygmuskulaturen. \u00d8get styrke i disse muskelgrupper stimulerer kroppens naturlige produktion af testosteron \u2013 et k\u00f8nshormon, som musklerne er afh\u00e6ngige af.<\/p>\n<p>N\u00e5r du tr\u00e6ner, skal du s\u00f8rge for, at du f\u00e5r tilstr\u00e6kkeligt med <strong>s\u00f8vn<\/strong>, s\u00e5 muskulaturen har en chance for at restituere.<\/p>\n<p>Du b\u00f8r ogs\u00e5 holde styr p\u00e5, hvad du spiser, for at forhindre muskeltab. For det f\u00f8rste skal du spise nok. Kroppen har brug for ern\u00e6ring for at kunne udvikle sig. For det andet b\u00f8r kosten have en god balance mellem kulhydrater, protein og fedt. Kulhydraterne kan betragtes som h\u00e5ndv\u00e6rkerne og proteinet som byggematerialet. N\u00e6ringsstofferne har med andre ord ingen st\u00f8rre v\u00e6rdi, hvis de ikke kombineres med hinanden. Fedt har blandt andet en vigtig funktion for de indre organer.<\/p>\n<h4>Testosteron forhindrer muskeltab<\/h4>\n<p>N\u00e5r m\u00e6nd mister muskelmasse, er det en naturlig konsekvens af at blive \u00e6ldre og skyldes blandt andet et fald i m\u00e6ngden af testosteron i kroppen. Muskulaturen er nemlig afh\u00e6ngig af dette k\u00f8nshormon for at kunne udvikle sig. Derfor kan det v\u00e6re godt for m\u00e6nd i overgangsalderen, der \u00f8nsker at bevare deres muskler \u2013 og bremse aldringen \u2013 at bruge kosttilskud. Kosttilskud, der frigiver mere testosteron i kroppen, kan k\u00f8bes receptfrit. Desuden er det helt lovligt.<\/p>\n<p><a href=\"https:\/\/tplus.com\/da\/om-kosttilskud-til-maend\/kosttilskud-til-maend-lovligt-og-receptfrit\/\"><u>L\u00e6s mere om kosttilskuddet T+<\/u><\/a><\/p>\n<h6>Bukkehornsekstrakt af h\u00f8j kvalitet frigiver testosteron, som er bundet i kroppen, forbedrer udviklingen af muskelmasse og fremmer forbr\u00e6ndingen. Zink hj\u00e6lper med at opretholde normale testosteronv\u00e6rdier samt normal fertilitet og reproduktionsevne. Riboflavin og pyridoxin hj\u00e6lper med at reducere tr\u00e6thed og mangel p\u00e5 energi samt opretholder og afbalancerer den hormonelle aktivitet. D-vitamin hj\u00e6lper med at styrke skelettet, knoglestrukturen og immunforsvaret og fremmer normal muskelfunktion. Magnesium og niacin bidrager til normal funktion for muskulaturen, energistofskiftet og nervesystemet.<\/h6>\n<div style=\"height:100px\" aria-hidden=\"true\" class=\"wp-block-spacer\"><\/div>\n","protected":false},"excerpt":{"rendered":"<p>Har du rundet de 40? S\u00e5 er det vigtigt, at du begynder at v\u00e6re opm\u00e6rksom p\u00e5 at forhindre muskeltab. L\u00e6s hvorfor \u2013 og hvad du kan g\u00f8re for at bevare dine muskler. Muskeltab N\u00e5r vi stopper med at bruge vores muskler, reduceres muskelmassen hurtigt. Forskning viser, at man kan miste en tredjedel af muskelmassen allerede [&hellip;]<\/p>\n","protected":false},"author":1,"featured_media":0,"parent":493565,"menu_order":0,"comment_status":"closed","ping_status":"closed","template":"","meta":{"_acf_changed":false,"footnotes":""},"class_list":["post-493580","page","type-page","status-publish","hentry"],"acf":[],"jetpack_shortlink":"https:\/\/wp.me\/Pa2D6c-24oY","jetpack_sharing_enabled":true,"_links":{"self":[{"href":"https:\/\/tplus.com\/da\/wp-json\/wp\/v2\/pages\/493580","targetHints":{"allow":["GET"]}}],"collection":[{"href":"https:\/\/tplus.com\/da\/wp-json\/wp\/v2\/pages"}],"about":[{"href":"https:\/\/tplus.com\/da\/wp-json\/wp\/v2\/types\/page"}],"author":[{"embeddable":true,"href":"https:\/\/tplus.com\/da\/wp-json\/wp\/v2\/users\/1"}],"replies":[{"embeddable":true,"href":"https:\/\/tplus.com\/da\/wp-json\/wp\/v2\/comments?post=493580"}],"version-history":[{"count":3,"href":"https:\/\/tplus.com\/da\/wp-json\/wp\/v2\/pages\/493580\/revisions"}],"predecessor-version":[{"id":538184,"href":"https:\/\/tplus.com\/da\/wp-json\/wp\/v2\/pages\/493580\/revisions\/538184"}],"up":[{"embeddable":true,"href":"https:\/\/tplus.com\/da\/wp-json\/wp\/v2\/pages\/493565"}],"wp:attachment":[{"href":"https:\/\/tplus.com\/da\/wp-json\/wp\/v2\/media?parent=493580"}],"curies":[{"name":"wp","href":"https:\/\/api.w.org\/{rel}","templated":true}]}}