{"id":493581,"date":"2021-03-24T09:35:28","date_gmt":"2021-03-24T09:35:28","guid":{"rendered":"https:\/\/tplus.com\/om-testosteron\/fa-storre-selvtillid\/"},"modified":"2024-08-14T08:42:50","modified_gmt":"2024-08-14T08:42:50","slug":"fa-storre-selvtillid","status":"publish","type":"page","link":"https:\/\/tplus.com\/da\/om-testosteron\/fa-storre-selvtillid\/","title":{"rendered":"F\u00e5 st\u00f8rre selvtillid"},"content":{"rendered":"<p><strong>Hvad forbinder du med begrebet 40-\u00e5rskrise? M\u00e6nd, der pludselig k\u00f8ber en stor motorcykel eller starter op p\u00e5 h\u00e5rd tr\u00e6ning til Stockholm maraton eller Vasal\u00f8bet? Vi genkender sikkert alle manden, der efter de 40 skal til at realisere sig selv. Men ikke alle ved, at det ofte er hormon\u00e6ndringer, der st\u00e5r bag det. M\u00e6nd i overgangsalderen gennemg\u00e5r b\u00e5de fysiske og psykiske \u00e6ndringer, og det er ikke us\u00e6dvanligt, at selvtilliden f\u00e5r et kn\u00e6k.<\/strong><\/p>\n<h4>Hvad er selvtillid?<\/h4>\n<p>En person med god selvtillid stoler p\u00e5 sine evner og er sikker p\u00e5 sig selv og sine v\u00e6rdier. Det er almindeligt, at selvtilliden svigter i teenage\u00e5rene, n\u00e5r hormonbalancen \u00e6ndrer sig, og voksenlivet venter. Men de \u00e6ndringer i kroppen, der opst\u00e5r i overgangsalderen, kan ogs\u00e5 have en negativ indvirkning p\u00e5 selvtilliden.<\/p>\n<h4>Hvordan opn\u00e5r man st\u00f8rre selvtillid?<\/h4>\n<p>Mange m\u00e6nd, der har passeret 40, oplever b\u00e5de fysiske og psykiske \u00e6ndringer i takt med, at m\u00e6ngden af testosteron i kroppen falder. H\u00e5rtab, v\u00e6gtstigning, potensproblemer, mangel p\u00e5 energi og nedsat sexlyst er almindelige gener. For mange betyder det, at selvtilliden bliver d\u00e5rligere. Heldigvis kan man forbedre selvtilliden uden at ty til drastiske foranstaltninger s\u00e5som at tilmelde sig Vasal\u00f8bet eller k\u00f8be en motorcykel. En l\u00f8sning kan v\u00e6re at tage et kosttilskud, der frigiver mere af det testosteron, der er bundet i kroppen. Et dagligt indtag af T+ kan hj\u00e6lpe dig p\u00e5 sigt, s\u00e5 du f\u00e5r ro i sindet og f\u00f8ler dig mere sikker p\u00e5 dig selv.<\/p>\n<p><a href=\"https:\/\/tplus.com\/da\/om-kosttilskud-til-maend\/kosttilskud-til-maend-lovligt-og-receptfrit\/\"><u>L\u00e6s mere om kosttilskuddet T+<\/u><\/a><\/p>\n<h6>Bukkehornsekstrakt af h\u00f8j kvalitet frigiver testosteron, som er bundet i kroppen, forbedrer udviklingen af muskelmasse og fremmer forbr\u00e6ndingen. Zink hj\u00e6lper med at opretholde normale testosteronv\u00e6rdier samt normal fertilitet og reproduktionsevne. Riboflavin og pyridoxin hj\u00e6lper med at reducere tr\u00e6thed og mangel p\u00e5 energi samt opretholder og afbalancerer den hormonelle aktivitet. D-vitamin hj\u00e6lper med at styrke skelettet, knoglestrukturen og immunforsvaret og fremmer normal muskelfunktion. Magnesium og niacin bidrager til normal funktion for muskulaturen, energistofskiftet og nervesystemet.<\/h6>\n<div style=\"height:100px\" aria-hidden=\"true\" class=\"wp-block-spacer\"><\/div>\n","protected":false},"excerpt":{"rendered":"<p>Hvad forbinder du med begrebet 40-\u00e5rskrise? M\u00e6nd, der pludselig k\u00f8ber en stor motorcykel eller starter op p\u00e5 h\u00e5rd tr\u00e6ning til Stockholm maraton eller Vasal\u00f8bet? Vi genkender sikkert alle manden, der efter de 40 skal til at realisere sig selv. Men ikke alle ved, at det ofte er hormon\u00e6ndringer, der st\u00e5r bag det. M\u00e6nd i overgangsalderen [&hellip;]<\/p>\n","protected":false},"author":1,"featured_media":0,"parent":493565,"menu_order":0,"comment_status":"closed","ping_status":"closed","template":"","meta":{"_acf_changed":false,"footnotes":""},"class_list":["post-493581","page","type-page","status-publish","hentry"],"acf":[],"jetpack_shortlink":"https:\/\/wp.me\/Pa2D6c-24oZ","jetpack_sharing_enabled":true,"_links":{"self":[{"href":"https:\/\/tplus.com\/da\/wp-json\/wp\/v2\/pages\/493581","targetHints":{"allow":["GET"]}}],"collection":[{"href":"https:\/\/tplus.com\/da\/wp-json\/wp\/v2\/pages"}],"about":[{"href":"https:\/\/tplus.com\/da\/wp-json\/wp\/v2\/types\/page"}],"author":[{"embeddable":true,"href":"https:\/\/tplus.com\/da\/wp-json\/wp\/v2\/users\/1"}],"replies":[{"embeddable":true,"href":"https:\/\/tplus.com\/da\/wp-json\/wp\/v2\/comments?post=493581"}],"version-history":[{"count":3,"href":"https:\/\/tplus.com\/da\/wp-json\/wp\/v2\/pages\/493581\/revisions"}],"predecessor-version":[{"id":538180,"href":"https:\/\/tplus.com\/da\/wp-json\/wp\/v2\/pages\/493581\/revisions\/538180"}],"up":[{"embeddable":true,"href":"https:\/\/tplus.com\/da\/wp-json\/wp\/v2\/pages\/493565"}],"wp:attachment":[{"href":"https:\/\/tplus.com\/da\/wp-json\/wp\/v2\/media?parent=493581"}],"curies":[{"name":"wp","href":"https:\/\/api.w.org\/{rel}","templated":true}]}}