{"id":493587,"date":"2021-03-24T09:38:35","date_gmt":"2021-03-24T09:38:35","guid":{"rendered":"https:\/\/tplus.com\/om-t\/"},"modified":"2024-10-15T10:31:06","modified_gmt":"2024-10-15T10:31:06","slug":"om-t","status":"publish","type":"page","link":"https:\/\/tplus.com\/da\/om-t\/","title":{"rendered":"Om T+"},"content":{"rendered":"<div class=\"page\" title=\"Page 1\">\n<div class=\"layoutArea\">\n<div class=\"column\">\n<h3><strong>Et kosttilskud til m\u00e6nd<\/strong><\/h3>\n<p>Andropaus (overgangsalder) er en tilstand, der begynder i slutningen af trediverne og indeb\u00e6rer en r\u00e6kke \u00e6ndringer. Testosteronniveauet i kroppen falder, hvilket for mange medf\u00f8rer gener, der kan g\u00e5 ud over b\u00e5de den fysiske og psykiske sundhed.<\/p>\n<p>Alle mennesker er forskellige, og det g\u00e6lder ogs\u00e5, n\u00e5r vi taler om overgangsalderen hos m\u00e6nd. Hos nogle m\u00e6nd forekommer de f\u00f8rste symptomer p\u00e5 overgangsalderen allerede i slutningen af 30&#8217;erne, mens andre f\u00f8rst m\u00e6rker forandringen i kroppen, n\u00e5r de n\u00e6rmer sig 50. Det eneste, man kan vide sig sikker p\u00e5, er, at alle kommer i overgangsalderen f\u00f8r eller senere.<\/p>\n<h6><img loading=\"lazy\" decoding=\"async\" class=\"wp-image-506471\" src=\"https:\/\/tplus.com\/wp-content\/uploads\/2017\/11\/testosteron_alder-2.jpg\" alt=\"\" width=\"600\" height=\"321\" srcset=\"https:\/\/tplus.com\/wp-content\/uploads\/2017\/11\/testosteron_alder-2.jpg 1053w, https:\/\/tplus.com\/wp-content\/uploads\/2017\/11\/testosteron_alder-2-600x321.jpg 600w, https:\/\/tplus.com\/wp-content\/uploads\/2017\/11\/testosteron_alder-2-300x161.jpg 300w, https:\/\/tplus.com\/wp-content\/uploads\/2017\/11\/testosteron_alder-2-768x411.jpg 768w, https:\/\/tplus.com\/wp-content\/uploads\/2017\/11\/testosteron_alder-2-1024x548.jpg 1024w\" sizes=\"auto, (max-width: 600px) 100vw, 600px\" \/><br \/>\nFigur 1: M\u00e6nds testosteronproduktion i forskellige aldre.<\/h6>\n<p><strong><br \/>\nHvorfor har m\u00e6nd brug for T+?<\/strong><\/p>\n<p>T+ indeholder urter, vitaminer og mineraler. Bukkehornsekstrakt\u00a0frigiver mere af det testosteron, der er bundet i kroppen. M\u00e6ngden af frit testosteron i kroppen p\u00e5virker energien, muskelkraften, hum\u00f8ret og sexlysten hos m\u00e6nd.<\/p>\n<h3>T+ indeholder ingredienser med dokumenteret effekt:<\/h3>\n<\/div>\n<\/div>\n<\/div>\n<p><strong>Zink<br \/>\n<\/strong>Zink hj\u00e6lper med at opretholde normale testosteronv\u00e6rdier samt normal fertilitet og reproduktionsevne.<\/p>\n<p><strong>Bukkehorn<br \/>\n<\/strong>Hj\u00e6lper med at omdanne bundet testosteron til frit testosteron, s\u00e5 kroppen kan udnytte hormonet. Alle mennesker har testosteron i kroppen, b\u00e5de i bundet og ikke-bundet form. Kroppen bruger f\u00f8rst det frie testosteron.<\/p>\n<p><strong>Kobalamin, pyridoxin, riboflavin, niacin og thiamin<br \/>\n<\/strong>Riboflavin mindsker tr\u00e6thed og mangel p\u00e5 energi. Niacin bidrager til normalt stofskifte (forbr\u00e6nding). Thiamin bidrager til normal hjertefunktion, mens pyridoxin opretholder og balancerer den hormonelle aktivitet. Kobalamin bidrager til normal psykologisk funktion.<\/p>\n<p><strong>D-vitaminer<br \/>\n<\/strong>Styrker immunforsvaret, s\u00e5 du forbliver rask og styrker desuden skelettet og knoglestrukturen ved at bidrage til optagelsen af calcium. D-vitamin bidrager ogs\u00e5 til normal muskelfunktion.<\/p>\n<p><strong>Magnesium<br \/>\n<\/strong>Bidrager til normal funktion i muskulaturen og nervesystemet.<\/p>\n<h3><strong>Ingredienser<\/strong><\/h3>\n<p>Bukkehornsekstrakt (Trigonella foenum-graecum), antiklumpningsmiddel (microkristallinsk cellulose), magnesiumoxid, stabilisator (croscarmellose, silica), zinkcitrat dihydrat, kolekalciferol, tablethj\u00e6lpemiddel (magnesiumsalt af fedtsyrer), nicotinamid, D-pantotenat calcium, pyridoxinhydrochlorid, riboflavin, thiaminhydrochlorid, folsyre, kobalamin, D-biotin. Overfladebehandlingsmidler: hydroxypropylmethylecellulose (HPMC), glycerol.<\/p>\n<p><strong>Indholdsdeklaration<br \/>\n<\/strong><em>1 tablet indeholder. (% af referencev\u00e6rdien):<\/em>\u00a0<strong><br \/>\n<\/strong>Bukkehornsekstrakt: 600 mg (- %)<br \/>\nMg (magnesium): 60 mg (16 %)<br \/>\nZn (zink): 10 mg (100 %)<br \/>\nB1-vitamin (tiamin): 1,1 mg (100 %)<br \/>\nB2-vitamin (riboflavin): 1,4 mg (100 %)<br \/>\nNiacin (vitamin B3): 16 mg (100 %)<br \/>\nPantothensyre (B5-vitamin): 6 mg (100 %)<br \/>\nB6-vitamin (pyridoxin): 1,4 mg (100 %)<br \/>\nB12-vitamin (kobalamin): 2,5 \u03bcg (100 %)<br \/>\nFolsyre (B9-vitamin): 200 \u03bcg (100 %)<br \/>\nBiotin: 50 \u03bcg (100 %)<br \/>\nD3-vitamin (cholecalciferol): 10 \u03bcg (200 %)<\/p>\n<p><strong>Dosering<br \/>\n<\/strong>Anbefalet daglig dosis: 1 tablet. M\u00e5 ikke anvendes af b\u00f8rn og unge under 18 \u00e5r. Den anbefalede daglige dosis b\u00f8r ikke overskrides.<\/p>\n<p><strong>Produktkategori<br \/>\n<\/strong>Kosttilskud. B\u00f8r ikke bruges som alternativ til en varieret kost. Opbevares m\u00f8rkt og t\u00f8rt ved stuetemperatur eller lavere. Opbevares uden for b\u00f8rns r\u00e6kkevidde.<\/p>\n<h3>T+ i din daglige kost<\/h3>\n<p>Produktet indeholder naturlige aktive stoffer med dokumenteret virkning. Derfor b\u00f8r du bruge T+ regelm\u00e6ssigt. Tag mindst 1 tablet dagligt i 6-8 uger. Forts\u00e6t derefter med 1 tablet hver dag, og g\u00f8r det til en del af din livsstil.<\/p>\n","protected":false},"excerpt":{"rendered":"<p>Et kosttilskud til m\u00e6nd Andropaus (overgangsalder) er en tilstand, der begynder i slutningen af trediverne og indeb\u00e6rer en r\u00e6kke \u00e6ndringer. Testosteronniveauet i kroppen falder, hvilket for mange medf\u00f8rer gener, der kan g\u00e5 ud over b\u00e5de den fysiske og psykiske sundhed. Alle mennesker er forskellige, og det g\u00e6lder ogs\u00e5, n\u00e5r vi taler om overgangsalderen hos m\u00e6nd. [&hellip;]<\/p>\n","protected":false},"author":3,"featured_media":0,"parent":0,"menu_order":0,"comment_status":"closed","ping_status":"closed","template":"","meta":{"_acf_changed":false,"footnotes":""},"class_list":["post-493587","page","type-page","status-publish","hentry"],"acf":[],"jetpack_shortlink":"https:\/\/wp.me\/Pa2D6c-24p5","jetpack_sharing_enabled":true,"_links":{"self":[{"href":"https:\/\/tplus.com\/da\/wp-json\/wp\/v2\/pages\/493587","targetHints":{"allow":["GET"]}}],"collection":[{"href":"https:\/\/tplus.com\/da\/wp-json\/wp\/v2\/pages"}],"about":[{"href":"https:\/\/tplus.com\/da\/wp-json\/wp\/v2\/types\/page"}],"author":[{"embeddable":true,"href":"https:\/\/tplus.com\/da\/wp-json\/wp\/v2\/users\/3"}],"replies":[{"embeddable":true,"href":"https:\/\/tplus.com\/da\/wp-json\/wp\/v2\/comments?post=493587"}],"version-history":[{"count":7,"href":"https:\/\/tplus.com\/da\/wp-json\/wp\/v2\/pages\/493587\/revisions"}],"predecessor-version":[{"id":538834,"href":"https:\/\/tplus.com\/da\/wp-json\/wp\/v2\/pages\/493587\/revisions\/538834"}],"wp:attachment":[{"href":"https:\/\/tplus.com\/da\/wp-json\/wp\/v2\/media?parent=493587"}],"curies":[{"name":"wp","href":"https:\/\/api.w.org\/{rel}","templated":true}]}}