{"id":493597,"date":"2021-03-24T09:40:31","date_gmt":"2021-03-24T09:40:31","guid":{"rendered":"https:\/\/tplus.com\/sexlysttest-for-maend\/"},"modified":"2024-08-14T08:45:34","modified_gmt":"2024-08-14T08:45:34","slug":"sexlysttest-for-maend","status":"publish","type":"page","link":"https:\/\/tplus.com\/da\/sexlysttest-for-maend\/","title":{"rendered":"Sexlysttest for m\u00e6nd"},"content":{"rendered":"<p>Hvordan har din sexlyst det?&nbsp;Selvom det er en uformel test, er den s\u00e5 interessant, at b\u00e5de The Sun og Daily Mail har valgt at publicere den. Tag testen med 8 enkle sp\u00f8rgsm\u00e5l, der giver dig en pointscore. En lav score beh\u00f8ver ikke at betyde, at der er noget galt med dig, men kan give et fingerpeg om, at du skal g\u00f8re noget for at forbedre den seksuelle gnist.<\/p>\n","protected":false},"excerpt":{"rendered":"<p>Hvordan har din sexlyst det?&nbsp;Selvom det er en uformel test, er den s\u00e5 interessant, at b\u00e5de The Sun og Daily Mail har valgt at publicere den. Tag testen med 8 enkle sp\u00f8rgsm\u00e5l, der giver dig en pointscore. En lav score beh\u00f8ver ikke at betyde, at der er noget galt med dig, men kan give et [&hellip;]<\/p>\n","protected":false},"author":1,"featured_media":0,"parent":0,"menu_order":0,"comment_status":"closed","ping_status":"closed","template":"templates\/quiz-form-sextest.php","meta":{"_acf_changed":false,"footnotes":""},"class_list":["post-493597","page","type-page","status-publish","hentry"],"acf":[],"jetpack_shortlink":"https:\/\/wp.me\/Pa2D6c-24pf","jetpack_sharing_enabled":true,"_links":{"self":[{"href":"https:\/\/tplus.com\/da\/wp-json\/wp\/v2\/pages\/493597","targetHints":{"allow":["GET"]}}],"collection":[{"href":"https:\/\/tplus.com\/da\/wp-json\/wp\/v2\/pages"}],"about":[{"href":"https:\/\/tplus.com\/da\/wp-json\/wp\/v2\/types\/page"}],"author":[{"embeddable":true,"href":"https:\/\/tplus.com\/da\/wp-json\/wp\/v2\/users\/1"}],"replies":[{"embeddable":true,"href":"https:\/\/tplus.com\/da\/wp-json\/wp\/v2\/comments?post=493597"}],"version-history":[{"count":1,"href":"https:\/\/tplus.com\/da\/wp-json\/wp\/v2\/pages\/493597\/revisions"}],"predecessor-version":[{"id":493772,"href":"https:\/\/tplus.com\/da\/wp-json\/wp\/v2\/pages\/493597\/revisions\/493772"}],"wp:attachment":[{"href":"https:\/\/tplus.com\/da\/wp-json\/wp\/v2\/media?parent=493597"}],"curies":[{"name":"wp","href":"https:\/\/api.w.org\/{rel}","templated":true}]}}