{"id":494043,"date":"2018-06-20T20:47:24","date_gmt":"2018-06-20T20:47:24","guid":{"rendered":"https:\/\/tplus.com\/integritetspolicy\/"},"modified":"2021-11-09T14:44:33","modified_gmt":"2021-11-09T14:44:33","slug":"beskyttelse-af-personlige-opplysninger","status":"publish","type":"page","link":"https:\/\/tplus.com\/da\/beskyttelse-af-personlige-opplysninger\/","title":{"rendered":"Beskyttelse af personoplysninger"},"content":{"rendered":"<p>Hos Puromega Nordic AS er vi forpligtet til at beskytte vores kunders, leverand\u00f8rers og andres personoplysninger. I denne privatlivspolitik beskriver vi mere detaljeret, hvordan vi behandler personoplysninger i vores virksomhed, n\u00e5r du handler hos os via vores hjemmeside eller kontakter os p\u00e5 anden vis, f.eks. pr. e-mail, telefon eller ved hj\u00e6lp af vores kontaktformular.<\/p>\n<p>Nedenfor finder du oplysninger om, hvilke personoplysninger vi indsamler, hvorfor vi g\u00f8r det, og hvilke rettigheder du har i forbindelse med, at vi behandler dine personoplysninger.<\/p>\n<p>Den dataansvarlige for de personoplysninger, vi behandler, er Puromega Nordic AS i kraft af den administrerende direkt\u00f8r. Hvis du har sp\u00f8rgsm\u00e5l til, hvordan vi behandler personoplysninger, er vores kontaktoplysninger som f\u00f8lger:<\/p>\n<p>Adresse: Bj\u00f8rumsvegen 15, 4820 Froland, Norge<br \/>\nE-mail: <a href=\"mailto:support@tplus.com\">support@tplus.com<\/a><br \/>\nTelefon: +47 21095425<br \/>\nOrganisationsnummer: 9160 55 285<\/p>\n<h3>Hvorfor vi indsamler personoplysninger, og hvilke oplysninger vi indsamler<\/h3>\n<h4>Indledning<\/h4>\n<p>Vi indsamler og bruger personoplysninger til forskellige form\u00e5l, afh\u00e6ngigt af om det drejer sig om kontaktoplysninger til vores kunder eller leverand\u00f8rer, udsendelse af nyhedsbreve, eller om du kontakter os i forbindelse med andre form\u00e5l.<\/p>\n<h4>Dine bestillinger<\/h4>\n<p>N\u00e5r du afgiver en bestilling hos os, oprettes der et l\u00f8bende kundeforhold. I vores system gemmes oplysninger om navn, adresse, telefon, e-mail og f\u00f8dselsdato. Her registreres ogs\u00e5 oplysninger om indk\u00f8bte produkter og andre l\u00f8bende abonnementer.<\/p>\n<p>De personoplysninger, der registreres, er prim\u00e6rt oplysninger, som vi har brug for til at kunne levere varer til dig og kontakte dig i forbindelse med dit abonnement. Vi behandler personoplysningerne i henhold til den aftale, vi har indg\u00e5et med dig.<\/p>\n<p>Af sikkerhedsm\u00e6ssige \u00e5rsager gemmer vi ogs\u00e5 den IP-adresse, der bruges til at registrere bestillingen. Det g\u00f8r vi for at forhindre svindel. Puromega Nordic AS overf\u00f8rer sine fordringer til Arvato Finance AS, som h\u00e5ndterer fakturaindbetalinger og behandler personoplysninger om k\u00f8b foretaget hos Puromega Nordic AS.<\/p>\n<p>Vi er ogs\u00e5 forpligtet til at gemme personoplysninger, som leveres i forbindelse med bestillinger, der er afgivet for at opfylde vores forpligtelser i henhold til bestemmelser vedr\u00f8rende regnskab, h\u00e5ndtering af gebyrer og eventuel garanti-\/returh\u00e5ndtering. Det betyder, at historikken ikke slettes, f\u00f8r der er g\u00e5et mindst fem \u00e5r.<\/p>\n<h4>Kundeanmeldelser<\/h4>\n<p>N\u00e5r du opretter et kundeforhold til os, vil vi gerne vide, hvad du synes om produktet. Hvis du \u00f8nsker at komme med feedback, kan den blive offentliggjort p\u00e5 vores hjemmeside, hvis du giver dit samtykke til det. S\u00e5 vil dit navn fremg\u00e5, hvis du har oplyst det.<\/p>\n<h3>Brug af personoplysninger til markedsf\u00f8ringsform\u00e5l<\/h3>\n<h4><strong>Modtagelse af nyhedsbrev<\/strong><\/h4>\n<p>Vi tilbyder eksisterende og potentielle kunder at modtage nyhedsbreve, information om vores virksomhed, produktanbefalinger, konkurrencetilbud og andre tilbud pr. e-mail og sms.<\/p>\n<p>Det er frivilligt at modtage disse, og man kan afmelde sig fra vores nyhedsbrev. Det er nemt at afmelde sig fra e-maillisten ved at klikke p\u00e5 linket med afmelding fra nyhedsbrev forneden i den e-mail, du har modtaget, eller ved at kontakte os pr. telefon eller e-mail.<\/p>\n<p>For eksisterende kundeforhold sendes der oplysninger ud om vores varer i overensstemmelse med markedsf\u00f8ringsloven. Vi kan ogs\u00e5 sende nyhedsbreve, n\u00e5r kundeforholdet er oph\u00f8rt, eller til andre, der \u00f8nsker at modtage vores nyhedsbrev, men det sker i s\u00e5 fald med samtykke.<\/p>\n<h4>Brug af cookies<\/h4>\n<p>Vores hjemmeside bruger cookies, s\u00e5 vi kan analysere, hvor trafikken kommer fra, og hvad der klikkes p\u00e5, samt for at producere statistik m.m., s\u00e5 vi kan tilbyde bedre hjemmesider og markedsf\u00f8re vores produkter.<\/p>\n<p>Mere information om cookies og hvilke cookies, vi bruger, <a href=\"https:\/\/tplus.com\/da\/cookies\/\">kan findes her.<\/a><\/p>\n<h4>Sociale medier<\/h4>\n<p>Puromega Nordic AS bruger aktivt sociale medier som Facebook, Instagram og Snapchat. Bem\u00e6rk, at hvis du bes\u00f8ger os via s\u00e5danne medier, er det disse websteders privatlivspolitikker, der g\u00e6lder.<\/p>\n<p>I de sociale medier deler vi nyheder, gode tilbud og konkurrencer. Hvis du deltager i en konkurrence via sociale medier, skal personoplysninger om dig kunne registreres i vores system. Disse registreringer foretages, n\u00e5r du har givet dit samtykke.<\/p>\n<p>Vi bruger ogs\u00e5 sociale medier til direkte markedsf\u00f8ring, og reklamer om vores produkter kan derfor blive delt p\u00e5 din profil i sociale medier. I forbindelse med dette bruger vi din e-mailadresse til at kunne m\u00e5lrette reklamer. Vi udleverer kun din e-mailadresse til tredjeparter, n\u00e5r vi har indhentet dit samtykke.<\/p>\n<h4>Udlevering af personoplysninger til andre<\/h4>\n<p>Personoplysninger udleveres kun til andre, hvis det er tilladt ved lov eller i de tilf\u00e6lde, der er angivet i denne privatlivspolitik. Dette g\u00e6lder is\u00e6r i forbindelse med levering af bestilte produkter, bogf\u00f8ring eller markedsf\u00f8ring, eller hvis du p\u00e5 forh\u00e5nd har givet tilladelse til det. I forbindelse med leverancer vil for eksempel de tjenesteudbydere, vi bruger (spedit\u00f8rer, logistikvirksomheder, banker), f\u00e5 adgang til de oplysninger, de skal bruge til at foretage bestillingen. Tjenesteudbyderne har kun tilladelse til at bruge oplysningerne med det form\u00e5l at udf\u00f8re deres specifikke opgaver.<\/p>\n<p>Puromega Nordic AS bruger eksterne tjenesteudbydere (databehandlere), som kan behandle personoplysninger p\u00e5 vores vegne. Ved s\u00e5danne lejligheder indg\u00e5r vi skriftlige databehandleraftaler for at beskytte informationssikkerheden i alle faser af behandlingen. Hvis du \u00f8nsker oplysninger om vores databehandlere, kan du kontakte os pr. e-mail eller telefon.<\/p>\n<p>Al behandling, som vi foretager af personoplysninger, finder sted inden for EU\/E\u00d8S-omr\u00e5det.<\/p>\n<h4>Lagring og beskyttelse af personoplysninger<\/h4>\n<p>Vi gemmer dine personoplysninger, s\u00e5 l\u00e6nge det er n\u00f8dvendigt til det form\u00e5l, hvormed personoplysningerne blev indsamlet. Det betyder f.eks., at personoplysninger, som vi behandler med dit samtykke, slettes, hvis du tr\u00e6kker dit samtykke tilbage.\u00a0De personoplysninger, vi behandler for at gennemf\u00f8re en kontrakt med dig, slettes, n\u00e5r aftalen er fuldf\u00f8rt, og alle aftalem\u00e6ssige eller lovbestemte forpligtelser er opfyldt.<\/p>\n<p>Puromega Nordic AS tager sikkerhedsproblemer alvorligt og udf\u00f8rer regelm\u00e6ssigt kontrol for at sikre, at dine personoplysninger h\u00e5ndteres korrekt.<\/p>\n<h4>Dine rettigheder, n\u00e5r vi behandler dine personoplysninger<\/h4>\n<p>Du kan kr\u00e6ve at f\u00e5 indsyn ii, hvilke personoplysninger vi har registreret om dig, og du kan til enhver tid kr\u00e6ve, at de \u00e6ndres, rettes eller slettes.<\/p>\n<p>Sp\u00f8rgsm\u00e5l om h\u00e5ndtering af personoplysninger, rettelse, sletning og lignende kan rettes til <a href=\"mailto:support@tplus.com\">support@tplus.com<\/a>. Vi vil bede dig om at bekr\u00e6fte din identitet eller komme med yderligere oplysninger, f\u00f8r du kan ud\u00f8ve dine rettigheder. Det g\u00f8r vi for at sikre, at vi kun udleverer dine personoplysninger til dig \u2013 og ikke til andre, som udgiver sig for at v\u00e6re dig.<\/p>\n<h4>Ret til dataportabilitet<\/h4>\n<p>Du har ret til at f\u00e5 de personoplysninger, du har givet os, udleveret i et struktureret format, der kan overf\u00f8res. Det kaldes retten til dataportabilitet og g\u00e6lder for oplysninger, du har givet os ved samtykke eller efter aftale. Du kan finde yderligere oplysninger om disse rettigheder p\u00e5 Datatilsynets hjemmeside: <a href=\"http:\/\/www.datainspektionen.se\">www.datatilsynet.dk<\/a>.<\/p>\n<p>Klager<br \/>\nHvis du mener, at vores behandling af personoplysninger ikke stemmer overens med den beskrivelse, vi giver her, eller at vi p\u00e5 anden vis overtr\u00e6der persondatalovgivningen, kan du henvende dig til Datatilsynet. Du kan finde oplysninger om, hvordan du kontakter Datatilsynet, p\u00e5 deres hjemmeside: <a href=\"http:\/\/www.datainspektionen.se\">www.datatilsynet.dk<\/a>.<\/p>\n<h4>\u00c6ndringer<\/h4>\n<p>Hvis vores tjenester eller reglerne for behandling af personoplysninger \u00e6ndres, kan de oplysninger, du har f\u00e5et her, \u00e6ndre sig. Opdaterede oplysninger er altid let tilg\u00e6ngelige p\u00e5 vores hjemmeside.<\/p>\n","protected":false},"excerpt":{"rendered":"<p>Hos Puromega Nordic AS er vi forpligtet til at beskytte vores kunders, leverand\u00f8rers og andres personoplysninger. I denne privatlivspolitik beskriver vi mere detaljeret, hvordan vi behandler personoplysninger i vores virksomhed, n\u00e5r du handler hos os via vores hjemmeside eller kontakter os p\u00e5 anden vis, f.eks. pr. e-mail, telefon eller ved hj\u00e6lp af vores kontaktformular. Nedenfor [&hellip;]<\/p>\n","protected":false},"author":3,"featured_media":0,"parent":0,"menu_order":0,"comment_status":"closed","ping_status":"closed","template":"","meta":{"_acf_changed":false,"footnotes":""},"class_list":["post-494043","page","type-page","status-publish","hentry"],"acf":[],"jetpack_shortlink":"https:\/\/wp.me\/Pa2D6c-24wr","jetpack_sharing_enabled":true,"_links":{"self":[{"href":"https:\/\/tplus.com\/da\/wp-json\/wp\/v2\/pages\/494043","targetHints":{"allow":["GET"]}}],"collection":[{"href":"https:\/\/tplus.com\/da\/wp-json\/wp\/v2\/pages"}],"about":[{"href":"https:\/\/tplus.com\/da\/wp-json\/wp\/v2\/types\/page"}],"author":[{"embeddable":true,"href":"https:\/\/tplus.com\/da\/wp-json\/wp\/v2\/users\/3"}],"replies":[{"embeddable":true,"href":"https:\/\/tplus.com\/da\/wp-json\/wp\/v2\/comments?post=494043"}],"version-history":[{"count":4,"href":"https:\/\/tplus.com\/da\/wp-json\/wp\/v2\/pages\/494043\/revisions"}],"predecessor-version":[{"id":507956,"href":"https:\/\/tplus.com\/da\/wp-json\/wp\/v2\/pages\/494043\/revisions\/507956"}],"wp:attachment":[{"href":"https:\/\/tplus.com\/da\/wp-json\/wp\/v2\/media?parent=494043"}],"curies":[{"name":"wp","href":"https:\/\/api.w.org\/{rel}","templated":true}]}}