{"id":514061,"date":"2022-11-15T08:08:28","date_gmt":"2022-11-15T08:08:28","guid":{"rendered":"https:\/\/tplus.com\/?page_id=514061"},"modified":"2024-08-14T08:07:59","modified_gmt":"2024-08-14T08:07:59","slug":"personvernerklaering","status":"publish","type":"page","link":"https:\/\/tplus.com\/no\/personvernerklaering\/","title":{"rendered":"Personvernerkl\u00e6ring"},"content":{"rendered":"<p>Vi i Puromega Nordic AS er opptatt av at personopplysninger om v\u00e5re kunder, leverand\u00f8rer og andre ivaretas p\u00e5 en god m\u00e5te. Denne personvernerkl\u00e6ringen gir deg en n\u00e6rmere beskrivelse av hvordan vi behandler personopplysninger i v\u00e5r virksomhet og n\u00e5r du handler av oss via v\u00e5r nettside eller er i kontakt med oss p\u00e5 annen m\u00e5te, som f. eks via e-post, telefon eller kontakt oss skjema.<\/p>\n<p>Nedenfor finner du derfor informasjon om personopplysninger som samles inn, hvorfor vi gj\u00f8r dette og dine rettigheter knyttet til behandlingen av personopplysningene.<\/p>\n<p>Behandlingsansvarlig for personopplysningene vi behandler er Puromega Nordic AS ved daglig leder. For sp\u00f8rsm\u00e5l du m\u00e5tte ha om v\u00e5r behandling av dine personopplysninger er v\u00e5r kontaktinformasjon som f\u00f8lger:<\/p>\n<p>Adresse: Bj\u00f8rumsvegen 15, 4820 Froland<br \/>E-post: <a href=\"mailto:kundeservice@tpluss.no\">kundeservice@tpluss.no<\/a><br \/>Telefon: +47 21095425<br \/>Organisasjonsnr.: 9160 55 285<\/p>\n<h3>Hvorfor samler vi inn personopplysninger og hva slags opplysninger samler vi inn:<\/h3>\n<h4>Innledning<\/h4>\n<p>Vi samler inn og bruker dine personopplysninger til ulike form\u00e5l avhengig av om det er kontaktinformasjon til v\u00e5re kunder, leverand\u00f8rer, utsendelse av nyhetsbrev, eller om du tar kontakt med oss i andre henseender.<\/p>\n<h4>Dine bestillinger<\/h4>\n<p>N\u00e5r du foretar en bestilling hos oss opprettes det et l\u00f8pende kundeforhold. I v\u00e5rt system lagres opplysninger om navn, adresse, telefon, e-post og f\u00f8dselsdato. Her registreres ogs\u00e5 informasjon om kj\u00f8pte produkter og andre l\u00f8pende abonnement hos oss.<\/p>\n<p>Personopplysningene som registreres er i hovedsak opplysninger vi trenger for \u00e5 levere varene til deg, samt kontakte deg om forhold i forbindelse med abonnementet. Behandlingen av personopplysningene skjer p\u00e5 grunnlag av avtale med deg.<\/p>\n<p>Vi oppbevarer av sikkerhetshensyn ogs\u00e5 IP-adressen som er benyttet for \u00e5 registrere bestillingen. Dette gj\u00f8r vi for \u00e5 forhindre svindel. Puromega Nordic AS overdrar sine fordringer til Arvato Finance AS, som vil h\u00e5ndtere fakturabetalinger, samt behandle personopplysninger om kj\u00f8p foretatt hos Puromega Nordic AS.<\/p>\n<p>Vi er videre p\u00e5lagt \u00e5 oppbevare personopplysninger avgitt i forbindelse med bestillinger for \u00e5 oppfylle v\u00e5re forpliktelser etter regnskapslovgivning, avgiftsh\u00e5ndtering og eventuell garanti-\/returh\u00e5ndtering. Dette inneb\u00e6rer at denne historikken ikke slettes f\u00f8r det har g\u00e5tt minst fem \u00e5r.<\/p>\n<h4>Kundehistorier<\/h4>\n<p>Ved opprettelse av et kundeforhold hos oss \u00f8nsker vi gjerne din tilbakemelding p\u00e5 hva du synes om produktet. Dersom du \u00f8nsker \u00e5 gi oss din tilbakemelding publiseres denne p\u00e5 v\u00e5r nettside etter samtykke fra deg. Her vil navnet ditt fremg\u00e5 dersom dette er oppgitt.<\/p>\n<h3>Bruk av personopplysninger til markedsf\u00f8ringsform\u00e5l:<\/h3>\n<h4>Mottakelse av nyhetsbrev<\/h4>\n<p>Vi tilbyr eksisterende og potensielle kunder \u00e5 motta nyhetsbrev, informasjon om v\u00e5r virksomhet,\u00a0produktanbefalinger, konkurranser eller motta andre tilbud via e-post og sms.<\/p>\n<p>Det er frivillig \u00e5 motta dette, og man kan melde seg av v\u00e5rt nyhetsbrev. Det gj\u00f8res enkelt ved \u00e5 klikke p\u00e5 \u00abmeld meg av nyhetsbrev\u00bb nederst i e-posten som\u00a0mottas eller ved \u00e5 ta kontakt med oss per telefon eller e-post.<\/p>\n<p>For eksisterende kundeforhold sendes informasjon om v\u00e5re varer i medhold av markedsf\u00f8ringsloven \u00a7 15. Vi\u00a0sender ogs\u00e5 nyhetsbrev etter opph\u00f8r av kundeforholdet eller andre som \u00f8nsker \u00e5 motta nyhetsbrev, men da\u00a0etter samtykke fra deg.<\/p>\n<h4>Bruk av cookies<\/h4>\n<p>V\u00e5r nettside benytter informasjonskapsler (cookies) for \u00e5 kunne analysere hvor trafikken kommer fra, hva som blir trykket p\u00e5, utarbeidelse av statistikk med mer for \u00e5 kunne tilby bedre nettsider og markedsf\u00f8re v\u00e5re produkter.\u00a0Du kan lese mer om <a href=\"https:\/\/tplus.com\/no\/cookies-personvern\/\">cookies og hvilke cookies vi benytter her<\/a><\/p>\n<h4>Sosiale medier<\/h4>\n<p>Puromega Nordic AS er aktiv bruker av sosiale medier som Facebook, Instagram, Snapchat. Vi gj\u00f8r oppmerksom p\u00e5 at dersom du bes\u00f8ker oss via slike medier er det personvernerkl\u00e6ringen til dette nettstedet som gjelder.<\/p>\n<p>P\u00e5 sosiale medier vil vi legge ut nyheter, gode tilbud og konkurranser. Dersom du deltar p\u00e5 en konkurranse via sosiale medier vil personopplysninger om deg kunne bli registrert i v\u00e5rt system. En slik registrering baserer vi p\u00e5 samtykke fra deg.<\/p>\n<p>Vi benytter oss ogs\u00e5 av sosiale medier for direkte markedsf\u00f8ring, ved at annonser om v\u00e5re produkter vil kunne fremkomme p\u00e5 din profil p\u00e5 sosiale medier. I denne forbindelse deler vi e-posten din for \u00e5 komme med m\u00e5lrettede annonser. Vi vil kun dele e-posten din med tredjeparter etter samtykke fra deg.<\/p>\n<h4>Utlevering av personopplysninger til andre<\/h4>\n<p>Personopplysningene videreformidles bare til andre i tilfeller der loven tillater det eller dersom det er angitt i denne personvernerkl\u00e6ringen. Dette er spesielt i forbindelse med \u00e5 levere en bestilling, til bokf\u00f8ringsform\u00e5l, markedsf\u00f8ring eller dersom du p\u00e5 forh\u00e5nd har gitt tillatelse til det. I forbindelse med en leveranse vil f.eks. tjenesteleverand\u00f8rene vi bruker (transport\u00f8rer, logistikkforetak, banker) f\u00e5 tilgang til de opplysningene de trenger for \u00e5 gjennomf\u00f8re bestillingen. Tjenesteleverand\u00f8rene har kun adgang til \u00e5 bruke opplysningene til \u00e5 utf\u00f8re sine definerte oppgaver.<\/p>\n<p>Puromega Nordic AS benytter seg av eksterne tjenesteleverand\u00f8rer (databehandlere) som kan komme til \u00e5 behandle personopplysninger p\u00e5 v\u00e5re vegne. I slike tilfeller har vi inng\u00e5tt skriftlige databehandleravtaler for \u00e5 ivareta informasjonssikkerheten i alle ledd av behandlingen. Dersom du \u00f8nsker informasjon om v\u00e5re databehandlere kan du ta kontakt med oss per e-post eller telefon.<\/p>\n<p>All behandling av personopplysninger som vi foretar skjer innenfor EU\/E\u00d8S-omr\u00e5det.<\/p>\n<h4>Lagring og sikring av personopplysninger<\/h4>\n<p>Vi lagrer dine personopplysninger s\u00e5 lenge det er n\u00f8dvendig for det form\u00e5l personopplysningene ble samlet inn for. Dette betyr for eksempel at personopplysninger som vi behandler p\u00e5 grunnlag av ditt samtykke slettes, hvis du trekker ditt samtykke.<\/p>\n<p>Personopplysninger vi behandler for \u00e5 oppfylle en avtale med deg slettes n\u00e5r avtalen er oppfylt og alle plikter som f\u00f8lger av avtaleforholdet eller lov er oppfylt.<\/p>\n<p>Puromega Nordic AS tar sikkerhet p\u00e5 alvor og gjennomf\u00f8rer jevnlig kontroller for \u00e5 sikre at dine personopplysninger ivaretas p\u00e5 en god m\u00e5te.<\/p>\n<h4>Dine rettigheter n\u00e5r vi behandler personopplysninger om deg<\/h4>\n<p>Du har krav p\u00e5 innsyn i de personopplysningene vi har registrert om deg, og kan til enhver tid kreve retting, korrigering eller sletting av opplysningene vi behandler.<\/p>\n<p>Sp\u00f8rsm\u00e5l om v\u00e5r behandling av personopplysninger om deg, retting, sletting eller annet kan rettes til <a href=\"mailto:kundeservice@tpluss.no\">kundeservice@tpluss.no<\/a>. Vi vil be deg om \u00e5 bekrefte identiteten din eller \u00e5 oppgi ytterligere informasjon f\u00f8r vi lar deg ta i bruk dine rettigheter overfor oss. Dette gj\u00f8r vi for \u00e5 v\u00e6re sikre p\u00e5 at vi kun gir tilgang til dine personopplysninger til deg \u2013 og ikke noen som gir seg ut for \u00e5 v\u00e6re deg.<\/p>\n<h4>Rett til dataportabilitet<\/h4>\n<p>Du har rett til \u00e5 f\u00e5 utlevert personopplysninger du selv har gitt oss om deg, i et strukturert format, som kan overf\u00f8res til andre. Dette kalles retten til dataportabilitet og gjelder opplysninger du har gitt oss basert p\u00e5 samtykke eller avtale. Du kan lese mer om innholdet i disse rettighetene p\u00e5 Datatilsynets nettside: <a href=\"http:\/\/www.datatilsynet.no\">www.datatilsynet.no.<\/a><\/p>\n<h4>Klage<\/h4>\n<p>Dersom du mener at v\u00e5r behandling av personopplysninger ikke stemmer med det vi har beskrevet her eller at vi p\u00e5 andre m\u00e5ter bryter personvernlovgivningen, s\u00e5 kan du klage til Datatilsynet. Du finner informasjon om hvordan kontakte Datatilsynet p\u00e5 Datatilsynets nettsider: <a href=\"http:\/\/www.datatilsynet.no\">www.datatilsynet.no.<\/a><\/p>\n<h4>Endringer<\/h4>\n<p>Hvis det skulle skje endring av v\u00e5re tjenester eller endringer i regelverket om behandling av personopplysninger, kan det medf\u00f8re forandring i informasjonen du er gitt her. Oppdatert informasjon alltid finnes lett tilgjengelig p\u00e5 v\u00e5r nettside.<\/p>\n\n\n<p><\/p>\n","protected":false},"excerpt":{"rendered":"<p>Vi i Puromega Nordic AS er opptatt av at personopplysninger om v\u00e5re kunder, leverand\u00f8rer og andre ivaretas p\u00e5 en god m\u00e5te. Denne personvernerkl\u00e6ringen gir deg en n\u00e6rmere beskrivelse av hvordan vi behandler personopplysninger i v\u00e5r virksomhet og n\u00e5r du handler av oss via v\u00e5r nettside eller er i kontakt med oss p\u00e5 annen m\u00e5te, som [&hellip;]<\/p>\n","protected":false},"author":1,"featured_media":0,"parent":0,"menu_order":0,"comment_status":"closed","ping_status":"closed","template":"","meta":{"_acf_changed":false,"footnotes":""},"class_list":["post-514061","page","type-page","status-publish","hentry"],"acf":[],"jetpack_shortlink":"https:\/\/wp.me\/Pa2D6c-29Jj","jetpack_sharing_enabled":true,"_links":{"self":[{"href":"https:\/\/tplus.com\/no\/wp-json\/wp\/v2\/pages\/514061","targetHints":{"allow":["GET"]}}],"collection":[{"href":"https:\/\/tplus.com\/no\/wp-json\/wp\/v2\/pages"}],"about":[{"href":"https:\/\/tplus.com\/no\/wp-json\/wp\/v2\/types\/page"}],"author":[{"embeddable":true,"href":"https:\/\/tplus.com\/no\/wp-json\/wp\/v2\/users\/1"}],"replies":[{"embeddable":true,"href":"https:\/\/tplus.com\/no\/wp-json\/wp\/v2\/comments?post=514061"}],"version-history":[{"count":1,"href":"https:\/\/tplus.com\/no\/wp-json\/wp\/v2\/pages\/514061\/revisions"}],"predecessor-version":[{"id":514062,"href":"https:\/\/tplus.com\/no\/wp-json\/wp\/v2\/pages\/514061\/revisions\/514062"}],"wp:attachment":[{"href":"https:\/\/tplus.com\/no\/wp-json\/wp\/v2\/media?parent=514061"}],"curies":[{"name":"wp","href":"https:\/\/api.w.org\/{rel}","templated":true}]}}