{"id":506736,"date":"2021-09-10T07:42:49","date_gmt":"2021-09-10T07:42:49","guid":{"rendered":"https:\/\/tplus.com\/co-oznacza-witalnosc\/"},"modified":"2021-09-27T08:12:46","modified_gmt":"2021-09-27T08:12:46","slug":"co-oznacza-witalnosc","status":"publish","type":"page","link":"https:\/\/tplus.com\/pl\/o-testosteronie\/co-oznacza-witalnosc\/","title":{"rendered":"Co oznacza witalno\u015b\u0107?"},"content":{"rendered":"<p><strong>Witalna osoba ma nieod\u0142\u0105czn\u0105 ch\u0119\u0107 do \u017cycia. Pod wieloma wzgl\u0119dami witalno\u015b\u0107 kojarzona jest z m\u0142odo\u015bci\u0105 i dobrym zdrowiem \u2013 to co\u015b do czego d\u0105\u017cy wi\u0119kszo\u015b\u0107 z nas.<\/strong><\/p>\n<h4>Znaczenie witalno\u015bci u m\u0119\u017cczyzn<\/h4>\n<p>Aktywny m\u0119\u017cczyzna jest energiczny, silny i ma zdrowy pop\u0119d seksualny. Na witalno\u015b\u0107 ma wp\u0142yw wiele czynnik\u00f3w. Jednym z najwa\u017cniejszych jest poziom testosteronu we krwi.<\/p>\n<h4>Suplementy diety poprawiaj\u0105ce jako\u015b\u0107 \u017cycia<\/h4>\n<p>Produkcja testosteronu (hormonu p\u0142ciowego) spada z biegiem lat i nierzadko m\u0119\u017cczy\u017ani tu\u017c po czterdziestce mog\u0105 ju\u017c odczuwa\u0107 objawy zwi\u0105zane ze spadkiem poziomu testosteronu w ich organizmie. Istnieje suplement diety, kt\u00f3ry pomaga uwolni\u0107 do organizmu wi\u0119cej testosteronu zwi\u0105zanego. Dla m\u0119\u017cczyzn po 40 roku \u017cycia jest to jeden z naj\u0142atwiejszych sposob\u00f3w na zwi\u0119kszenie witalno\u015bci i ch\u0119ci do \u017cycia.<\/p>\n<p><a href=\"https:\/\/tplus.com\/pl\/o-suplementach-dla-mezczyzn\/suplementy-dla-mezczyzn-legalne-i-bez-recepty\/\"><u>Przeczytaj wi\u0119cej o suplemencie diety T+<\/u><\/a><\/p>\n<h6>Ekstrakt z kozieradki uwalnia testosteron zwi\u0105zany do krwiobiegu, poprawia rozw\u00f3j masy mi\u0119\u015bniowej i wspomaga metabolizm. Cynk pomaga w utrzymaniu prawid\u0142owego poziomu testosteronu, prawid\u0142owej p\u0142odno\u015bci i zdolno\u015bci rozrodczych. Ryboflawina i pirydoksyna pomagaj\u0105 zmniejszy\u0107 zm\u0119czenie i brak energii oraz utrzyma\u0107 i zr\u00f3wnowa\u017cy\u0107 aktywno\u015b\u0107 hormonaln\u0105. Witamina D pomaga wzmocni\u0107 ko\u015bci, struktur\u0119 szkieletu i uk\u0142ad odporno\u015bciowy oraz wspomaga prawid\u0142owe funkcjonowanie mi\u0119\u015bni. Magnez i niacyna przyczyniaj\u0105 si\u0119 do prawid\u0142owego funkcjonowania muskulatury, metabolizmu energii i uk\u0142adu nerwowego.<\/h6>\n<div class=\"wp-block-spacer\" style=\"height: 100px;\" aria-hidden=\"true\"><\/div>\n","protected":false},"excerpt":{"rendered":"<p>Witalna osoba ma nieod\u0142\u0105czn\u0105 ch\u0119\u0107 do \u017cycia. Pod wieloma wzgl\u0119dami witalno\u015b\u0107 kojarzona jest z m\u0142odo\u015bci\u0105 i dobrym zdrowiem \u2013 to co\u015b do czego d\u0105\u017cy wi\u0119kszo\u015b\u0107 z nas. Znaczenie witalno\u015bci u m\u0119\u017cczyzn Aktywny m\u0119\u017cczyzna jest energiczny, silny i ma zdrowy pop\u0119d seksualny. Na witalno\u015b\u0107 ma wp\u0142yw wiele czynnik\u00f3w. Jednym z najwa\u017cniejszych jest poziom testosteronu we krwi. [&hellip;]<\/p>\n","protected":false},"author":1,"featured_media":0,"parent":506745,"menu_order":0,"comment_status":"closed","ping_status":"closed","template":"","meta":{"_acf_changed":false,"footnotes":""},"class_list":["post-506736","page","type-page","status-publish","hentry"],"acf":[],"jetpack_shortlink":"https:\/\/wp.me\/Pa2D6c-27Pa","jetpack_sharing_enabled":true,"_links":{"self":[{"href":"https:\/\/tplus.com\/pl\/wp-json\/wp\/v2\/pages\/506736","targetHints":{"allow":["GET"]}}],"collection":[{"href":"https:\/\/tplus.com\/pl\/wp-json\/wp\/v2\/pages"}],"about":[{"href":"https:\/\/tplus.com\/pl\/wp-json\/wp\/v2\/types\/page"}],"author":[{"embeddable":true,"href":"https:\/\/tplus.com\/pl\/wp-json\/wp\/v2\/users\/1"}],"replies":[{"embeddable":true,"href":"https:\/\/tplus.com\/pl\/wp-json\/wp\/v2\/comments?post=506736"}],"version-history":[{"count":3,"href":"https:\/\/tplus.com\/pl\/wp-json\/wp\/v2\/pages\/506736\/revisions"}],"predecessor-version":[{"id":507209,"href":"https:\/\/tplus.com\/pl\/wp-json\/wp\/v2\/pages\/506736\/revisions\/507209"}],"up":[{"embeddable":true,"href":"https:\/\/tplus.com\/pl\/wp-json\/wp\/v2\/pages\/506745"}],"wp:attachment":[{"href":"https:\/\/tplus.com\/pl\/wp-json\/wp\/v2\/media?parent=506736"}],"curies":[{"name":"wp","href":"https:\/\/api.w.org\/{rel}","templated":true}]}}