{"id":506745,"date":"2021-09-10T07:42:53","date_gmt":"2021-09-10T07:42:53","guid":{"rendered":"https:\/\/tplus.com\/o-testosteronie\/"},"modified":"2021-09-15T14:07:19","modified_gmt":"2021-09-15T14:07:19","slug":"o-testosteronie","status":"publish","type":"page","link":"https:\/\/tplus.com\/pl\/o-testosteronie\/","title":{"rendered":"O testosteronie"},"content":{"rendered":"<p>Testosteron, m\u0119ski hormon p\u0142ciowy, pomaga m\u0119\u017cczyznom mie\u0107 g\u0142\u0119boki g\u0142os, g\u0119ste ow\u0142osienie, du\u017ce mi\u0119\u015bnie i zdolno\u015b\u0107 do reprodukcji. Poziom testosteronu osi\u0105ga szczyt mi\u0119dzy 20 a 30 rokiem \u017cycia, po czym powoli, ale zdecydowanie spada. Wi\u0119kszo\u015b\u0107 m\u0119\u017cczyzn stopniowo do\u015bwiadcza tego spadku w postaci zmian zar\u00f3wno fizycznych, jak i psychicznych.<\/p>\n<p><a class=\"btn btn--link\" href=\"https:\/\/tplus.com\/pl\/o-testosteronie\/co-to-jest-testosteron\/\">Czym jest testosteron?<\/a><\/p>\n","protected":false},"excerpt":{"rendered":"<p>Testosteron, m\u0119ski hormon p\u0142ciowy, pomaga m\u0119\u017cczyznom mie\u0107 g\u0142\u0119boki g\u0142os, g\u0119ste ow\u0142osienie, du\u017ce mi\u0119\u015bnie i zdolno\u015b\u0107 do reprodukcji. Poziom testosteronu osi\u0105ga szczyt mi\u0119dzy 20 a 30 rokiem \u017cycia, po czym powoli, ale zdecydowanie spada. Wi\u0119kszo\u015b\u0107 m\u0119\u017cczyzn stopniowo do\u015bwiadcza tego spadku w postaci zmian zar\u00f3wno fizycznych, jak i psychicznych. Czym jest testosteron?<\/p>\n","protected":false},"author":1,"featured_media":0,"parent":0,"menu_order":0,"comment_status":"closed","ping_status":"closed","template":"templates\/page-with-childs.php","meta":{"_acf_changed":false,"footnotes":""},"class_list":["post-506745","page","type-page","status-publish","hentry"],"acf":[],"jetpack_shortlink":"https:\/\/wp.me\/Pa2D6c-27Pj","jetpack_sharing_enabled":true,"_links":{"self":[{"href":"https:\/\/tplus.com\/pl\/wp-json\/wp\/v2\/pages\/506745","targetHints":{"allow":["GET"]}}],"collection":[{"href":"https:\/\/tplus.com\/pl\/wp-json\/wp\/v2\/pages"}],"about":[{"href":"https:\/\/tplus.com\/pl\/wp-json\/wp\/v2\/types\/page"}],"author":[{"embeddable":true,"href":"https:\/\/tplus.com\/pl\/wp-json\/wp\/v2\/users\/1"}],"replies":[{"embeddable":true,"href":"https:\/\/tplus.com\/pl\/wp-json\/wp\/v2\/comments?post=506745"}],"version-history":[{"count":5,"href":"https:\/\/tplus.com\/pl\/wp-json\/wp\/v2\/pages\/506745\/revisions"}],"predecessor-version":[{"id":506967,"href":"https:\/\/tplus.com\/pl\/wp-json\/wp\/v2\/pages\/506745\/revisions\/506967"}],"wp:attachment":[{"href":"https:\/\/tplus.com\/pl\/wp-json\/wp\/v2\/media?parent=506745"}],"curies":[{"name":"wp","href":"https:\/\/api.w.org\/{rel}","templated":true}]}}