{"id":506748,"date":"2021-09-10T07:42:54","date_gmt":"2021-09-10T07:42:54","guid":{"rendered":"https:\/\/tplus.com\/o-testosteronie\/zmniejszony-poped-seksualny-u-mezczyzn\/"},"modified":"2021-09-27T09:12:09","modified_gmt":"2021-09-27T09:12:09","slug":"zmniejszony-poped-seksualny-u-mezczyzn","status":"publish","type":"page","link":"https:\/\/tplus.com\/pl\/o-testosteronie\/zmniejszony-poped-seksualny-u-mezczyzn\/","title":{"rendered":"Zmniejszony pop\u0119d seksualny u m\u0119\u017cczyzn"},"content":{"rendered":"<p><strong>Czy brakuje Ci energii potrzebnej do udanego \u017cycia seksualnego? Czy czujesz, \u017ce seks sta\u0142 si\u0119 bardziej ci\u0119\u017carem ni\u017c przyjemno\u015bci\u0105? Wielu m\u0119\u017cczyzn odczuwa, \u017ce ich po\u017c\u0105danie seksualne z biegiem lat s\u0142abnie lub ca\u0142kowicie zanika.<\/strong><\/p>\n<h4>Przyczyny niskiego pop\u0119du seksualnego<\/h4>\n<p>Po\u017c\u0105daniem seksualnym rz\u0105dz\u0105 zar\u00f3wno czynniki zewn\u0119trzne, jak i wewn\u0119trzne. Dlatego nierzadko zdarza si\u0119, \u017ce pop\u0119d seksualny zmniejsza si\u0119 podczas stresuj\u0105cych okres\u00f3w lub powa\u017cnych zmian w \u017cyciu. Po\u017c\u0105danie seksualne cz\u0119sto powraca, ale u m\u0119\u017cczyzn jest ono r\u00f3wnie\u017c kontrolowane przez poziom testosteronu \u2013 hormon p\u0142ciowy wytwarzany naturalnie w organizmie ju\u017c w stadium embrionalnym. Poziom testosteronu spada jednak wraz z wiekiem. U niekt\u00f3rych pop\u0119d seksualny zmniejsza si\u0119 stopniowo, podczas gdy u innych nast\u0119puje to nagle.<\/p>\n<h4>Jak mo\u017cna zwi\u0119kszy\u0107 po\u017c\u0105danie seksualne m\u0119\u017cczyzn?<\/h4>\n<p>Istnieje suplement diety, kt\u00f3ry pomaga uwolni\u0107 wi\u0119cej testosteronu zwi\u0105zanego w organizmie, co mo\u017ce mie\u0107 pozytywny wp\u0142yw na pop\u0119d seksualny. Suplement diety zawieraj\u0105cy cynk pomaga w utrzymaniu prawid\u0142owego poziomu testosteronu, prawid\u0142owej p\u0142odno\u015bci i zdolno\u015bci rozrodczych.* Efekt dzia\u0142ania suplementu diety T+ pojawia si\u0119 zwykle po 6-8 tygodniach.<\/p>\n<p><a href=\"https:\/\/tplus.com\/pl\/o-suplementach-dla-mezczyzn\/suplementy-dla-mezczyzn-legalne-i-bez-recepty\/\"><u>Przeczytaj wi\u0119cej o suplemencie diety T+<\/u><\/a><\/p>\n<h6>Ekstrakt z kozieradki uwalnia testosteron zwi\u0105zany do krwiobiegu, poprawia rozw\u00f3j masy mi\u0119\u015bniowej i wspomaga metabolizm. Cynk pomaga w utrzymaniu prawid\u0142owego poziomu testosteronu, prawid\u0142owej p\u0142odno\u015bci i zdolno\u015bci rozrodczych. Ryboflawina i pirydoksyna pomagaj\u0105 zmniejszy\u0107 zm\u0119czenie i brak energii oraz utrzyma\u0107 i zr\u00f3wnowa\u017cy\u0107 aktywno\u015b\u0107 hormonaln\u0105. Witamina D pomaga wzmocni\u0107 ko\u015bci, struktur\u0119 szkieletu i uk\u0142ad odporno\u015bciowy oraz wspomaga prawid\u0142owe funkcjonowanie mi\u0119\u015bni. Magnez i niacyna przyczyniaj\u0105 si\u0119 do prawid\u0142owego funkcjonowania muskulatury, metabolizmu energii i uk\u0142adu nerwowego.<\/h6>\n<div class=\"wp-block-spacer\" style=\"height: 100px;\" aria-hidden=\"true\"><\/div>\n","protected":false},"excerpt":{"rendered":"<p>Czy brakuje Ci energii potrzebnej do udanego \u017cycia seksualnego? Czy czujesz, \u017ce seks sta\u0142 si\u0119 bardziej ci\u0119\u017carem ni\u017c przyjemno\u015bci\u0105? Wielu m\u0119\u017cczyzn odczuwa, \u017ce ich po\u017c\u0105danie seksualne z biegiem lat s\u0142abnie lub ca\u0142kowicie zanika. Przyczyny niskiego pop\u0119du seksualnego Po\u017c\u0105daniem seksualnym rz\u0105dz\u0105 zar\u00f3wno czynniki zewn\u0119trzne, jak i wewn\u0119trzne. Dlatego nierzadko zdarza si\u0119, \u017ce pop\u0119d seksualny zmniejsza si\u0119 [&hellip;]<\/p>\n","protected":false},"author":1,"featured_media":0,"parent":506745,"menu_order":0,"comment_status":"closed","ping_status":"closed","template":"","meta":{"_acf_changed":false,"footnotes":""},"class_list":["post-506748","page","type-page","status-publish","hentry"],"acf":[],"jetpack_shortlink":"https:\/\/wp.me\/Pa2D6c-27Pm","jetpack_sharing_enabled":true,"_links":{"self":[{"href":"https:\/\/tplus.com\/pl\/wp-json\/wp\/v2\/pages\/506748","targetHints":{"allow":["GET"]}}],"collection":[{"href":"https:\/\/tplus.com\/pl\/wp-json\/wp\/v2\/pages"}],"about":[{"href":"https:\/\/tplus.com\/pl\/wp-json\/wp\/v2\/types\/page"}],"author":[{"embeddable":true,"href":"https:\/\/tplus.com\/pl\/wp-json\/wp\/v2\/users\/1"}],"replies":[{"embeddable":true,"href":"https:\/\/tplus.com\/pl\/wp-json\/wp\/v2\/comments?post=506748"}],"version-history":[{"count":2,"href":"https:\/\/tplus.com\/pl\/wp-json\/wp\/v2\/pages\/506748\/revisions"}],"predecessor-version":[{"id":507214,"href":"https:\/\/tplus.com\/pl\/wp-json\/wp\/v2\/pages\/506748\/revisions\/507214"}],"up":[{"embeddable":true,"href":"https:\/\/tplus.com\/pl\/wp-json\/wp\/v2\/pages\/506745"}],"wp:attachment":[{"href":"https:\/\/tplus.com\/pl\/wp-json\/wp\/v2\/media?parent=506748"}],"curies":[{"name":"wp","href":"https:\/\/api.w.org\/{rel}","templated":true}]}}