{"id":506749,"date":"2021-09-10T07:42:54","date_gmt":"2021-09-10T07:42:54","guid":{"rendered":"https:\/\/tplus.com\/test-testosteronu\/"},"modified":"2022-03-12T16:50:23","modified_gmt":"2022-03-12T16:50:23","slug":"test-testosteronu","status":"publish","type":"page","link":"https:\/\/tplus.com\/pl\/test-testosteronu\/","title":{"rendered":"TestTestosteronu"},"content":{"rendered":"<p>ADAM (niedob\u00f3r androgen\u00f3w u starzej\u0105cych si\u0119 m\u0119\u017cczyzn) to TestTestosteronu, kt\u00f3ry mo\u017ce wskaza\u0107 jego poziom w organizmie. Test sk\u0142ada si\u0119 z dziesi\u0119ciu pyta\u0144. Niski ca\u0142kowity wynik niekoniecznie oznacza, \u017ce potrzebujesz leczenia, ale mo\u017ce wskazywa\u0107, \u017ce musisz co\u015b zrobi\u0107 z jego poziomem. Badania wykazuj\u0105, \u017ce test ten pom\u00f3g\u0142 wykry\u0107 niedob\u00f3r hormonu u 80 % badanych.<\/p>\n<p><strong>Test jest ca\u0142kowicie anonimowy<\/strong>, po jego wype\u0142nieniu zostaniesz przekierowany na stron\u0119 z wynikiem oraz jego ocen\u0105.<\/p>\n\n\n<p><\/p>\n","protected":false},"excerpt":{"rendered":"<p>ADAM (niedob\u00f3r androgen\u00f3w u starzej\u0105cych si\u0119 m\u0119\u017cczyzn) to TestTestosteronu, kt\u00f3ry mo\u017ce wskaza\u0107 jego poziom w organizmie. Test sk\u0142ada si\u0119 z dziesi\u0119ciu pyta\u0144. Niski ca\u0142kowity wynik niekoniecznie oznacza, \u017ce potrzebujesz leczenia, ale mo\u017ce wskazywa\u0107, \u017ce musisz co\u015b zrobi\u0107 z jego poziomem. Badania wykazuj\u0105, \u017ce test ten pom\u00f3g\u0142 wykry\u0107 niedob\u00f3r hormonu u 80 % badanych. Test jest [&hellip;]<\/p>\n","protected":false},"author":1,"featured_media":0,"parent":0,"menu_order":0,"comment_status":"closed","ping_status":"closed","template":"templates\/quiz-form.php","meta":{"footnotes":""},"acf":[],"jetpack_shortlink":"https:\/\/wp.me\/Pa2D6c-27Pn","_links":{"self":[{"href":"https:\/\/tplus.com\/pl\/wp-json\/wp\/v2\/pages\/506749"}],"collection":[{"href":"https:\/\/tplus.com\/pl\/wp-json\/wp\/v2\/pages"}],"about":[{"href":"https:\/\/tplus.com\/pl\/wp-json\/wp\/v2\/types\/page"}],"author":[{"embeddable":true,"href":"https:\/\/tplus.com\/pl\/wp-json\/wp\/v2\/users\/1"}],"replies":[{"embeddable":true,"href":"https:\/\/tplus.com\/pl\/wp-json\/wp\/v2\/comments?post=506749"}],"version-history":[{"count":5,"href":"https:\/\/tplus.com\/pl\/wp-json\/wp\/v2\/pages\/506749\/revisions"}],"predecessor-version":[{"id":511453,"href":"https:\/\/tplus.com\/pl\/wp-json\/wp\/v2\/pages\/506749\/revisions\/511453"}],"wp:attachment":[{"href":"https:\/\/tplus.com\/pl\/wp-json\/wp\/v2\/media?parent=506749"}],"curies":[{"name":"wp","href":"https:\/\/api.w.org\/{rel}","templated":true}]}}