{"id":506753,"date":"2021-09-10T07:42:55","date_gmt":"2021-09-10T07:42:55","guid":{"rendered":"https:\/\/tplus.com\/skontaktuj-sie-z-nami\/"},"modified":"2022-02-08T10:01:58","modified_gmt":"2022-02-08T10:01:58","slug":"skontaktuj-sie-z-nami","status":"publish","type":"page","link":"https:\/\/tplus.com\/pl\/skontaktuj-sie-z-nami\/","title":{"rendered":"Skontaktuj si\u0119 z nami"},"content":{"rendered":"\n<p>Masz pytania dotycz\u0105ce suplementu diety T+? Skontaktuj si\u0119 z nami.<\/p>\n\n\n\n<p>Email:<br><a href=\"mailto:support@tplus.com\">support@tplus.com<\/a><br><\/p>\n\n\n\n<p>Numer telefonu:<br>+47 21095425<br>(poniedzia\u0142ek &#8211; pi\u0105tek 10:00 &#8211; 15:00)<\/p>\n","protected":false},"excerpt":{"rendered":"<p>Masz pytania dotycz\u0105ce suplementu diety T+? Skontaktuj si\u0119 z nami. Email:support@tplus.com Numer telefonu:+47 21095425(poniedzia\u0142ek &#8211; pi\u0105tek 10:00 &#8211; 15:00)<\/p>\n","protected":false},"author":1,"featured_media":0,"parent":0,"menu_order":0,"comment_status":"closed","ping_status":"closed","template":"","meta":{"footnotes":""},"acf":[],"jetpack_shortlink":"https:\/\/wp.me\/Pa2D6c-27Pr","_links":{"self":[{"href":"https:\/\/tplus.com\/pl\/wp-json\/wp\/v2\/pages\/506753"}],"collection":[{"href":"https:\/\/tplus.com\/pl\/wp-json\/wp\/v2\/pages"}],"about":[{"href":"https:\/\/tplus.com\/pl\/wp-json\/wp\/v2\/types\/page"}],"author":[{"embeddable":true,"href":"https:\/\/tplus.com\/pl\/wp-json\/wp\/v2\/users\/1"}],"replies":[{"embeddable":true,"href":"https:\/\/tplus.com\/pl\/wp-json\/wp\/v2\/comments?post=506753"}],"version-history":[{"count":2,"href":"https:\/\/tplus.com\/pl\/wp-json\/wp\/v2\/pages\/506753\/revisions"}],"predecessor-version":[{"id":511203,"href":"https:\/\/tplus.com\/pl\/wp-json\/wp\/v2\/pages\/506753\/revisions\/511203"}],"wp:attachment":[{"href":"https:\/\/tplus.com\/pl\/wp-json\/wp\/v2\/media?parent=506753"}],"curies":[{"name":"wp","href":"https:\/\/api.w.org\/{rel}","templated":true}]}}