{"id":506754,"date":"2021-09-10T07:42:56","date_gmt":"2021-09-10T07:42:56","guid":{"rendered":"https:\/\/tplus.com\/o-t\/"},"modified":"2024-10-15T10:31:48","modified_gmt":"2024-10-15T10:31:48","slug":"o-t","status":"publish","type":"page","link":"https:\/\/tplus.com\/pl\/o-t\/","title":{"rendered":"O T+"},"content":{"rendered":"<div class=\"page\" title=\"Page 1\">\n<div class=\"layoutArea\">\n<div class=\"column\">\n<h3><strong>Pobudzaj\u0105cy suplement diety dla m\u0119\u017cczyzn<\/strong><\/h3>\n<p>Andropauza (zwi\u0105zany z wiekiem niski poziom testosteronu) to stan, kt\u00f3ry zaczyna si\u0119 przed czterdziestk\u0105 i obejmuje wiele r\u00f3\u017cnych zmian. Poziom testosteronu w organizmie spada, co wielu m\u0119\u017cczyzn odczuwa jako objawy mog\u0105ce os\u0142abi\u0107 zdrowie fizyczne i psychiczne.<\/p>\n<p>Ka\u017cdy z nas jest inny, co odnosi si\u0119 r\u00f3wnie\u017c do zwi\u0105zanego z wiekiem niskiego poziomu testosteronu u m\u0119\u017cczyzn. U niekt\u00f3rych pierwsze objawy pojawiaj\u0105 si\u0119 ju\u017c po trzydziestce, podczas gdy inni odczuwaj\u0105 te zmiany w ciele dopiero po pi\u0119\u0107dziesi\u0105tce. Jedyne, czego mo\u017cesz by\u0107 pewien, to to, \u017ce ka\u017cdy wcze\u015bniej do\u015bwiadczy zmian spowodowanych zmieniaj\u0105cym si\u0119 poziomem testosteronu<\/p>\n<h6><img decoding=\"async\" loading=\"lazy\" class=\"wp-image-506473\" src=\"https:\/\/tplus.com\/wp-content\/uploads\/2017\/11\/testosteron_alder-2.jpg\" alt=\"\" width=\"600\" height=\"321\" srcset=\"https:\/\/tplus.com\/wp-content\/uploads\/2017\/11\/testosteron_alder-2.jpg 1053w, https:\/\/tplus.com\/wp-content\/uploads\/2017\/11\/testosteron_alder-2-600x321.jpg 600w, https:\/\/tplus.com\/wp-content\/uploads\/2017\/11\/testosteron_alder-2-300x161.jpg 300w, https:\/\/tplus.com\/wp-content\/uploads\/2017\/11\/testosteron_alder-2-768x411.jpg 768w, https:\/\/tplus.com\/wp-content\/uploads\/2017\/11\/testosteron_alder-2-1024x548.jpg 1024w\" sizes=\"(max-width: 600px) 100vw, 600px\" \/><br \/>\nRysunek 1: Produkcja testosteronu u m\u0119\u017cczyzn w r\u00f3\u017cnym wieku.<\/h6>\n<p><strong><br \/>\nDlaczego m\u0119\u017cczy\u017ani potrzebuj\u0105 T+?<\/strong><\/p>\n<p>T+ zawiera naturalne zio\u0142a, witaminy i minera\u0142y. Kozieradka zawieraj\u0105ca a\u017c 70 % saponin uwalnia wi\u0119cej testosteronu zwi\u0105zanego kt\u00f3ry jest w organizmie. Ilo\u015b\u0107 wolnego testosteronu w organizmie wp\u0142ywa na energi\u0119 m\u0119\u017cczyzn, si\u0142\u0119 mi\u0119\u015bni, nastr\u00f3j i po\u017c\u0105danie seksualne.<\/p>\n<h3>T+ zawiera sk\u0142adniki o udowodnionym dzia\u0142aniu:<\/h3>\n<\/div>\n<\/div>\n<\/div>\n<p><strong>Cynk<br \/>\n<\/strong>Cynk pomaga w utrzymaniu prawid\u0142owego poziomu testosteronu, prawid\u0142owej p\u0142odno\u015bci i zdolno\u015bci rozrodczych.<\/p>\n<p><strong>Kozieradka<br \/>\n<\/strong>Pomaga przekszta\u0142ci\u0107 testosteron zwi\u0105zany w testosteron wolny, dzi\u0119ki czemu mo\u017ce zosta\u0107 wch\u0142oni\u0119ty przez organizm. T+ zawiera kozieradk\u0119 zawieraj\u0105c\u0105 a\u017c 70% saponin. Testosteron wyst\u0119puje w organizmie u ka\u017cdej osoby, zar\u00f3wno zwi\u0105zany, jak i wolny. To w\u0142a\u015bnie ten wolny nasz organizm zu\u017cywa jako pierwszy.<\/p>\n<p><strong>Kobalamina, pirydoksyna, ryboflawina, niacyna i tiamina<br \/>\n<\/strong>Ryboflawina zmniejsza zm\u0119czenie i os\u0142abienie. Niacyna przyczynia si\u0119 do prawid\u0142owej przemiany energii (metabolizmu). Tiamina przyczynia si\u0119 do prawid\u0142owego funkcjonowania serca, a pirydoksyna utrzymuje i r\u00f3wnowa\u017cy aktywno\u015b\u0107 hormonaln\u0105. Kobalamina przyczynia si\u0119 do prawid\u0142owego funkcjonowania psychicznego.<\/p>\n<p><strong>Witamina D<br \/>\n<\/strong>Wzmacnia uk\u0142ad odporno\u015bciowy, dzi\u0119ki czemu zachowujesz zdrowie, a tak\u017ce wzmacnia ko\u015bci i struktur\u0119 szkieletu poprzez zwi\u0119kszenie wch\u0142aniania wapnia. Witamina D przyczynia si\u0119 r\u00f3wnie\u017c do prawid\u0142owego funkcjonowania mi\u0119\u015bni.<\/p>\n<p><strong>Magnez<br \/>\n<\/strong>Przyczynia si\u0119 do prawid\u0142owego funkcjonowania mi\u0119\u015bni i uk\u0142adu nerwowego.<\/p>\n<h3><strong>Sk\u0142adniki<\/strong><\/h3>\n<p>Ekstrakt z kozieradki z 70% saponinami (Trigonella foenum-graecum), substancja przeciwzbrylaj\u0105ca (celuloza mikrokrystaliczna), tlenek magnezu, emulgator (kroskarmeloza sodowa, krzemionka koloidalna), dwuwodny cytrynian cynku, cholekalcyferol, \u015brodek wi\u0105\u017c\u0105cy pigu\u0142ki (sole magnezowe kwas\u00f3w t\u0142uszczowych), nikotynamid, D-pantotenian wapnia, chlorowodorek pirydoksyny, ryboflawina, chlorowodorek tiaminy, kwas foliowy, kobalamina, D-biotyna. \u015arodki do obr\u00f3bki powierzchni: hydroksypropylometyloceluloza (HPMC), glicerol.<\/p>\n<p><strong>Zawarto\u015b\u0107<br \/>\n<\/strong><em>1 tabletka zawiera. (% warto\u015bci referencyjnej):<\/em>\u00a0<strong><br \/>\n<\/strong>Ekstrakt z kozieradki: 600 mg (- %)<br \/>\nMg (magnez): 60 mg (16%)<br \/>\nZn (cynk): 10 mg (100%)<br \/>\nWitamina B1 (tiamina): 1,1 mg (100%)<br \/>\nWitamina B2 (ryboflawina): 1,4 mg (100%)<br \/>\nNiacyna (witamina Bz): 16 mg (100%)<br \/>\nKwas pantotenowy (witamina B5): 6 mg (100%)<br \/>\nWitamina B6 (pirydoksyna): 1,4 mg (100%)<br \/>\nWitamina B12 (kobalamina): 2,5 \u03bcg (100%)<br \/>\nKwas foliowy (witamina B9): 200 \u03bcg (100%)<br \/>\nBiotyna: 50 \u03bcg (100%)<br \/>\nWitamina D3 (cholekalcyferol): 10 \u03bcg (200%)<\/p>\n<p><strong>Dawkowanie<br \/>\n<\/strong>Zalecana dzienna porcja: 1 tabletka. Nie stosowa\u0107 u dzieci i m\u0142odzie\u017cy poni\u017cej 18 roku \u017cycia. Nie nale\u017cy przekracza\u0107 zalecanej dziennej dawki.<\/p>\n<p><strong>Kategoria produktu<br \/>\n<\/strong>Suplement diety. Nie powinien by\u0107 stosowany jako alternatywa dla zr\u00f3\u017cnicowanej diety. Przechowywa\u0107 w ciemnym i suchym miejscu w temperaturze pokojowej lub ni\u017cszej. Trzyma\u0107 z dala od dzieci.<\/p>\n<h3>T+ w codziennej diecie<\/h3>\n<p>Produkt zawiera naturalne substancje aktywne o udowodnionym dzia\u0142aniu. Dlatego powiniene\u015b regularnie bra\u0107 T+. Przyjmuj co najmniej jedn\u0105 tabletk\u0119 dziennie przez 6 do 8 tygodni. Nast\u0119pnie kontynuuj przyjmowanie jednej tabletki ka\u017cdego dnia i uczy\u0144 j\u0105 cz\u0119\u015bci\u0105 swojego stylu \u017cycia.<\/p>\n","protected":false},"excerpt":{"rendered":"<p>Pobudzaj\u0105cy suplement diety dla m\u0119\u017cczyzn Andropauza (zwi\u0105zany z wiekiem niski poziom testosteronu) to stan, kt\u00f3ry zaczyna si\u0119 przed czterdziestk\u0105 i obejmuje wiele r\u00f3\u017cnych zmian. Poziom testosteronu w organizmie spada, co wielu m\u0119\u017cczyzn odczuwa jako objawy mog\u0105ce os\u0142abi\u0107 zdrowie fizyczne i psychiczne. Ka\u017cdy z nas jest inny, co odnosi si\u0119 r\u00f3wnie\u017c do zwi\u0105zanego z wiekiem niskiego [&hellip;]<\/p>\n","protected":false},"author":3,"featured_media":0,"parent":0,"menu_order":0,"comment_status":"closed","ping_status":"closed","template":"","meta":{"footnotes":""},"acf":[],"jetpack_shortlink":"https:\/\/wp.me\/Pa2D6c-27Ps","_links":{"self":[{"href":"https:\/\/tplus.com\/pl\/wp-json\/wp\/v2\/pages\/506754"}],"collection":[{"href":"https:\/\/tplus.com\/pl\/wp-json\/wp\/v2\/pages"}],"about":[{"href":"https:\/\/tplus.com\/pl\/wp-json\/wp\/v2\/types\/page"}],"author":[{"embeddable":true,"href":"https:\/\/tplus.com\/pl\/wp-json\/wp\/v2\/users\/3"}],"replies":[{"embeddable":true,"href":"https:\/\/tplus.com\/pl\/wp-json\/wp\/v2\/comments?post=506754"}],"version-history":[{"count":4,"href":"https:\/\/tplus.com\/pl\/wp-json\/wp\/v2\/pages\/506754\/revisions"}],"predecessor-version":[{"id":538835,"href":"https:\/\/tplus.com\/pl\/wp-json\/wp\/v2\/pages\/506754\/revisions\/538835"}],"wp:attachment":[{"href":"https:\/\/tplus.com\/pl\/wp-json\/wp\/v2\/media?parent=506754"}],"curies":[{"name":"wp","href":"https:\/\/api.w.org\/{rel}","templated":true}]}}