{"id":506757,"date":"2021-09-09T07:42:57","date_gmt":"2021-09-09T07:42:57","guid":{"rendered":"https:\/\/tplus.com\/suplementy-dla-mezczyzn-legalne-i-bez-recepty\/"},"modified":"2021-09-27T07:40:56","modified_gmt":"2021-09-27T07:40:56","slug":"suplementy-dla-mezczyzn-legalne-i-bez-recepty","status":"publish","type":"page","link":"https:\/\/tplus.com\/pl\/o-suplementach-dla-mezczyzn\/suplementy-dla-mezczyzn-legalne-i-bez-recepty\/","title":{"rendered":"Suplementy dla m\u0119\u017cczyzn \u2013 legalne i bez recepty"},"content":{"rendered":"<p><strong>Czy wiesz, \u017ce testosteron jest naturalnym hormonem wytwarzanym przez organizm przez ca\u0142e \u017cycie, a proces ten zaczyna si\u0119 ju\u017c gdy jeste\u015b embrionem? Ilo\u015b\u0107 testosteronu w organizmie spada wraz z wiekiem, a wielu m\u0119\u017cczyzn zaczyna odczuwa\u0107 skutki zwi\u0105zanego z wiekiem niskiego poziomu testosteronu ju\u017c po czterdziestce.<\/strong><\/p>\n<h4>Z\u0142agod\u017a uci\u0105\u017cliwe skutki spadku poziomu testosteronu, stosuj\u0105c suplement diety dla m\u0119\u017cczyzn<\/h4>\n<p>Nasilenie skutk\u00f3w zwi\u0105zanego z wiekiem niskiego poziomu testosteronu jest r\u00f3\u017cne, ale wi\u0119kszo\u015b\u0107 m\u0119\u017cczyzn do\u015bwiadcza nast\u0119puj\u0105cych objaw\u00f3w:<\/p>\n<ul>\n<li>Niski poziom energii<\/li>\n<li>Mniejsza masa mi\u0119\u015bniowa<\/li>\n<li>Wahania nastroju<\/li>\n<li>Niski pop\u0119d seksualny<\/li>\n<\/ul>\n<p>W po\u0142\u0105czeniu ze zdrowym stylem \u017cycia, T+ mo\u017ce pom\u00f3c Ci odzyska\u0107 energi\u0119 i ch\u0119\u0107 do \u017cycia. W przeciwie\u0144stwie do suplement\u00f3w testosteronu (leku, kt\u00f3ry musi przepisa\u0107 lekarz), T+ jest naturalnym suplementem diety, kt\u00f3ry uwalnia testosteron ju\u017c obecny w organizmie (w postaci zwi\u0105zanej). Innymi s\u0142owy, T+ nie dodaje testosteronu, ale pomaga wch\u0142on\u0105\u0107 testosteron ju\u017c dost\u0119pny w twoim ciele. Czy jeste\u015b gotowy do prowadzenia codziennego \u017cycia, w kt\u00f3rym faktycznie masz energi\u0119 do \u0107wicze\u0144, pracy, sp\u0119dzania czasu z rodzin\u0105 i wszystkiego innego, co chcesz robi\u0107 w \u017cyciu?<\/p>\n<h4>Alternatywa dla suplement\u00f3w testosteronu<\/h4>\n<p>T+ to naturalny suplement diety dla m\u0119\u017cczyzn. Dzi\u0119ki zawarto\u015bci kozieradki, witamin i minera\u0142\u00f3w T+ pomaga uwolni\u0107 testosteron zwi\u0105zany w organizmie.* To sprawia, \u017ce T+ jest jednym z najlepszych suplement\u00f3w diety dla m\u0119\u017cczyzn.<\/p>\n<p><a href=\"https:\/\/tplus.com\/pl\/kampania\/\"><u>Wypr\u00f3buj T+ przez dwa miesi\u0105ce za po\u0142ow\u0119 ceny<\/u><\/a><\/p>\n<h6>Ekstrakt z kozieradki uwalnia testosteron zwi\u0105zany do krwiobiegu, poprawia rozw\u00f3j masy mi\u0119\u015bniowej i wspomaga metabolizm. Cynk pomaga w utrzymaniu prawid\u0142owego poziomu testosteronu, prawid\u0142owej p\u0142odno\u015bci i zdolno\u015bci rozrodczych. Ryboflawina i pirydoksyna pomagaj\u0105 zmniejszy\u0107 zm\u0119czenie i brak energii oraz utrzyma\u0107 i zr\u00f3wnowa\u017cy\u0107 aktywno\u015b\u0107 hormonaln\u0105. Witamina D pomaga wzmocni\u0107 ko\u015bci, struktur\u0119 szkieletu i uk\u0142ad odporno\u015bciowy oraz wspomaga prawid\u0142owe funkcjonowanie mi\u0119\u015bni. Magnez i niacyna przyczyniaj\u0105 si\u0119 do prawid\u0142owego funkcjonowania muskulatury, metabolizmu energii i uk\u0142adu nerwowego.<\/h6>\n<div class=\"wp-block-spacer\" style=\"height: 100px;\" aria-hidden=\"true\"><\/div>\n","protected":false},"excerpt":{"rendered":"<p>Czy wiesz, \u017ce testosteron jest naturalnym hormonem wytwarzanym przez organizm przez ca\u0142e \u017cycie, a proces ten zaczyna si\u0119 ju\u017c gdy jeste\u015b embrionem? Ilo\u015b\u0107 testosteronu w organizmie spada wraz z wiekiem, a wielu m\u0119\u017cczyzn zaczyna odczuwa\u0107 skutki zwi\u0105zanego z wiekiem niskiego poziomu testosteronu ju\u017c po czterdziestce. Z\u0142agod\u017a uci\u0105\u017cliwe skutki spadku poziomu testosteronu, stosuj\u0105c suplement diety dla [&hellip;]<\/p>\n","protected":false},"author":1,"featured_media":0,"parent":506764,"menu_order":0,"comment_status":"closed","ping_status":"closed","template":"","meta":{"_acf_changed":false,"footnotes":""},"class_list":["post-506757","page","type-page","status-publish","hentry"],"acf":[],"jetpack_shortlink":"https:\/\/wp.me\/Pa2D6c-27Pv","jetpack_sharing_enabled":true,"_links":{"self":[{"href":"https:\/\/tplus.com\/pl\/wp-json\/wp\/v2\/pages\/506757","targetHints":{"allow":["GET"]}}],"collection":[{"href":"https:\/\/tplus.com\/pl\/wp-json\/wp\/v2\/pages"}],"about":[{"href":"https:\/\/tplus.com\/pl\/wp-json\/wp\/v2\/types\/page"}],"author":[{"embeddable":true,"href":"https:\/\/tplus.com\/pl\/wp-json\/wp\/v2\/users\/1"}],"replies":[{"embeddable":true,"href":"https:\/\/tplus.com\/pl\/wp-json\/wp\/v2\/comments?post=506757"}],"version-history":[{"count":3,"href":"https:\/\/tplus.com\/pl\/wp-json\/wp\/v2\/pages\/506757\/revisions"}],"predecessor-version":[{"id":507201,"href":"https:\/\/tplus.com\/pl\/wp-json\/wp\/v2\/pages\/506757\/revisions\/507201"}],"up":[{"embeddable":true,"href":"https:\/\/tplus.com\/pl\/wp-json\/wp\/v2\/pages\/506764"}],"wp:attachment":[{"href":"https:\/\/tplus.com\/pl\/wp-json\/wp\/v2\/media?parent=506757"}],"curies":[{"name":"wp","href":"https:\/\/api.w.org\/{rel}","templated":true}]}}