{"id":506758,"date":"2021-09-10T07:42:57","date_gmt":"2021-09-10T07:42:57","guid":{"rendered":"https:\/\/tplus.com\/ogolne-warunki-zakupu\/"},"modified":"2021-12-01T13:22:45","modified_gmt":"2021-12-01T13:22:45","slug":"ogolne-warunki-zakupu","status":"publish","type":"page","link":"https:\/\/tplus.com\/pl\/ogolne-warunki-zakupu\/","title":{"rendered":"Og\u00f3lne warunki zakupu"},"content":{"rendered":"<h3>1. Umowa<\/h3>\n<p>PurOmega Nordic AS sprzedaje produkty zdrowej \u017cywno\u015bci w ramach subskrypcji wed\u0142ug wybranego okresu dostawy bez obowi\u0105zku zakupu lub wi\u0105\u017c\u0105cego okresu.<\/p>\n<p>Umowa zawiera informacje wymienione na stronie internetowej oraz w niniejszych warunkach umowy. Umow\u0119 mo\u017ce zawrze\u0107 osoba, kt\u00f3ra uko\u0144czy\u0142a 18 lat i jest pe\u0142noletnia.<\/p>\n<h3>2. Strony umowy &#8211; definicje<\/h3>\n<p>\u201eSprzedawca\u201d: PurOmega Nordic AS<br \/>\nOrg.. no.: 916\u00a0055\u00a0285<br \/>\nAdres: Bj\u00f8rumsvegen 15, 4820 Froland, Norway<br \/>\nEmail: <a href=\"mailto:support@tplus.com\">support@tplus.com<\/a><br \/>\nTelefon: 041-849 54 50<\/p>\n<p>\u201eKupuj\u0105cy\u201d czyli osoba wymieniona jako kupuj\u0105cy w zam\u00f3wieniu. Nazwa Kupuj\u0105cego jest podana w potwierdzeniu zam\u00f3wienia. Kupuj\u0105cy jest r\u00f3wnie\u017c okre\u015blany poni\u017cej jako \u201eTy\u201d lub \u201eTw\u00f3j\u201d.<\/p>\n<p>\u201eUs\u0142uga\u201d jest zdefiniowana jako us\u0142uga subskrybowana.<\/p>\n<p>\u201eProdukt\u201d oznacza produkt dostarczany w zwi\u0105zku z us\u0142ug\u0105 subskrypcji;<\/p>\n<p><strong>Dane kontaktowe, obs\u0142uga klienta<\/strong><\/p>\n<p>Telefon: 041-849 54 50<br \/>\nEmail: <a href=\"mailto:support@tplus.com\">support@tplus.com<\/a><br \/>\nAdres Pocztowy: PurOmega Nordic AS, PB 28, 0415 Oslo, Norwegia<\/p>\n<p><strong>Magazyn i adres zwrotny<\/strong><\/p>\n<p>Reklamlogistik AB\/ PurOmega<br \/>\nLagerv\u00e4gen 36<br \/>\n13650 Jordbro<br \/>\nSzwecja<\/p>\n<h3>3. O zawarciu, zatwierdzeniu i zmianie warunk\u00f3w umowy<\/h3>\n<p>Umowa wi\u0105\u017ce obie strony z chwil\u0105 otrzymania zam\u00f3wienia przez Sprzedaj\u0105cego. Po otrzymaniu zam\u00f3wienia Sprzedawca przesy\u0142a Kupuj\u0105cemu potwierdzenie zam\u00f3wienia poczt\u0105 elektroniczn\u0105, okre\u015blaj\u0105c zam\u00f3wiony produkt(y) oraz ich cen\u0119 i termin dostawy. Kupuj\u0105cy powinien sprawdzi\u0107 potwierdzenie zam\u00f3wienia i niezw\u0142ocznie powiadomi\u0107 Sprzedawc\u0119, je\u015bli potwierdzenie zam\u00f3wienia nie jest zgodne z zam\u00f3wieniem. Niniejsze warunki umowy, formularz odst\u0105pienia od umowy oraz informacja o prawie do odst\u0105pienia od zakupu s\u0105 wysy\u0142ane jednocze\u015bnie z potwierdzeniem zam\u00f3wienia.<\/p>\n<p>Warunki umowy mog\u0105 ulec zmianie w przypadku szczeg\u00f3lnych potrzeb i\/lub zmian i\/lub uzupe\u0142nie\u0144 wynikaj\u0105cych z decyzji regulacyjnych. Zawieraj\u0105c niniejsz\u0105 umow\u0119, zgadzasz si\u0119 na aktualizacje i modyfikacje warunk\u00f3w umowy. Nowe warunki umowy s\u0105 og\u0142aszane na stronie internetowej Sprzedaj\u0105cego i\/lub do\u0142\u0105czane jako za\u0142\u0105cznik do nast\u0119pnej dostawy.<\/p>\n<h3>4. Subskrypcja, okres wa\u017cno\u015bci i wypowiedzenie<\/h3>\n<p>Po z\u0142o\u017ceniu zam\u00f3wienia Kupuj\u0105cy zawiera umow\u0119 o prenumerat\u0119 wybranego Produktu po cenie i z terminem dostawy okre\u015blonym w potwierdzeniu zam\u00f3wienia. Subskrypcja nie jest wi\u0105\u017c\u0105ca i trwa do momentu jej wypowiedzenia przez Kupuj\u0105cego.<\/p>\n<p>Powiadomienie o anulowaniu subskrypcji musi zosta\u0107 otrzymane czterna\u015bcie (14) dni przed kolejn\u0105 zaplanowan\u0105 dostaw\u0105. Termin wypowiedzenia podany jest na fakturze. Wypowiedzenia mo\u017cna dokona\u0107 kontaktuj\u0105c si\u0119 z obs\u0142ug\u0105 klienta (patrz punkt 2) telefonicznie, e-mailem lub listownie. W przypadku sp\u00f3\u017anionego wypowiedzenia jeste\u015b zobowi\u0105zany do otrzymania kolejnej zaplanowanej przesy\u0142ki przez ca\u0142y okres obowi\u0105zywania abonamentu.<\/p>\n<p>Sprzedawca zastrzega sobie prawo do wstrzymania dostawy Produktu i anulowania Us\u0142ugi w przypadku nieotrzymania p\u0142atno\u015bci za dwie lub wi\u0119cej przesy\u0142ek lub gdy Kupuj\u0105cy utraci zdolno\u015b\u0107 kredytow\u0105.<\/p>\n<h3>5. Bezpiecze\u0144stwo zakup\u00f3w<\/h3>\n<p>W dowolnym momencie mo\u017cesz skontaktowa\u0107 si\u0119 z obs\u0142ug\u0105 klienta, aby zmieni\u0107, dostosowa\u0107 lub zawiesi\u0107 subskrypcj\u0119.<\/p>\n<h3>6. Dostawa<\/h3>\n<p>Produkt dostarczany jest poczt\u0105 bezpo\u015brednio do Twojej skrzynki pocztowej. Standardowo pierwsz\u0105 przesy\u0142k\u0119 otrzymasz od trzech do dziesi\u0119ciu dni od z\u0142o\u017cenia zam\u00f3wienia, nie p\u00f3\u017aniej ni\u017c w ci\u0105gu dwudziestu dni od z\u0142o\u017cenia zam\u00f3wienia. Kolejne przesy\u0142ki Produktu b\u0119d\u0105 wysy\u0142ane zgodnie z terminem dostawy okre\u015blonym w potwierdzeniu zam\u00f3wienia, plus\/minus dziesi\u0119\u0107 dni w zale\u017cno\u015bci od us\u0142ugi pocztowej.<\/p>\n<h3>7. Prawo do anulowania zakupu<\/h3>\n<p>Masz prawo wypowiedzie\u0107 niniejsz\u0105 umow\u0119 w ci\u0105gu czternastu (14) dni bez podania przyczyny. Prawo do anulowania zakupu wygasa czterna\u015bcie (14) dni po otrzymaniu Produktu przez Ciebie lub osob\u0119 wyznaczon\u0105 jako odbiorca.<\/p>\n<p>Aby skorzysta\u0107 z prawa do anulowania zakupu, musisz wyra\u017anie powiadomi\u0107 nas o swojej decyzji o rozwi\u0105zaniu umowy, na przyk\u0142ad listownie, faksem lub e-mailem.<\/p>\n<p>Telefon: 041-849 54 50<br \/>\nEmail: <a href=\"mailto:support@tplus.com\">support@tplus.com<\/a><br \/>\nAdres pocztowy: Bj\u00f8rumsvegen 15, P.O. Box 19, 4855 Froland, Norwegia<\/p>\n<p>Mo\u017cesz skorzysta\u0107 ze standardowego formularza rezygnacji z produktu, do\u0142\u0105czonego do potwierdzenia zam\u00f3wienia e-mailem.<\/p>\n<p>W przypadku wypowiedzenia umowy przeliczymy nieop\u0142acone faktury lub zwr\u00f3cimy wszystkie otrzymane od Ciebie p\u0142atno\u015bci, w tym koszty dostawy (z wyj\u0105tkiem dodatkowych koszt\u00f3w, kt\u00f3re zosta\u0142y poniesione w przypadku wybrania przez Ciebie innego rodzaju dostawy ni\u017c najta\u0144sza oferowana przez nas standardowa dostawa ) bez zb\u0119dnej zw\u0142oki, a w ka\u017cdym razie nie p\u00f3\u017aniej ni\u017c czterna\u015bcie (14) dni od daty otrzymania przez nas powiadomienia o Twojej decyzji o rozwi\u0105zaniu niniejszej Umowy.<\/p>\n<p>Aby zwr\u00f3ci\u0107 pieni\u0105dze, u\u017cywamy tej samej metody p\u0142atno\u015bci, kt\u00f3rej u\u017cy\u0142e\u015b podczas sk\u0142adania zam\u00f3wienia, chyba \u017ce uzgodniono inaczej.<\/p>\n<p>W \u017cadnym wypadku nie zostaniesz obci\u0105\u017cony \u017cadnymi op\u0142atami wynikaj\u0105cymi ze zwrotu.<\/p>\n<p>Zastrzegamy sobie prawo do poczekania z wyp\u0142at\u0105 zwrotu, dop\u00f3ki nie otrzymamy zwr\u00f3conego Produktu(\u00f3w) lub do momentu, gdy b\u0119dziesz w stanie udokumentowa\u0107, \u017ce Produkt(y) jest\/s\u0105 zwracane, w zale\u017cno\u015bci od tego, kt\u00f3ra opcja nast\u0105pi wcze\u015bniej.<\/p>\n<p>Musisz zwr\u00f3ci\u0107 nam Produkt(y) bez zb\u0119dnej zw\u0142oki, a w ka\u017cdym razie nie p\u00f3\u017aniej ni\u017c czterna\u015bcie (14) dni od daty powiadomienia nas o ch\u0119ci rozwi\u0105zania Umowy. U\u017cyj adresu zwrotnego okre\u015blonego w punkcie 2 powy\u017cej.<\/p>\n<p>W trosce o zdrowie i higien\u0119 Produkt(y) nale\u017cy zwr\u00f3ci\u0107 bez zerwania plomby, w przeciwnym razie utracisz prawo do anulowania zakupu.<\/p>\n<p>Prawo do anulowania zakupu nie dotyczy przesy\u0142ek zwyk\u0142ych zgodnie z Us\u0142ug\u0105. Prawo do anulowania produktu dotyczy tylko pierwszej dostawy w ramach Us\u0142ugi.<\/p>\n<p>Musisz ponie\u015b\u0107 bezpo\u015brednie koszty zwrotu produktu.<\/p>\n<p>Ponosisz odpowiedzialno\u015b\u0107 za wszelkie uszkodzenia Produkt\u00f3w spowodowane obchodzeniem si\u0119 z Produktami w spos\u00f3b inny ni\u017c jest to konieczne do okre\u015blenia ich charakteru, w\u0142a\u015bciwo\u015bci i funkcji.<\/p>\n<p>Opr\u00f3cz prawa do anulowania zakupu, Kupuj\u0105cemu przys\u0142uguje og\u00f3lne prawo do z\u0142o\u017cenia reklamacji zgodnie ze szwedzk\u0105 ustaw\u0105 o sprzeda\u017cy konsumenckiej. Aby uzyska\u0107 wi\u0119cej informacji, zobacz klauzul\u0119 8.<\/p>\n<h3>8. Reklamacja<\/h3>\n<p>W przypadku op\u00f3\u017anie\u0144 lub brak\u00f3w w Produkcie\/Us\u0142udze przys\u0142uguje prawo do reklamacji wadliwego Produktu\/Us\u0142ugi na podstawie ustawy o sprzeda\u017cy konsumenckiej.<\/p>\n<p>Reklamacj\u0119 Produktu mo\u017cna z\u0142o\u017cy\u0107 do terminu przydatno\u015bci do u\u017cycia wskazanego na opakowaniu pod warunkiem, \u017ce Produkt jest przechowywany w ch\u0142odnym, suchym miejscu i nie jest nara\u017cony na bezpo\u015brednie dzia\u0142anie promieni s\u0142onecznych.<\/p>\n<p>Kupuj\u0105cy jest zobowi\u0105zany do powiadomienia obs\u0142ugi klienta, w jak najszybszym czasie po wykryciu niezgodno\u015bci.<\/p>\n<p>Sprzedawca nie ponosi odpowiedzialno\u015bci za przestoje lub nieprawid\u0142owe ceny i nieprawid\u0142owe informacje, je\u015bli wynika to z warunk\u00f3w niezale\u017cnych od Sprzedawcy, takich jak problemy techniczne, w tym mi\u0119dzy innymi awaria zasilania, przeci\u0105\u017cenie i sabota\u017c.<\/p>\n<h3>9. Ceny i p\u0142atno\u015bci<\/h3>\n<p>Ceny podane w zam\u00f3wieniu oraz w potwierdzeniu zam\u00f3wienia obowi\u0105zuj\u0105 zgodnie z umow\u0105.<\/p>\n<p>P\u0142atno\u015b\u0107 za produkty odbywa si\u0119 zgodnie z aktualnymi warunkami dla wybranego dostawcy p\u0142atno\u015bci. Obecnie oferujemy p\u0142atno\u015b\u0107 za po\u015brednictwem Stripe (Card).<\/p>\n<p>W przypadku braku zap\u0142aty pozew zostanie skierowany do windykacji wraz z doliczonymi odsetkami i op\u0142atami karnymi ustawowymi.<\/p>\n<p>W przypadku braku p\u0142atno\u015bci Sprzedawca mo\u017ce wypowiedzie\u0107 Us\u0142ug\u0119 bez wypowiedzenia (patrz punkt 4).<\/p>\n<h3>10. Szczeg\u00f3\u0142y zam\u00f3wienia, dane osobowe i kontakt z klientem<\/h3>\n<p>Wszystkie dane dotycz\u0105ce zam\u00f3wienia i dane osobowe podane przez Kupuj\u0105cego przy sk\u0142adaniu zam\u00f3wienia s\u0105 przechowywane w systemie Sprzedawcy.<\/p>\n<p>Dane osobowe i zam\u00f3wienia s\u0105 przetwarzane z zachowaniem poufno\u015bci zgodnie z ustaw\u0105 o ochronie danych osobowych. Informacje s\u0105 wykorzystywane do zarz\u0105dzania Twoim kontem klienta, na przyk\u0142ad do informowania Ci\u0119 o produktach, us\u0142ugach i innych korzy\u015bciach Sprzedawcy.<\/p>\n<p>Twoje dane osobowe nie b\u0119d\u0105 udost\u0119pniane podmiotom trzecim, ale mog\u0105 by\u0107 wykorzystywane przez Sprzedawc\u0119. W niekt\u00f3rych przypadkach dane osobowe i dane zam\u00f3wienia mog\u0105 zosta\u0107 ujawnione na \u017c\u0105danie w\u0142adz lub w zwi\u0105zku z weryfikacj\u0105 ratingu kredytowego przez Kupuj\u0105cego, a tak\u017ce w przypadku kontynuacji lub windykacji niezap\u0142aconych roszcze\u0144.<\/p>\n<p>Masz prawo wiedzie\u0107, jakie dane na Tw\u00f3j temat s\u0105 zarejestrowane, a tak\u017ce masz prawo \u017c\u0105da\u0107 sprostowania nieprawid\u0142owych danych.<\/p>\n<p>Zobowi\u0105zujesz si\u0119 do informowania Sprzedawcy w przypadku jakichkolwiek zmian w Twoich danych osobowych, kt\u00f3re mog\u0105 mie\u0107 wp\u0142yw na \u015bwiadczenie Us\u0142ugi.<\/p>\n<h3>11. Zawarto\u015b\u0107 produktu, zastosowanie i skuteczno\u015b\u0107<\/h3>\n<p>Sprzedawca zrzeka si\u0119 wszelkiej odpowiedzialno\u015bci za nienale\u017cyte korzystanie z Produktu. Produkt jest klasyfikowany jako suplement diety lub kosmetyk zgodnie z norweskim prawem i wszystkimi powi\u0105zanymi zasadami dotycz\u0105cymi oznakowania i stosowania suplement\u00f3w i\/lub kosmetyk\u00f3w. Suplement diety nie powinien by\u0107 przyjmowany jako alternatywa dla zr\u00f3\u017cnicowanej diety. Nie nale\u017cy przekracza\u0107 zalecanej dziennej dawki. Suplementy diety nale\u017cy przechowywa\u0107 w ciemnych, suchych miejscach, w kt\u00f3rych temperatura nie przekracza temperatury pokojowej. Suplementy diety nale\u017cy przechowywa\u0107 w miejscu niedost\u0119pnym dla dzieci. Suplement\u00f3w diety nie nale\u017cy stosowa\u0107 w okresie ci\u0105\u017cy i karmienia piersi\u0105. Suplementy diety nie powinny by\u0107 stosowane przez osoby poni\u017cej 18 roku \u017cycia.<\/p>\n<p>Sprzedawca zaleca, aby wszyscy u\u017cytkownicy przed u\u017cyciem Produktu skonsultowali si\u0119 z lekarzem, w szczeg\u00f3lno\u015bci w przypadku wiedzy o aktualnych lub przebytych chorobach i stanach lub podczas stosowania lek\u00f3w. Przed u\u017cyciem uwa\u017cnie przeczytaj i post\u0119puj zgodnie z informacjami dotycz\u0105cymi dawkowania na opakowaniu\/broszurze.<\/p>\n<p>Sprzedawca mo\u017ce zmieni\u0107 receptur\u0119 Produktu (zawarto\u015b\u0107, sk\u0142ad, broszury i opakowanie) bez uprzedzenia i bez wyra\u017anego poinformowania o tym Klienta, o ile nowa zawarto\u015b\u0107 Produktu ma skutek r\u00f3wnowa\u017cny z pierwotnie dostarczonym Produktem. W przypadku zmian w przepisach mog\u0105cych zagrozi\u0107 osobom uczulonym na skorupiaki, mleko\/laktoz\u0119, gluten, jaja i orzechy, Sprzedaj\u0105cy jest zobowi\u0105zany do przekazania pisemnej informacji na ten temat..<\/p>\n<p>Produkt jest suplementem diety lub produktem kosmetycznym, kt\u00f3rego dzia\u0142anie mog\u0142o zosta\u0107 wykazane w badaniach klinicznych, zastosowaniu historycznym, literaturze technicznej lub deklaracjach dotycz\u0105cych poszczeg\u00f3lnych sk\u0142adnik\u00f3w, sk\u0142adnik\u00f3w z\u0142o\u017conych lub Produktu. Poniewa\u017c suplementy i kosmetyki maj\u0105 r\u00f3\u017cny wp\u0142yw na r\u00f3\u017cne osoby, efekt nie mo\u017ce by\u0107 zagwarantowany w ka\u017cdym indywidualnym przypadku, a Sprzedawca nie mo\u017ce by\u0107 poci\u0105gni\u0119ty do odpowiedzialno\u015bci za warunki ekonomiczne, zdrowotne lub inne wynikaj\u0105ce ze skutk\u00f3w dzia\u0142ania Produktu wynikaj\u0105cego ze stosowania przez Kupuj\u0105cego.<\/p>\n<h3>12. Obowi\u0105zuj\u0105ce prawo i jurysdykcja<\/h3>\n<p>Do Umowy maj\u0105 zastosowanie og\u00f3lne zasady prawa norweskiego. Wszelkie spory pomi\u0119dzy Kupuj\u0105cym a Sprzedaj\u0105cym b\u0119d\u0105 rozstrzygane w drodze negocjacji. S\u0105dem w\u0142a\u015bciwym jest S\u0105d Okr\u0119gowy w Oslo.<\/p>\n","protected":false},"excerpt":{"rendered":"<p>1. Umowa PurOmega Nordic AS sprzedaje produkty zdrowej \u017cywno\u015bci w ramach subskrypcji wed\u0142ug wybranego okresu dostawy bez obowi\u0105zku zakupu lub wi\u0105\u017c\u0105cego okresu. Umowa zawiera informacje wymienione na stronie internetowej oraz w niniejszych warunkach umowy. Umow\u0119 mo\u017ce zawrze\u0107 osoba, kt\u00f3ra uko\u0144czy\u0142a 18 lat i jest pe\u0142noletnia. 2. Strony umowy &#8211; definicje \u201eSprzedawca\u201d: PurOmega Nordic AS Org.. [&hellip;]<\/p>\n","protected":false},"author":3,"featured_media":0,"parent":0,"menu_order":0,"comment_status":"closed","ping_status":"closed","template":"","meta":{"footnotes":""},"acf":[],"jetpack_shortlink":"https:\/\/wp.me\/Pa2D6c-27Pw","_links":{"self":[{"href":"https:\/\/tplus.com\/pl\/wp-json\/wp\/v2\/pages\/506758"}],"collection":[{"href":"https:\/\/tplus.com\/pl\/wp-json\/wp\/v2\/pages"}],"about":[{"href":"https:\/\/tplus.com\/pl\/wp-json\/wp\/v2\/types\/page"}],"author":[{"embeddable":true,"href":"https:\/\/tplus.com\/pl\/wp-json\/wp\/v2\/users\/3"}],"replies":[{"embeddable":true,"href":"https:\/\/tplus.com\/pl\/wp-json\/wp\/v2\/comments?post=506758"}],"version-history":[{"count":3,"href":"https:\/\/tplus.com\/pl\/wp-json\/wp\/v2\/pages\/506758\/revisions"}],"predecessor-version":[{"id":509045,"href":"https:\/\/tplus.com\/pl\/wp-json\/wp\/v2\/pages\/506758\/revisions\/509045"}],"wp:attachment":[{"href":"https:\/\/tplus.com\/pl\/wp-json\/wp\/v2\/media?parent=506758"}],"curies":[{"name":"wp","href":"https:\/\/api.w.org\/{rel}","templated":true}]}}