{"id":506763,"date":"2021-09-10T07:42:59","date_gmt":"2021-09-10T07:42:59","guid":{"rendered":"https:\/\/tplus.com\/test-wytrzymalosci-dla-mezczyzn\/"},"modified":"2021-09-30T12:24:00","modified_gmt":"2021-09-30T12:24:00","slug":"test-wytrzymalosci-dla-mezczyzn","status":"publish","type":"page","link":"https:\/\/tplus.com\/pl\/test-wytrzymalosci-dla-mezczyzn\/","title":{"rendered":"Test poziomu energii"},"content":{"rendered":"<p>Skala objaw\u00f3w starzenia si\u0119 m\u0119\u017cczyzn (Aging Males Symptoms w skr\u00f3cie AMS) jest najcz\u0119\u015bciej stosowan\u0105 metod\u0105 pomiaru jako\u015bci \u017cycia zwi\u0105zanej ze zdrowiem oraz pomiaru objaw\u00f3w zmian zachodz\u0105cych wraz z wiekiem u m\u0119\u017cczyzn. Test sk\u0142ada si\u0119 z dziesi\u0119ciu pyta\u0144. Niski wynik testu niekoniecznie oznacza, \u017ce potrzebujesz leczenia, ale mo\u017ce wskazywa\u0107 na to, \u017ce musisz zwr\u00f3ci\u0107 uwag\u0119 na sw\u00f3j poziom testosteronu:<\/p>\n","protected":false},"excerpt":{"rendered":"<p>Skala objaw\u00f3w starzenia si\u0119 m\u0119\u017cczyzn (Aging Males Symptoms w skr\u00f3cie AMS) jest najcz\u0119\u015bciej stosowan\u0105 metod\u0105 pomiaru jako\u015bci \u017cycia zwi\u0105zanej ze zdrowiem oraz pomiaru objaw\u00f3w zmian zachodz\u0105cych wraz z wiekiem u m\u0119\u017cczyzn. Test sk\u0142ada si\u0119 z dziesi\u0119ciu pyta\u0144. Niski wynik testu niekoniecznie oznacza, \u017ce potrzebujesz leczenia, ale mo\u017ce wskazywa\u0107 na to, \u017ce musisz zwr\u00f3ci\u0107 uwag\u0119 na [&hellip;]<\/p>\n","protected":false},"author":1,"featured_media":0,"parent":0,"menu_order":0,"comment_status":"closed","ping_status":"closed","template":"templates\/quiz-form-energitest.php","meta":{"_acf_changed":false,"footnotes":""},"class_list":["post-506763","page","type-page","status-publish","hentry"],"acf":[],"jetpack_shortlink":"https:\/\/wp.me\/Pa2D6c-27PB","jetpack_sharing_enabled":true,"_links":{"self":[{"href":"https:\/\/tplus.com\/pl\/wp-json\/wp\/v2\/pages\/506763","targetHints":{"allow":["GET"]}}],"collection":[{"href":"https:\/\/tplus.com\/pl\/wp-json\/wp\/v2\/pages"}],"about":[{"href":"https:\/\/tplus.com\/pl\/wp-json\/wp\/v2\/types\/page"}],"author":[{"embeddable":true,"href":"https:\/\/tplus.com\/pl\/wp-json\/wp\/v2\/users\/1"}],"replies":[{"embeddable":true,"href":"https:\/\/tplus.com\/pl\/wp-json\/wp\/v2\/comments?post=506763"}],"version-history":[{"count":2,"href":"https:\/\/tplus.com\/pl\/wp-json\/wp\/v2\/pages\/506763\/revisions"}],"predecessor-version":[{"id":507304,"href":"https:\/\/tplus.com\/pl\/wp-json\/wp\/v2\/pages\/506763\/revisions\/507304"}],"wp:attachment":[{"href":"https:\/\/tplus.com\/pl\/wp-json\/wp\/v2\/media?parent=506763"}],"curies":[{"name":"wp","href":"https:\/\/api.w.org\/{rel}","templated":true}]}}