{"id":506764,"date":"2021-09-10T07:42:59","date_gmt":"2021-09-10T07:42:59","guid":{"rendered":"https:\/\/tplus.com\/o-suplementach-dla-mezczyzn\/"},"modified":"2021-09-27T07:47:10","modified_gmt":"2021-09-27T07:47:10","slug":"o-suplementach-dla-mezczyzn","status":"publish","type":"page","link":"https:\/\/tplus.com\/pl\/o-suplementach-dla-mezczyzn\/","title":{"rendered":"O suplementach dla m\u0119\u017cczyzn"},"content":{"rendered":"<p>Niski poziom testosteronu zwi\u0105zany z wiekiem to co\u015b, przez co przechodz\u0105 wszyscy m\u0119\u017cczy\u017ani, ale niewielu o tym m\u00f3wi, mimo \u017ce sporo z nich do\u015bwiadcza zar\u00f3wno problem\u00f3w fizycznych, jak i psychicznych. Suplement diety T+ zawiera kozieradk\u0119, zio\u0142o, kt\u00f3re pomaga zwi\u0119kszy\u0107 ilo\u015b\u0107 wolnego testosteronu we krwi oraz cynk, kt\u00f3ry pomaga utrzyma\u0107 testosteron na prawid\u0142owym poziomie. Przez d\u0142u\u017cszy czas produkcja m\u0119skiego hormonu testosteronu spada i b\u0119dzie si\u0119 stopniowo zmniejsza\u0107 przez reszt\u0119 Twojego \u017cycia. Zmiany te zaczynaj\u0105 si\u0119 zwykle po 30 roku \u017cycia.<\/p>\n<p><a class=\"btn btn--link\" href=\"https:\/\/tplus.com\/pl\/o-suplementach-dla-mezczyzn\/suplementy-dla-mezczyzn-legalne-i-bez-recepty\/\">Suplementy dla m\u0119\u017cczyzn \u2013 legalnie i bez recepty<\/a><\/p>\n\n\n<p><\/p>\n","protected":false},"excerpt":{"rendered":"<p>Niski poziom testosteronu zwi\u0105zany z wiekiem to co\u015b, przez co przechodz\u0105 wszyscy m\u0119\u017cczy\u017ani, ale niewielu o tym m\u00f3wi, mimo \u017ce sporo z nich do\u015bwiadcza zar\u00f3wno problem\u00f3w fizycznych, jak i psychicznych. Suplement diety T+ zawiera kozieradk\u0119, zio\u0142o, kt\u00f3re pomaga zwi\u0119kszy\u0107 ilo\u015b\u0107 wolnego testosteronu we krwi oraz cynk, kt\u00f3ry pomaga utrzyma\u0107 testosteron na prawid\u0142owym poziomie. Przez d\u0142u\u017cszy [&hellip;]<\/p>\n","protected":false},"author":1,"featured_media":0,"parent":0,"menu_order":0,"comment_status":"closed","ping_status":"closed","template":"templates\/page-with-childs.php","meta":{"_acf_changed":false,"footnotes":""},"class_list":["post-506764","page","type-page","status-publish","hentry"],"acf":[],"jetpack_shortlink":"https:\/\/wp.me\/Pa2D6c-27PC","jetpack_sharing_enabled":true,"_links":{"self":[{"href":"https:\/\/tplus.com\/pl\/wp-json\/wp\/v2\/pages\/506764","targetHints":{"allow":["GET"]}}],"collection":[{"href":"https:\/\/tplus.com\/pl\/wp-json\/wp\/v2\/pages"}],"about":[{"href":"https:\/\/tplus.com\/pl\/wp-json\/wp\/v2\/types\/page"}],"author":[{"embeddable":true,"href":"https:\/\/tplus.com\/pl\/wp-json\/wp\/v2\/users\/1"}],"replies":[{"embeddable":true,"href":"https:\/\/tplus.com\/pl\/wp-json\/wp\/v2\/comments?post=506764"}],"version-history":[{"count":5,"href":"https:\/\/tplus.com\/pl\/wp-json\/wp\/v2\/pages\/506764\/revisions"}],"predecessor-version":[{"id":507203,"href":"https:\/\/tplus.com\/pl\/wp-json\/wp\/v2\/pages\/506764\/revisions\/507203"}],"wp:attachment":[{"href":"https:\/\/tplus.com\/pl\/wp-json\/wp\/v2\/media?parent=506764"}],"curies":[{"name":"wp","href":"https:\/\/api.w.org\/{rel}","templated":true}]}}