{"id":506768,"date":"2021-09-10T07:43:01","date_gmt":"2021-09-10T07:43:01","guid":{"rendered":"https:\/\/tplus.com\/o-suplementach-dla-mezczyzn\/suplement-diety-wspomagajacy-cwiczenia-jak-szybciej-uzyskac-rezultaty\/"},"modified":"2021-09-15T13:32:03","modified_gmt":"2021-09-15T13:32:03","slug":"suplement-diety-wspomagajacy-cwiczenia-jak-szybciej-uzyskac-rezultaty","status":"publish","type":"page","link":"https:\/\/tplus.com\/pl\/o-suplementach-dla-mezczyzn\/suplement-diety-wspomagajacy-cwiczenia-jak-szybciej-uzyskac-rezultaty\/","title":{"rendered":"Suplement diety wspomagaj\u0105cy \u0107wiczenia: Jak szybciej uzyska\u0107 rezultaty"},"content":{"rendered":"<p><strong>Lubisz \u0107wiczy\u0107 i zdrowo si\u0119 od\u017cywia\u0107, ale brakuje Ci energii potrzebnej do uzyskania po\u017c\u0105danej sylwetki?<\/strong><\/p>\n<ul>\n<li>Po pierwsze: nie jeste\u015b sam.<\/li>\n<li>Po drugie: Istnieje wsparcie \u2013 polecamy suplement diety T+ osobom aktywnym.<\/li>\n<\/ul>\n<h4>Wi\u0119cej energii do \u0107wicze\u0144<\/h4>\n<p>Przyjmowanie suplementu diety, kt\u00f3ry uwalnia wi\u0119cej testosteronu zwi\u0105zanego do organizmu, daje wi\u0119cej energii i u\u0142atwia rozpocz\u0119cie \u0107wicze\u0144. Przyjmuj\u0105c suplement regularnie zauwa\u017cysz, \u017ce masz wi\u0119cej energii zar\u00f3wno do treningu si\u0142owego, jak i treningu interwa\u0142owego.<\/p>\n<h4>Buduj mi\u0119\u015bnie i chudnij<\/h4>\n<p>T+ \u2013 w po\u0142\u0105czeniu z odpowiedni\u0105 diet\u0105 i \u0107wiczeniami \u2013 da Ci szybsze rezultaty, niezale\u017cnie od tego, czy chcesz schudn\u0105\u0107, zbudowa\u0107 mi\u0119\u015bnie \u2013 czy jedno i drugie. Dzi\u0119ki wyj\u0105tkowej zawarto\u015bci witamin i minera\u0142\u00f3w suplement diety T+ jest idealny do \u0107wicze\u0144. T+ uwalnia testosteron zwi\u0105zany, dzi\u0119ki czemu organizm mo\u017ce wykorzysta\u0107 wi\u0119cej testosteronu do wzrostu mi\u0119\u015bni.<\/p>\n<p><a href=\"https:\/\/tplus.com\/pl\/kampania\/\"><u>Wypr\u00f3buj T+ jako suplement diety wspomagaj\u0105cy \u0107wiczenia<\/u><\/a><\/p>\n<h6>Ekstrakt z kozieradki uwalnia testosteron zwi\u0105zany do krwiobiegu, poprawia rozw\u00f3j masy mi\u0119\u015bniowej i wspomaga metabolizm. Cynk pomaga w utrzymaniu prawid\u0142owego poziomu testosteronu, prawid\u0142owej p\u0142odno\u015bci i zdolno\u015bci rozrodczych. Ryboflawina i pirydoksyna pomagaj\u0105 zmniejszy\u0107 zm\u0119czenie i brak energii oraz utrzyma\u0107 i zr\u00f3wnowa\u017cy\u0107 aktywno\u015b\u0107 hormonaln\u0105. Witamina D pomaga wzmocni\u0107 ko\u015bci, struktur\u0119 szkieletu i uk\u0142ad odporno\u015bciowy oraz wspomaga prawid\u0142owe funkcjonowanie mi\u0119\u015bni. Magnez i niacyna przyczyniaj\u0105 si\u0119 do prawid\u0142owego funkcjonowania muskulatury, metabolizmu energii i uk\u0142adu nerwowego.<\/h6>\n<div class=\"wp-block-spacer\" style=\"height: 100px;\" aria-hidden=\"true\"><\/div>\n","protected":false},"excerpt":{"rendered":"<p>Lubisz \u0107wiczy\u0107 i zdrowo si\u0119 od\u017cywia\u0107, ale brakuje Ci energii potrzebnej do uzyskania po\u017c\u0105danej sylwetki? Po pierwsze: nie jeste\u015b sam. Po drugie: Istnieje wsparcie \u2013 polecamy suplement diety T+ osobom aktywnym. Wi\u0119cej energii do \u0107wicze\u0144 Przyjmowanie suplementu diety, kt\u00f3ry uwalnia wi\u0119cej testosteronu zwi\u0105zanego do organizmu, daje wi\u0119cej energii i u\u0142atwia rozpocz\u0119cie \u0107wicze\u0144. Przyjmuj\u0105c suplement regularnie [&hellip;]<\/p>\n","protected":false},"author":1,"featured_media":0,"parent":506764,"menu_order":0,"comment_status":"closed","ping_status":"closed","template":"","meta":{"_acf_changed":false,"footnotes":""},"class_list":["post-506768","page","type-page","status-publish","hentry"],"acf":[],"jetpack_shortlink":"https:\/\/wp.me\/Pa2D6c-27PG","jetpack_sharing_enabled":true,"_links":{"self":[{"href":"https:\/\/tplus.com\/pl\/wp-json\/wp\/v2\/pages\/506768","targetHints":{"allow":["GET"]}}],"collection":[{"href":"https:\/\/tplus.com\/pl\/wp-json\/wp\/v2\/pages"}],"about":[{"href":"https:\/\/tplus.com\/pl\/wp-json\/wp\/v2\/types\/page"}],"author":[{"embeddable":true,"href":"https:\/\/tplus.com\/pl\/wp-json\/wp\/v2\/users\/1"}],"replies":[{"embeddable":true,"href":"https:\/\/tplus.com\/pl\/wp-json\/wp\/v2\/comments?post=506768"}],"version-history":[{"count":2,"href":"https:\/\/tplus.com\/pl\/wp-json\/wp\/v2\/pages\/506768\/revisions"}],"predecessor-version":[{"id":506952,"href":"https:\/\/tplus.com\/pl\/wp-json\/wp\/v2\/pages\/506768\/revisions\/506952"}],"up":[{"embeddable":true,"href":"https:\/\/tplus.com\/pl\/wp-json\/wp\/v2\/pages\/506764"}],"wp:attachment":[{"href":"https:\/\/tplus.com\/pl\/wp-json\/wp\/v2\/media?parent=506768"}],"curies":[{"name":"wp","href":"https:\/\/api.w.org\/{rel}","templated":true}]}}