{"id":506771,"date":"2021-09-10T07:43:02","date_gmt":"2021-09-10T07:43:02","guid":{"rendered":"https:\/\/tplus.com\/korzystaj-z-t-przez-dwa-miesiace-za-jedyne-34-normalna-cena-68-koszty-dostawy-wliczone-w-cene\/"},"modified":"2022-02-22T19:37:53","modified_gmt":"2022-02-22T19:37:53","slug":"korzystaj-z-t-przez-dwa-miesiace-za-jedyne-34-normalna-cena-68-koszty-dostawy-wliczone-w-cene","status":"publish","type":"page","link":"https:\/\/tplus.com\/pl\/korzystaj-z-t-przez-dwa-miesiace-za-jedyne-34-normalna-cena-68-koszty-dostawy-wliczone-w-cene\/","title":{"rendered":"Korzystaj z T+ przez dwa miesi\u0105ce za jedyne 19$ (normalna cena: 68$). Koszty dostawy wliczone w cen\u0119."},"content":{"rendered":"<noscript class=\"ninja-forms-noscript-message\">\n\tUwaga: ta zawarto\u015b\u0107 wymaga obs\u0142ugi j\u0119zyka JavaScript.<\/noscript>\n<div id=\"nf-form-30-cont\" class=\"nf-form-cont nf-custom-form generic-form\" aria-live=\"polite\" aria-labelledby=\"nf-form-title-30\" aria-describedby=\"nf-form-errors-30\" role=\"form\">\n\n    <div class=\"nf-loading-spinner\"><\/div>\n\n<\/div>\n        <!-- That data is being printed as a workaround to page builders reordering the order of the scripts loaded-->\n        <script>var formDisplay=1;var nfForms=nfForms||[];var form=[];form.id='30';form.settings={\"objectType\":\"Form Setting\",\"editActive\":true,\"title\":\"Winback - English (Draft)\",\"created_at\":\"2021-06-17 12:11:47\",\"default_label_pos\":\"above\",\"show_title\":\"0\",\"clear_complete\":\"1\",\"hide_complete\":\"0\",\"logged_in\":\"0\",\"wrapper_class\":\"nf-custom-form generic-form\",\"element_class\":\"\",\"add_submit\":\"0\",\"changeEmailErrorMsg\":\"Wprowad\\u017a prawid\\u0142owy adres e-mail!\",\"confirmFieldErrorMsg\":\"Te pola musz\\u0105 si\\u0119 zgadza\\u0107!\",\"fieldNumberNumMinError\":\"B\\u0142\\u0105d \\u2014 liczba minimalna\",\"fieldNumberNumMaxError\":\"B\\u0142\\u0105d \\u2014 liczba maksymalna\",\"fieldNumberIncrementBy\":\"Zwi\\u0119ksz o \",\"formErrorsCorrectErrors\":\"Popraw b\\u0142\\u0119dy, zanim prze\\u015blesz formularz.\",\"validateRequiredField\":\"To jest wymagane pole.\",\"honeypotHoneypotError\":\"B\\u0142\\u0105d Honeypot\",\"fieldsMarkedRequired\":\"Pola oznaczone znakiem <span class=\\\"ninja-forms-req-symbol\\\">*<\\\/span> s\\u0105 wymagane\",\"currency\":\"EUR\",\"unique_field_error\":\"Formularz o tej warto\\u015bci zosta\\u0142 ju\\u017c przes\\u0142any.\",\"not_logged_in_msg\":\"\",\"sub_limit_msg\":\"Formularz osi\\u0105gn\\u0105\\u0142 limit przesy\\u0142ania.\",\"calculations\":[],\"formContentData\":[\"firstname_1522760696325\",\"lastname_1522760702767\",\"address_1645448694974\",\"additional_1645448785569\",\"zip_1511254413366\",\"city_1645448949310\",\"html_1510571964513\",\"email_1522760763384\",\"html_1618397953711\",\"jeg_bekrefter_1522760799676\",\"mailchimp_1538115860519\",\"accepted_payment_methods_1645449881444\",\"rules_1645449913637\",\"place_order_1623925146127\",\"hiddenid_1578910939865\",\"html_1645450001003\",\"submit_value_1645450024625\",\"hidden_url_1645450222217\",\"hidden_country_name_1645450231354\",\"betaling_1645450231700\",\"hidden_order_wc_id_1645450232020\",\"hidden_product_name_1645450232376\",\"hidden_lang_1645456086332\"],\"drawerDisabled\":false,\"key\":\"\",\"changeDateErrorMsg\":\"Please enter a valid date!\",\"allow_public_link\":0,\"embed_form\":\"\",\"repeatable_fieldsets\":\"\",\"ninjaForms\":\"Ninja Forms\",\"fieldTextareaRTEInsertLink\":\"Wstaw odno\\u015bnik\",\"fieldTextareaRTEInsertMedia\":\"Wstaw media\",\"fieldTextareaRTESelectAFile\":\"Wybierz plik\",\"formHoneypot\":\"Je\\u015bli jeste\\u015b cz\\u0142owiekiem i widzisz to pole, nie wype\\u0142niaj go.\",\"fileUploadOldCodeFileUploadInProgress\":\"Przesy\\u0142anie pliku w toku.\",\"fileUploadOldCodeFileUpload\":\"PRZESY\\u0141ANIE PLIKU\",\"currencySymbol\":\"&#107;&#114;\",\"thousands_sep\":\"&nbsp;\",\"decimal_point\":\",\",\"siteLocale\":\"pl_PL\",\"dateFormat\":\"m\\\/d\\\/Y\",\"startOfWeek\":\"1\",\"of\":\"z\",\"previousMonth\":\"Poprzedni miesi\\u0105c\",\"nextMonth\":\"Nast\\u0119pny miesi\\u0105c\",\"months\":[\"stycze\\u0144\",\"luty\",\"marzec\",\"kwiecie\\u0144\",\"maj\",\"czerwiec\",\"lipiec\",\"sierpie\\u0144\",\"wrzesie\\u0144\",\"pa\\u017adziernik\",\"listopad\",\"grudzie\\u0144\"],\"monthsShort\":[\"sty\",\"lut\",\"mar\",\"kw.\",\"maj\",\"cze\",\"lip\",\"sie\",\"wrz\",\"pa\\u017a\",\"lis\",\"gru\"],\"weekdays\":[\"niedziela\",\"poniedzia\\u0142ek\",\"wtorek\",\"\\u015broda\",\"czwartek\",\"pi\\u0105tek\",\"sobota\"],\"weekdaysShort\":[\"niedz.\",\"pon.\",\"wt.\",\"\\u015br.\",\"czw.\",\"pt.\",\"sob.\"],\"weekdaysMin\":[\"niedz.\",\"pon.\",\"wt.\",\"\\u015br.\",\"czw.\",\"pt.\",\"sob.\"],\"recaptchaConsentMissing\":\"reCaptcha validation couldn&#039;t load.\",\"recaptchaMissingCookie\":\"reCaptcha v3 validation couldn&#039;t load the cookie needed to submit the form.\",\"recaptchaConsentEvent\":\"Accept reCaptcha cookies before sending the form.\",\"currency_symbol\":\"&euro;\",\"beforeForm\":\"\",\"beforeFields\":\"\",\"afterFields\":\"\",\"afterForm\":\"\"};form.fields=[{\"objectType\":\"Field\",\"objectDomain\":\"fields\",\"editActive\":false,\"order\":1,\"idAttribute\":\"id\",\"label\":\"Imi\\u0119:\",\"type\":\"firstname\",\"key\":\"firstname_1522760696325\",\"label_pos\":\"above\",\"required\":1,\"default\":\"\",\"placeholder\":\"\",\"container_class\":\"one-half first input-wrapper mobile-half mobile-half-first j-fname-container\",\"element_class\":\"fname-input j-fname-input\",\"admin_label\":\"\",\"help_text\":\"\",\"desc_text\":\"\",\"drawerDisabled\":\"\",\"custom_name_attribute\":\"fname\",\"personally_identifiable\":1,\"manual_key\":1,\"value\":\"\",\"field_label\":\"F\\u00f6rnamn:\",\"field_key\":\"firstname_1522760696325\",\"id\":354,\"beforeField\":\"\",\"afterField\":\"\",\"parentType\":\"firstname\",\"element_templates\":[\"firstname\",\"input\"],\"old_classname\":\"\",\"wrap_template\":\"wrap\"},{\"objectType\":\"Field\",\"objectDomain\":\"fields\",\"editActive\":false,\"order\":2,\"idAttribute\":\"id\",\"label\":\"Nazwisko:\",\"type\":\"firstname\",\"key\":\"lastname_1522760702767\",\"label_pos\":\"above\",\"required\":1,\"default\":\"\",\"placeholder\":\"\",\"container_class\":\"one-half last input-wrapper mobile-half j-lname-container\",\"element_class\":\"lname-input j-lname-input\",\"admin_label\":\"\",\"help_text\":\"\",\"desc_text\":\"\",\"drawerDisabled\":false,\"custom_name_attribute\":\"lname\",\"personally_identifiable\":1,\"manual_key\":1,\"value\":\"\",\"field_label\":\"Efternamn:\",\"field_key\":\"lastname_1522760702767\",\"id\":355,\"beforeField\":\"\",\"afterField\":\"\",\"parentType\":\"firstname\",\"element_templates\":[\"firstname\",\"input\"],\"old_classname\":\"\",\"wrap_template\":\"wrap\"},{\"objectType\":\"Field\",\"objectDomain\":\"fields\",\"editActive\":false,\"order\":3,\"idAttribute\":\"id\",\"type\":\"address\",\"label\":\"Ulica:\",\"key\":\"address_1645448694974\",\"label_pos\":\"above\",\"required\":1,\"default\":\"\",\"placeholder\":\"\",\"container_class\":\"input-wrapper j-address-container\",\"element_class\":\"address-input j-address-input\",\"input_limit\":\"\",\"input_limit_type\":\"characters\",\"input_limit_msg\":\"Pozosta\\u0142e znaki\",\"manual_key\":true,\"admin_label\":\"\",\"help_text\":\"\",\"mask\":\"\",\"custom_mask\":\"\",\"custom_name_attribute\":\"address\",\"personally_identifiable\":1,\"value\":\"\",\"drawerDisabled\":false,\"id\":475,\"beforeField\":\"\",\"afterField\":\"\",\"parentType\":\"address\",\"element_templates\":[\"address\",\"textbox\",\"input\"],\"old_classname\":\"\",\"wrap_template\":\"wrap\"},{\"objectType\":\"Field\",\"objectDomain\":\"fields\",\"editActive\":false,\"order\":4,\"idAttribute\":\"id\",\"type\":\"address\",\"label\":\"Dodatkowe informacje:\",\"key\":\"additional_1645448785569\",\"label_pos\":\"above\",\"required\":false,\"default\":\"\",\"placeholder\":\"\",\"container_class\":\"input-wrapper\",\"element_class\":\"address-input\",\"input_limit\":\"\",\"input_limit_type\":\"characters\",\"input_limit_msg\":\"Pozosta\\u0142e znaki\",\"manual_key\":true,\"admin_label\":\"\",\"help_text\":\"\",\"mask\":\"\",\"custom_mask\":\"\",\"custom_name_attribute\":\"address\",\"personally_identifiable\":1,\"value\":\"\",\"drawerDisabled\":false,\"id\":476,\"beforeField\":\"\",\"afterField\":\"\",\"parentType\":\"address\",\"element_templates\":[\"address\",\"textbox\",\"input\"],\"old_classname\":\"\",\"wrap_template\":\"wrap\"},{\"objectType\":\"Field\",\"objectDomain\":\"fields\",\"editActive\":false,\"order\":5,\"idAttribute\":\"id\",\"label\":\"Kod pocztowy:\",\"type\":\"zip\",\"key\":\"zip_1511254413366\",\"label_pos\":\"above\",\"required\":1,\"default\":\"\",\"placeholder\":\"\",\"container_class\":\"one-half first input-wrapper\",\"element_class\":\"postid postid-input\",\"input_limit\":\"\",\"input_limit_type\":\"characters\",\"input_limit_msg\":\"\",\"manual_key\":1,\"disable_input\":\"\",\"admin_label\":\"\",\"help_text\":\"\",\"desc_text\":\"\",\"disable_browser_autocomplete\":\"\",\"mask\":\"custom\",\"custom_mask\":\"99999\",\"drawerDisabled\":false,\"custom_name_attribute\":\"zip\",\"personally_identifiable\":\"\",\"value\":\"\",\"field_label\":\"Postnr:\",\"field_key\":\"zip_1511254413366\",\"id\":362,\"beforeField\":\"\",\"afterField\":\"\",\"parentType\":\"zip\",\"element_templates\":[\"zip\",\"textbox\",\"input\",\"textbox\",\"input\"],\"old_classname\":\"\",\"wrap_template\":\"wrap\"},{\"objectType\":\"Field\",\"objectDomain\":\"fields\",\"editActive\":false,\"order\":6,\"idAttribute\":\"id\",\"type\":\"city\",\"label\":\"Miasto\",\"key\":\"city_1645448949310\",\"label_pos\":\"above\",\"required\":1,\"default\":\"\",\"placeholder\":\"\",\"container_class\":\"one-half last input-wrapper\",\"element_class\":\"town-input\",\"input_limit\":\"\",\"input_limit_type\":\"characters\",\"input_limit_msg\":\"Pozosta\\u0142e znaki\",\"manual_key\":false,\"admin_label\":\"\",\"help_text\":\"\",\"mask\":\"\",\"custom_mask\":\"\",\"custom_name_attribute\":\"city\",\"personally_identifiable\":\"\",\"value\":\"\",\"drawerDisabled\":false,\"id\":477,\"beforeField\":\"\",\"afterField\":\"\",\"parentType\":\"city\",\"element_templates\":[\"city\",\"textbox\",\"input\"],\"old_classname\":\"\",\"wrap_template\":\"wrap\"},{\"objectType\":\"Field\",\"objectDomain\":\"fields\",\"editActive\":false,\"order\":7,\"idAttribute\":\"id\",\"label\":\"HTML\",\"type\":\"html\",\"default\":\"<hr>\",\"container_class\":\"\",\"element_class\":\"\",\"key\":\"html_1510571964513\",\"drawerDisabled\":\"\",\"field_label\":\"HTML\",\"field_key\":\"html_1510571964513\",\"id\":358,\"beforeField\":\"\",\"afterField\":\"\",\"value\":\"<hr>\",\"label_pos\":\"above\",\"parentType\":\"html\",\"element_templates\":[\"html\",\"input\"],\"old_classname\":\"\",\"wrap_template\":\"wrap\"},{\"objectType\":\"Field\",\"objectDomain\":\"fields\",\"editActive\":false,\"order\":8,\"idAttribute\":\"id\",\"label\":\"Email:\",\"type\":\"email\",\"key\":\"email_1522760763384\",\"label_pos\":\"above\",\"required\":1,\"default\":\"\",\"placeholder\":\"\",\"container_class\":\"one-half first input-wrapper j-email-container\",\"element_class\":\"email-input j-email-input\",\"admin_label\":\"\",\"help_text\":\"\",\"desc_text\":\"\",\"drawerDisabled\":\"\",\"custom_name_attribute\":\"email\",\"personally_identifiable\":1,\"manual_key\":1,\"value\":\"\",\"field_label\":\"E-postadress:\",\"field_key\":\"email_1522760763384\",\"id\":359,\"beforeField\":\"\",\"afterField\":\"\",\"parentType\":\"email\",\"element_templates\":[\"email\",\"input\"],\"old_classname\":\"\",\"wrap_template\":\"wrap\"},{\"objectType\":\"Field\",\"objectDomain\":\"fields\",\"editActive\":false,\"order\":9,\"idAttribute\":\"id\",\"label\":\"HTML\",\"type\":\"html\",\"default\":\"<hr>\",\"container_class\":\"\",\"element_class\":\"\",\"key\":\"html_1618397953711\",\"drawerDisabled\":\"\",\"field_label\":\"HTML\",\"field_key\":\"html_1618397953711\",\"id\":366,\"beforeField\":\"\",\"afterField\":\"\",\"value\":\"<hr>\",\"label_pos\":\"above\",\"parentType\":\"html\",\"element_templates\":[\"html\",\"input\"],\"old_classname\":\"\",\"wrap_template\":\"wrap\"},{\"objectType\":\"Field\",\"objectDomain\":\"fields\",\"editActive\":false,\"order\":10,\"idAttribute\":\"id\",\"label\":\"Potwierdzam\",\"type\":\"listcheckbox\",\"key\":\"jeg_bekrefter_1522760799676\",\"label_pos\":\"hidden\",\"required\":1,\"options\":[{\"errors\":[],\"max_options\":0,\"label\":\"Potwierdzam, \\u017ce mam uko\\u0144czone 18 lat oraz \\u017ce przeczyta\\u0142em i zgadzam si\\u0119 z <a data-open=\\u201evillkoren\\u201d>regulaminem<\\\/a>\",\"value\":\"1\",\"calc\":\"\",\"selected\":0,\"order\":0,\"settingModel\":{\"settings\":false,\"hide_merge_tags\":false,\"error\":false,\"name\":\"options\",\"type\":\"option-repeater\",\"label\":\"Options <a href=\\\"#\\\" class=\\\"nf-add-new\\\">Add New<\\\/a> <a href=\\\"#\\\" class=\\\"extra nf-open-import-tooltip\\\"><i class=\\\"fa fa-sign-in\\\" aria-hidden=\\\"true\\\"><\\\/i> Import<\\\/a>\",\"width\":\"full\",\"group\":\"\",\"value\":[{\"label\":\"One\",\"value\":\"one\",\"calc\":\"\",\"selected\":0,\"order\":0},{\"label\":\"Two\",\"value\":\"two\",\"calc\":\"\",\"selected\":0,\"order\":1},{\"label\":\"Three\",\"value\":\"three\",\"calc\":\"\",\"selected\":0,\"order\":2}],\"columns\":{\"label\":{\"header\":\"Label\",\"default\":\"\"},\"value\":{\"header\":\"Value\",\"default\":\"\"},\"calc\":{\"header\":\"Calc Value\",\"default\":\"\"},\"selected\":{\"header\":\"<span class=\\\"dashicons dashicons-yes\\\"><\\\/span>\",\"default\":0}}},\"manual_value\":true}],\"container_class\":\"agreements first__checkbox__wrap j-firstCheckbox-container\",\"element_class\":\"firstCheckbox-input j-firstCheckbox-input\",\"admin_label\":\"\",\"help_text\":\"\",\"desc_text\":\"\",\"drawerDisabled\":false,\"field_label\":\"Jag bekr\\u00e4ftar\",\"field_key\":\"jag_bekraeftar_1522760799676\",\"manual_key\":true,\"id\":361,\"beforeField\":\"\",\"afterField\":\"\",\"value\":\"\",\"parentType\":\"list\",\"element_templates\":[\"listcheckbox\",\"input\"],\"old_classname\":\"list-checkbox\",\"wrap_template\":\"wrap\"},{\"objectType\":\"Field\",\"objectDomain\":\"fields\",\"editActive\":false,\"order\":11,\"idAttribute\":\"id\",\"label\":\"Mailchimp\",\"type\":\"listcheckbox\",\"key\":\"mailchimp_1538115860519\",\"label_pos\":\"hidden\",\"required\":\"\",\"options\":[{\"errors\":[],\"max_options\":0,\"label\":\"Do\\u0142\\u0105cz do naszej listy mailingowej i b\\u0105d\\u017a jednym z pierwszych, kt\\u00f3rzy otrzymaj\\u0105 wiadomo\\u015bci o produktach, nowo\\u015bciach i ekskluzywnych ofertach. Mo\\u017cesz zatrzyma\\u0107 t\\u0119 us\\u0142ug\\u0119 w dowolnym momencie. Wi\\u0119cej informacji znajdziesz w naszej polityce prywatno\\u015bci.\",\"value\":\"yes\",\"calc\":\"\",\"selected\":0,\"order\":0,\"settingModel\":{\"settings\":false,\"hide_merge_tags\":false,\"error\":false,\"name\":\"options\",\"type\":\"option-repeater\",\"label\":\"Options <a href=\\\"#\\\" class=\\\"nf-add-new\\\">Add New<\\\/a> <a href=\\\"#\\\" class=\\\"extra nf-open-import-tooltip\\\"><i class=\\\"fa fa-sign-in\\\" aria-hidden=\\\"true\\\"><\\\/i> Import<\\\/a>\",\"width\":\"full\",\"group\":\"\",\"value\":[{\"label\":\"One\",\"value\":\"one\",\"calc\":\"\",\"selected\":0,\"order\":0},{\"label\":\"Two\",\"value\":\"two\",\"calc\":\"\",\"selected\":0,\"order\":1},{\"label\":\"Three\",\"value\":\"three\",\"calc\":\"\",\"selected\":0,\"order\":2}],\"columns\":{\"label\":{\"header\":\"Label\",\"default\":\"\"},\"value\":{\"header\":\"Value\",\"default\":\"\"},\"calc\":{\"header\":\"Calc Value\",\"default\":\"\"},\"selected\":{\"header\":\"<span class=\\\"dashicons dashicons-yes\\\"><\\\/span>\",\"default\":0}}},\"manual_value\":true}],\"container_class\":\"agreements\",\"element_class\":\"secondCheckbox-input j-secondCheckbox-input\",\"admin_label\":\"\",\"help_text\":\"\",\"drawerDisabled\":false,\"field_label\":\"Mailchimp\",\"field_key\":\"mailchimp_1538115860519\",\"id\":365,\"beforeField\":\"\",\"afterField\":\"\",\"value\":\"\",\"parentType\":\"list\",\"element_templates\":[\"listcheckbox\",\"input\"],\"old_classname\":\"list-checkbox\",\"wrap_template\":\"wrap\"},{\"objectType\":\"Field\",\"objectDomain\":\"fields\",\"editActive\":false,\"order\":12,\"idAttribute\":\"id\",\"type\":\"html\",\"label\":\"Akceptowane metody p\\u0142atno\\u015bci\",\"default\":\"<br><hr>  <span>Akceptowane metody p\\u0142atno\\u015bci<\\\/span><br>  <img decoding=\\\"async\\\" src=\\\"https:\\\/\\\/tplus.com\\\/wp-content\\\/uploads\\\/2021\\\/11\\\/kort_logoer.png\\\" alt=\\\"Visa\\\/Mastercard\\\/American Express \\\" style=\\\"margin-bottom:0;\\\">\",\"container_class\":\"\",\"element_class\":\"\",\"key\":\"accepted_payment_methods_1645449881444\",\"drawerDisabled\":false,\"id\":478,\"beforeField\":\"\",\"afterField\":\"\",\"value\":\"<br><hr>  <span>Akceptowane metody p\\u0142atno\\u015bci<\\\/span><br>  <img decoding=\\\"async\\\" src=\\\"https:\\\/\\\/tplus.com\\\/wp-content\\\/uploads\\\/2021\\\/11\\\/kort_logoer.png\\\" alt=\\\"Visa\\\/Mastercard\\\/American Express \\\" style=\\\"margin-bottom:0;\\\">\",\"label_pos\":\"above\",\"parentType\":\"html\",\"element_templates\":[\"html\",\"input\"],\"old_classname\":\"\",\"wrap_template\":\"wrap\"},{\"objectType\":\"Field\",\"objectDomain\":\"fields\",\"editActive\":false,\"order\":13,\"idAttribute\":\"id\",\"label\":\"HTML\",\"type\":\"html\",\"default\":\"<p>Zam\\u00f3w pr\\u00f3bny pakiet z dwumiesi\\u0119cznym zapasem suplementu T+ za jedyne 19 \\u20ac (standardowa cena: 68 \\u20ac). Nasze produkty sprzedawane s\\u0105 w abonamencie BEZ OKRESU WI\\u0104\\u017b\\u0104CEGO. Dostarczane bezpo\\u015brednio do Twojej skrzynki pocztowej, zawsze BEZP\\u0141ATNA WYSY\\u0141KA. Produkt wysy\\u0142amy w dyskretnym opakowaniu. Przewidywany czas dostawy to 10 -16 dni. Po pierwszej dostawie otrzymasz dwa miesi\\u0105ce u\\u017cytkowania co dwa miesi\\u0105ce za jedyne 34 \\u20ac \\\/ miesi\\u0105c (ca\\u0142kowita cena za dwa miesi\\u0105ce u\\u017cytkowania: 68 \\u20ac). Mo\\u017cesz anulowa\\u0107 subskrypcj\\u0119 w dowolnym momencie..\\u00a0<br><\\\/p>\",\"container_class\":\"rules__container\",\"element_class\":\"\",\"key\":\"rules_1645449913637\",\"drawerDisabled\":false,\"field_label\":\"HTML\",\"field_key\":\"html_1510572123611\",\"id\":360,\"beforeField\":\"\",\"afterField\":\"\",\"value\":\"<p>Zam\\u00f3w pr\\u00f3bny pakiet z dwumiesi\\u0119cznym zapasem suplementu T+ za jedyne 19 \\u20ac (standardowa cena: 68 \\u20ac). Nasze produkty sprzedawane s\\u0105 w abonamencie BEZ OKRESU WI\\u0104\\u017b\\u0104CEGO. Dostarczane bezpo\\u015brednio do Twojej skrzynki pocztowej, zawsze BEZP\\u0141ATNA WYSY\\u0141KA. Produkt wysy\\u0142amy w dyskretnym opakowaniu. Przewidywany czas dostawy to 10 -16 dni. Po pierwszej dostawie otrzymasz dwa miesi\\u0105ce u\\u017cytkowania co dwa miesi\\u0105ce za jedyne 34 \\u20ac \\\/ miesi\\u0105c (ca\\u0142kowita cena za dwa miesi\\u0105ce u\\u017cytkowania: 68 \\u20ac). Mo\\u017cesz anulowa\\u0107 subskrypcj\\u0119 w dowolnym momencie..\\u00a0<br><\\\/p>\",\"label_pos\":\"above\",\"parentType\":\"html\",\"element_templates\":[\"html\",\"input\"],\"old_classname\":\"\",\"wrap_template\":\"wrap\"},{\"objectType\":\"Field\",\"objectDomain\":\"fields\",\"editActive\":false,\"order\":14,\"idAttribute\":\"id\",\"label\":\"Z\\u0142\\u00f3\\u017c zam\\u00f3wienie\",\"type\":\"submit\",\"processing_label\":\"Przetwarzanie\",\"container_class\":\"text-right submit-input-container\",\"element_class\":\"btn submit-input j-submit-input\",\"key\":\"place_order_1623925146127\",\"drawerDisabled\":false,\"field_label\":\"Best\\u00e4ll\",\"field_key\":\"bestaell_1522878566828\",\"id\":353,\"beforeField\":\"\",\"afterField\":\"\",\"value\":\"\",\"label_pos\":\"above\",\"parentType\":\"textbox\",\"element_templates\":[\"submit\",\"button\",\"input\"],\"old_classname\":\"\",\"wrap_template\":\"wrap-no-label\"},{\"objectType\":\"Field\",\"objectDomain\":\"fields\",\"editActive\":false,\"order\":15,\"idAttribute\":\"id\",\"label\":\"Hidden product id\",\"type\":\"hidden\",\"key\":\"hiddenid_1578910939865\",\"default\":511277,\"admin_label\":\"\",\"drawerDisabled\":false,\"manual_key\":1,\"field_label\":\"Hidden product id\",\"field_key\":\"hiddenid_1578910939865\",\"id\":363,\"beforeField\":\"\",\"afterField\":\"\",\"value\":\"511277\",\"label_pos\":\"above\",\"parentType\":\"hidden\",\"element_templates\":[\"hidden\",\"input\"],\"old_classname\":\"\",\"wrap_template\":\"wrap-no-label\"},{\"objectType\":\"Field\",\"objectDomain\":\"fields\",\"editActive\":false,\"order\":16,\"idAttribute\":\"id\",\"label\":\"HTML divider\",\"type\":\"html\",\"default\":\"<hr>\",\"container_class\":\"show-for-medium\",\"element_class\":\"\",\"key\":\"html_1645450001003\",\"drawerDisabled\":false,\"field_label\":\"HTML divider\",\"field_key\":\"html_divider_1618402465907\",\"id\":367,\"beforeField\":\"\",\"afterField\":\"\",\"value\":\"<hr>\",\"label_pos\":\"above\",\"parentType\":\"html\",\"element_templates\":[\"html\",\"input\"],\"old_classname\":\"\",\"wrap_template\":\"wrap\"},{\"objectType\":\"Field\",\"objectDomain\":\"fields\",\"editActive\":false,\"order\":17,\"idAttribute\":\"id\",\"type\":\"hidden\",\"label\":\"Submit value\",\"key\":\"submit_value_1645450024625\",\"default\":\"Card\",\"admin_label\":\"\",\"drawerDisabled\":false,\"manual_key\":true,\"id\":479,\"beforeField\":\"\",\"afterField\":\"\",\"value\":\"Card\",\"label_pos\":\"above\",\"parentType\":\"hidden\",\"element_templates\":[\"hidden\",\"input\"],\"old_classname\":\"\",\"wrap_template\":\"wrap-no-label\"},{\"objectType\":\"Field\",\"objectDomain\":\"fields\",\"editActive\":false,\"order\":18,\"idAttribute\":\"id\",\"type\":\"hidden\",\"label\":\"Hidden URL\",\"key\":\"hidden_url_1645450222217\",\"default\":\"Test\",\"admin_label\":\"\",\"drawerDisabled\":false,\"manual_key\":true,\"id\":480,\"beforeField\":\"\",\"afterField\":\"\",\"value\":\"Test\",\"label_pos\":\"above\",\"parentType\":\"hidden\",\"element_templates\":[\"hidden\",\"input\"],\"old_classname\":\"\",\"wrap_template\":\"wrap-no-label\"},{\"objectType\":\"Field\",\"objectDomain\":\"fields\",\"editActive\":false,\"order\":19,\"idAttribute\":\"id\",\"type\":\"hidden\",\"label\":\"Hidden country name\",\"key\":\"hidden_country_name_1645450231354\",\"default\":\"Poland\",\"admin_label\":\"\",\"drawerDisabled\":false,\"manual_key\":true,\"id\":481,\"beforeField\":\"\",\"afterField\":\"\",\"value\":\"Poland\",\"label_pos\":\"above\",\"parentType\":\"hidden\",\"element_templates\":[\"hidden\",\"input\"],\"old_classname\":\"\",\"wrap_template\":\"wrap-no-label\"},{\"objectType\":\"Field\",\"objectDomain\":\"fields\",\"editActive\":false,\"order\":20,\"idAttribute\":\"id\",\"type\":\"hidden\",\"label\":\"Betaling:\",\"key\":\"betaling_1645450231700\",\"default\":\"card\",\"admin_label\":\"\",\"drawerDisabled\":false,\"manual_key\":true,\"id\":482,\"beforeField\":\"\",\"afterField\":\"\",\"value\":\"card\",\"label_pos\":\"above\",\"parentType\":\"hidden\",\"element_templates\":[\"hidden\",\"input\"],\"old_classname\":\"\",\"wrap_template\":\"wrap-no-label\"},{\"objectType\":\"Field\",\"objectDomain\":\"fields\",\"editActive\":false,\"order\":21,\"idAttribute\":\"id\",\"type\":\"hidden\",\"label\":\"Hidden order WC ID\",\"key\":\"hidden_order_wc_id_1645450232020\",\"default\":\"\",\"admin_label\":\"\",\"manual_key\":true,\"drawerDisabled\":false,\"id\":483,\"beforeField\":\"\",\"afterField\":\"\",\"value\":\"\",\"label_pos\":\"above\",\"parentType\":\"hidden\",\"element_templates\":[\"hidden\",\"input\"],\"old_classname\":\"\",\"wrap_template\":\"wrap-no-label\"},{\"objectType\":\"Field\",\"objectDomain\":\"fields\",\"editActive\":false,\"order\":22,\"idAttribute\":\"id\",\"type\":\"hidden\",\"label\":\"Hidden product name\",\"key\":\"hidden_product_name_1645450232376\",\"default\":\"\",\"admin_label\":\"\",\"manual_key\":true,\"drawerDisabled\":false,\"id\":484,\"beforeField\":\"\",\"afterField\":\"\",\"value\":\"\",\"label_pos\":\"above\",\"parentType\":\"hidden\",\"element_templates\":[\"hidden\",\"input\"],\"old_classname\":\"\",\"wrap_template\":\"wrap-no-label\"},{\"objectType\":\"Field\",\"objectDomain\":\"fields\",\"editActive\":false,\"order\":23,\"idAttribute\":\"id\",\"type\":\"textbox\",\"label\":\"hidden lang\",\"key\":\"hidden_lang_1645456086332\",\"label_pos\":\"above\",\"required\":false,\"default\":\"\",\"placeholder\":\"\",\"container_class\":\"input-hidden\",\"element_class\":\"js-nf-lang\",\"input_limit\":\"\",\"input_limit_type\":\"characters\",\"input_limit_msg\":\"Character(s) left\",\"manual_key\":false,\"admin_label\":\"\",\"help_text\":\"\",\"mask\":\"\",\"custom_mask\":\"\",\"custom_name_attribute\":\"\",\"personally_identifiable\":\"\",\"value\":\"\",\"drawerDisabled\":false,\"id\":488,\"beforeField\":\"\",\"afterField\":\"\",\"parentType\":\"textbox\",\"element_templates\":[\"textbox\",\"input\"],\"old_classname\":\"\",\"wrap_template\":\"wrap\"}];nfForms.push(form);<\/script>\n        \n","protected":false},"excerpt":{"rendered":"","protected":false},"author":3,"featured_media":0,"parent":0,"menu_order":0,"comment_status":"closed","ping_status":"closed","template":"templates\/page-order-tilbake.php","meta":{"footnotes":""},"acf":[],"jetpack_shortlink":"https:\/\/wp.me\/Pa2D6c-27PJ","_links":{"self":[{"href":"https:\/\/tplus.com\/pl\/wp-json\/wp\/v2\/pages\/506771"}],"collection":[{"href":"https:\/\/tplus.com\/pl\/wp-json\/wp\/v2\/pages"}],"about":[{"href":"https:\/\/tplus.com\/pl\/wp-json\/wp\/v2\/types\/page"}],"author":[{"embeddable":true,"href":"https:\/\/tplus.com\/pl\/wp-json\/wp\/v2\/users\/3"}],"replies":[{"embeddable":true,"href":"https:\/\/tplus.com\/pl\/wp-json\/wp\/v2\/comments?post=506771"}],"version-history":[{"count":4,"href":"https:\/\/tplus.com\/pl\/wp-json\/wp\/v2\/pages\/506771\/revisions"}],"predecessor-version":[{"id":511296,"href":"https:\/\/tplus.com\/pl\/wp-json\/wp\/v2\/pages\/506771\/revisions\/511296"}],"wp:attachment":[{"href":"https:\/\/tplus.com\/pl\/wp-json\/wp\/v2\/media?parent=506771"}],"curies":[{"name":"wp","href":"https:\/\/api.w.org\/{rel}","templated":true}]}}