{"id":506772,"date":"2021-09-10T07:43:02","date_gmt":"2021-09-10T07:43:02","guid":{"rendered":"https:\/\/tplus.com\/o-suplementach-dla-mezczyzn\/fontanna-mlodosci-dla-mezczyzn\/"},"modified":"2021-09-27T09:30:09","modified_gmt":"2021-09-27T09:30:09","slug":"fontanna-mlodosci-dla-mezczyzn","status":"publish","type":"page","link":"https:\/\/tplus.com\/pl\/o-suplementach-dla-mezczyzn\/fontanna-mlodosci-dla-mezczyzn\/","title":{"rendered":"Fontanna m\u0142odo\u015bci dla m\u0119\u017cczyzn"},"content":{"rendered":"<p><strong>T\u0119sknisz za dniami, w kt\u00f3rych Twoja energia by\u0142a na szczycie i czu\u0142e\u015b si\u0119 silny fizycznie? Na szcz\u0119\u015bcie mo\u017cesz odzyska\u0107 to uczucie.<\/strong><\/p>\n<h4>Suplement diety na dobre zdrowie<\/h4>\n<p>Zdrowa dieta i \u0107wiczenia fizyczne s\u0105 niezb\u0119dne do przeciwdzia\u0142ania skutkom zwi\u0105zanego z wiekiem niskiego poziomu testosteronu. Je\u015bli po\u0142\u0105czysz t\u0119 diet\u0119 i \u0107wiczenia z dobrym suplementem diety, efekt b\u0119dzie jeszcze lepszy.<\/p>\n<p>Suplement diety T+ nazywany jest fontann\u0105 m\u0142odo\u015bci dla m\u0119\u017cczyzn, poniewa\u017c mo\u017ce pom\u00f3c:<\/p>\n<ul>\n<li>zwi\u0119kszy\u0107 Twoj\u0105 energi\u0119*<\/li>\n<li>budowa\u0107 si\u0142\u0119 mi\u0119\u015bni*<\/li>\n<li>zwi\u0119kszy\u0107 pop\u0119d seksualny*<\/li>\n<li>poprawi\u0107 twoj\u0105\u00a0sylwetk\u0119*<\/li>\n<\/ul>\n<h4>Odkryj fontann\u0119 m\u0142odo\u015bci<\/h4>\n<p>T+ zawiera kozieradk\u0119, witaminy i minera\u0142y. Suplement diety uwalnia do organizmu testosteron zwi\u0105zany, zmniejsza zm\u0119czenie i os\u0142abienie oraz poprawia prawid\u0142owe funkcjonowanie mi\u0119\u015bni.*<\/p>\n<p><a href=\"https:\/\/tplus.com\/pl\/kampania\/\"><u>Odkryj T+, fontann\u0119 m\u0142odo\u015bci<\/u><\/a><\/p>\n<h6><\/h6>\n<h6>Ekstrakt z kozieradki uwalnia testosteron zwi\u0105zany do krwiobiegu, poprawia rozw\u00f3j masy mi\u0119\u015bniowej i wspomaga metabolizm. Cynk pomaga w utrzymaniu prawid\u0142owego poziomu testosteronu, prawid\u0142owej p\u0142odno\u015bci i zdolno\u015bci rozrodczych. Ryboflawina i pirydoksyna pomagaj\u0105 zmniejszy\u0107 zm\u0119czenie i brak energii oraz utrzyma\u0107 i zr\u00f3wnowa\u017cy\u0107 aktywno\u015b\u0107 hormonaln\u0105. Witamina D pomaga wzmocni\u0107 ko\u015bci, struktur\u0119 szkieletu i uk\u0142ad odporno\u015bciowy oraz wspomaga prawid\u0142owe funkcjonowanie mi\u0119\u015bni. Magnez i niacyna przyczyniaj\u0105 si\u0119 do prawid\u0142owego funkcjonowania muskulatury, metabolizmu energii i uk\u0142adu nerwowego.<\/h6>\n<div class=\"wp-block-spacer\" style=\"height: 100px;\" aria-hidden=\"true\"><\/div>\n","protected":false},"excerpt":{"rendered":"<p>T\u0119sknisz za dniami, w kt\u00f3rych Twoja energia by\u0142a na szczycie i czu\u0142e\u015b si\u0119 silny fizycznie? Na szcz\u0119\u015bcie mo\u017cesz odzyska\u0107 to uczucie. Suplement diety na dobre zdrowie Zdrowa dieta i \u0107wiczenia fizyczne s\u0105 niezb\u0119dne do przeciwdzia\u0142ania skutkom zwi\u0105zanego z wiekiem niskiego poziomu testosteronu. Je\u015bli po\u0142\u0105czysz t\u0119 diet\u0119 i \u0107wiczenia z dobrym suplementem diety, efekt b\u0119dzie jeszcze [&hellip;]<\/p>\n","protected":false},"author":1,"featured_media":0,"parent":506764,"menu_order":0,"comment_status":"closed","ping_status":"closed","template":"","meta":{"_acf_changed":false,"footnotes":""},"class_list":["post-506772","page","type-page","status-publish","hentry"],"acf":[],"jetpack_shortlink":"https:\/\/wp.me\/Pa2D6c-27PK","jetpack_sharing_enabled":true,"_links":{"self":[{"href":"https:\/\/tplus.com\/pl\/wp-json\/wp\/v2\/pages\/506772","targetHints":{"allow":["GET"]}}],"collection":[{"href":"https:\/\/tplus.com\/pl\/wp-json\/wp\/v2\/pages"}],"about":[{"href":"https:\/\/tplus.com\/pl\/wp-json\/wp\/v2\/types\/page"}],"author":[{"embeddable":true,"href":"https:\/\/tplus.com\/pl\/wp-json\/wp\/v2\/users\/1"}],"replies":[{"embeddable":true,"href":"https:\/\/tplus.com\/pl\/wp-json\/wp\/v2\/comments?post=506772"}],"version-history":[{"count":2,"href":"https:\/\/tplus.com\/pl\/wp-json\/wp\/v2\/pages\/506772\/revisions"}],"predecessor-version":[{"id":507218,"href":"https:\/\/tplus.com\/pl\/wp-json\/wp\/v2\/pages\/506772\/revisions\/507218"}],"up":[{"embeddable":true,"href":"https:\/\/tplus.com\/pl\/wp-json\/wp\/v2\/pages\/506764"}],"wp:attachment":[{"href":"https:\/\/tplus.com\/pl\/wp-json\/wp\/v2\/media?parent=506772"}],"curies":[{"name":"wp","href":"https:\/\/api.w.org\/{rel}","templated":true}]}}