{"id":506777,"date":"2021-09-10T07:43:04","date_gmt":"2021-09-10T07:43:04","guid":{"rendered":"https:\/\/tplus.com\/o-suplementach-dla-mezczyzn\/zachowaj-miesnie-stosujac-suplement-diety-dla-mezczyzn\/"},"modified":"2021-09-15T13:37:52","modified_gmt":"2021-09-15T13:37:52","slug":"zachowaj-miesnie-stosujac-suplement-diety-dla-mezczyzn","status":"publish","type":"page","link":"https:\/\/tplus.com\/pl\/o-suplementach-dla-mezczyzn\/zachowaj-miesnie-stosujac-suplement-diety-dla-mezczyzn\/","title":{"rendered":"Zachowaj mi\u0119\u015bnie, stosuj\u0105c suplement diety dla m\u0119\u017cczyzn"},"content":{"rendered":"<p><strong>Zapewne ju\u017c to wszystko s\u0142ysza\u0142e\u015b: \u0107wiczenia maj\u0105 ulotny efekt, a Twoje mi\u0119\u015bnie znikn\u0105, je\u015bli przestaniesz \u0107wiczy\u0107. Jednak m\u0119\u017cczy\u017ani z niskim poziomem testosteronu zwi\u0105zanym z wiekiem cz\u0119sto potrzebuj\u0105 czego\u015b wi\u0119cej, aby przesta\u0107 traci\u0107 si\u0142\u0119 mi\u0119\u015bni i przybiera\u0107 na wadze.<\/strong><\/p>\n<h4>Utrata masy mi\u0119\u015bniowej<\/h4>\n<p>Utrata mi\u0119\u015bni jest naturaln\u0105 cz\u0119\u015bci\u0105 procesu starzenia. W niekt\u00f3rych przypadkach zaczyna si\u0119 ju\u017c w wieku 30 lat. Ale jest wiele rzeczy, kt\u00f3re mo\u017cna zrobi\u0107, aby ograniczy\u0107 utrat\u0119 mi\u0119\u015bni \u2013 i prowadzi\u0107 zdrowe, aktywne i d\u0142ugie \u017cycie.<\/p>\n<h4>Jak utrzyma\u0107 si\u0142\u0119 mi\u0119\u015bni<\/h4>\n<ul>\n<li>\u0106wicz \/ trenuj regularnie<\/li>\n<li>Stosuj zdrow\u0105 diet\u0119 (najlepiej bogat\u0105 w bia\u0142ko)<\/li>\n<li>We\u017a suplement diety, kt\u00f3ry uwalnia testosteron<\/li>\n<\/ul>\n<p>Niski poziom testosteronu jest jednym z powod\u00f3w, dla kt\u00f3rych m\u0119\u017cczy\u017ani, do\u015bwiadczaj\u0105cy zwi\u0105zanego z wiekiem niskiego poziomu testosteronu, trac\u0105 mas\u0119 mi\u0119\u015bniow\u0105 i przybieraj\u0105 na wadze. Suplement diety T+ pomaga organizmowi uwolni\u0107 testosteron do krwiobiegu, a przyjmowanie go codziennie zwi\u0119ksza szanse na utrzymanie zdrowych mi\u0119\u015bni.*<\/p>\n<p><a href=\"https:\/\/tplus.com\/pl\/kampania\/\"><u>Zapobiegaj utracie mi\u0119\u015bni dzi\u0119ki T+<\/u><\/a><\/p>\n<h6>Ekstrakt z kozieradki uwalnia testosteron zwi\u0105zany do krwiobiegu, poprawia rozw\u00f3j masy mi\u0119\u015bniowej i wspomaga metabolizm. Cynk pomaga w utrzymaniu prawid\u0142owego poziomu testosteronu, prawid\u0142owej p\u0142odno\u015bci i zdolno\u015bci rozrodczych. Ryboflawina i pirydoksyna pomagaj\u0105 zmniejszy\u0107 zm\u0119czenie i brak energii oraz utrzyma\u0107 i zr\u00f3wnowa\u017cy\u0107 aktywno\u015b\u0107 hormonaln\u0105. Witamina D pomaga wzmocni\u0107 ko\u015bci, struktur\u0119 szkieletu i uk\u0142ad odporno\u015bciowy oraz wspomaga prawid\u0142owe funkcjonowanie mi\u0119\u015bni. Magnez i niacyna przyczyniaj\u0105 si\u0119 do prawid\u0142owego funkcjonowania muskulatury, metabolizmu energii i uk\u0142adu nerwowego.<\/h6>\n<div class=\"wp-block-spacer\" style=\"height: 100px;\" aria-hidden=\"true\"><\/div>\n","protected":false},"excerpt":{"rendered":"<p>Zapewne ju\u017c to wszystko s\u0142ysza\u0142e\u015b: \u0107wiczenia maj\u0105 ulotny efekt, a Twoje mi\u0119\u015bnie znikn\u0105, je\u015bli przestaniesz \u0107wiczy\u0107. Jednak m\u0119\u017cczy\u017ani z niskim poziomem testosteronu zwi\u0105zanym z wiekiem cz\u0119sto potrzebuj\u0105 czego\u015b wi\u0119cej, aby przesta\u0107 traci\u0107 si\u0142\u0119 mi\u0119\u015bni i przybiera\u0107 na wadze. Utrata masy mi\u0119\u015bniowej Utrata mi\u0119\u015bni jest naturaln\u0105 cz\u0119\u015bci\u0105 procesu starzenia. W niekt\u00f3rych przypadkach zaczyna si\u0119 ju\u017c w [&hellip;]<\/p>\n","protected":false},"author":1,"featured_media":0,"parent":506764,"menu_order":0,"comment_status":"closed","ping_status":"closed","template":"","meta":{"_acf_changed":false,"footnotes":""},"class_list":["post-506777","page","type-page","status-publish","hentry"],"acf":[],"jetpack_shortlink":"https:\/\/wp.me\/Pa2D6c-27PP","jetpack_sharing_enabled":true,"_links":{"self":[{"href":"https:\/\/tplus.com\/pl\/wp-json\/wp\/v2\/pages\/506777","targetHints":{"allow":["GET"]}}],"collection":[{"href":"https:\/\/tplus.com\/pl\/wp-json\/wp\/v2\/pages"}],"about":[{"href":"https:\/\/tplus.com\/pl\/wp-json\/wp\/v2\/types\/page"}],"author":[{"embeddable":true,"href":"https:\/\/tplus.com\/pl\/wp-json\/wp\/v2\/users\/1"}],"replies":[{"embeddable":true,"href":"https:\/\/tplus.com\/pl\/wp-json\/wp\/v2\/comments?post=506777"}],"version-history":[{"count":1,"href":"https:\/\/tplus.com\/pl\/wp-json\/wp\/v2\/pages\/506777\/revisions"}],"predecessor-version":[{"id":506955,"href":"https:\/\/tplus.com\/pl\/wp-json\/wp\/v2\/pages\/506777\/revisions\/506955"}],"up":[{"embeddable":true,"href":"https:\/\/tplus.com\/pl\/wp-json\/wp\/v2\/pages\/506764"}],"wp:attachment":[{"href":"https:\/\/tplus.com\/pl\/wp-json\/wp\/v2\/media?parent=506777"}],"curies":[{"name":"wp","href":"https:\/\/api.w.org\/{rel}","templated":true}]}}