{"id":506778,"date":"2021-09-10T07:43:04","date_gmt":"2021-09-10T07:43:04","guid":{"rendered":"https:\/\/tplus.com\/test-pozadania-seksualnego-dla-mezczyzn\/"},"modified":"2022-03-09T18:51:34","modified_gmt":"2022-03-09T18:51:34","slug":"test-popedu-seksualnego-dla-mezczyzn","status":"publish","type":"page","link":"https:\/\/tplus.com\/pl\/test-popedu-seksualnego-dla-mezczyzn\/","title":{"rendered":"Test pop\u0119du seksualnego dla m\u0119\u017cczyzn"},"content":{"rendered":"<p>Jak oceniasz sw\u00f3j poziom pop\u0119du seksualnego? Mimo \u017ce jest to nieformalny test, jest tak interesuj\u0105cy, \u017ce zar\u00f3wno The Sun, jak i The Daily Mail zdecydowa\u0142y si\u0119 go opublikowa\u0107. Rozwi\u0105\u017c test z 8 prostymi pytaniami, aby okre\u015bli\u0107 sw\u00f3j wynik. Niski wynik nie musi oznacza\u0107, \u017ce co\u015b jest z Tob\u0105 nie tak, ale mo\u017ce wskazywa\u0107, \u017ce musisz zrobi\u0107 co\u015b, aby poprawi\u0107 swoje libido.<\/p>\n\n\n<p><\/p>\n","protected":false},"excerpt":{"rendered":"<p>Jak oceniasz sw\u00f3j poziom pop\u0119du seksualnego? Mimo \u017ce jest to nieformalny test, jest tak interesuj\u0105cy, \u017ce zar\u00f3wno The Sun, jak i The Daily Mail zdecydowa\u0142y si\u0119 go opublikowa\u0107. Rozwi\u0105\u017c test z 8 prostymi pytaniami, aby okre\u015bli\u0107 sw\u00f3j wynik. Niski wynik nie musi oznacza\u0107, \u017ce co\u015b jest z Tob\u0105 nie tak, ale mo\u017ce wskazywa\u0107, \u017ce musisz [&hellip;]<\/p>\n","protected":false},"author":1,"featured_media":0,"parent":0,"menu_order":0,"comment_status":"closed","ping_status":"closed","template":"templates\/quiz-form-sextest.php","meta":{"_acf_changed":false,"footnotes":""},"class_list":["post-506778","page","type-page","status-publish","hentry"],"acf":[],"jetpack_shortlink":"https:\/\/wp.me\/Pa2D6c-27PQ","jetpack_sharing_enabled":true,"_links":{"self":[{"href":"https:\/\/tplus.com\/pl\/wp-json\/wp\/v2\/pages\/506778","targetHints":{"allow":["GET"]}}],"collection":[{"href":"https:\/\/tplus.com\/pl\/wp-json\/wp\/v2\/pages"}],"about":[{"href":"https:\/\/tplus.com\/pl\/wp-json\/wp\/v2\/types\/page"}],"author":[{"embeddable":true,"href":"https:\/\/tplus.com\/pl\/wp-json\/wp\/v2\/users\/1"}],"replies":[{"embeddable":true,"href":"https:\/\/tplus.com\/pl\/wp-json\/wp\/v2\/comments?post=506778"}],"version-history":[{"count":3,"href":"https:\/\/tplus.com\/pl\/wp-json\/wp\/v2\/pages\/506778\/revisions"}],"predecessor-version":[{"id":511443,"href":"https:\/\/tplus.com\/pl\/wp-json\/wp\/v2\/pages\/506778\/revisions\/511443"}],"wp:attachment":[{"href":"https:\/\/tplus.com\/pl\/wp-json\/wp\/v2\/media?parent=506778"}],"curies":[{"name":"wp","href":"https:\/\/api.w.org\/{rel}","templated":true}]}}