{"id":506780,"date":"2021-09-10T07:43:05","date_gmt":"2021-09-10T07:43:05","guid":{"rendered":"https:\/\/tplus.com\/o-suplementach-dla-mezczyzn\/suplement-diety-ktory-da-ci-wiecej-energii\/"},"modified":"2021-09-15T13:30:23","modified_gmt":"2021-09-15T13:30:23","slug":"suplement-diety-ktory-da-ci-wiecej-energii","status":"publish","type":"page","link":"https:\/\/tplus.com\/pl\/o-suplementach-dla-mezczyzn\/suplement-diety-ktory-da-ci-wiecej-energii\/","title":{"rendered":"Suplement diety kt\u00f3ry da Ci wi\u0119cej energii"},"content":{"rendered":"<p><strong>Powszechnie wiadomo, \u017ce sen, dieta i \u0107wiczenia dodaj\u0105 energii i poprawiaj\u0105 jako\u015b\u0107 \u017cycia. Ale dla wielu m\u0119\u017cczyzn z niskim poziomem testosteronu zwi\u0105zanym z wiekiem, to nie wystarczy, aby poczuli si\u0119 dobrze. Tabletki energetyczne mog\u0105 da\u0107 ci zastrzyk, kt\u00f3rego potrzebujesz.<\/strong><\/p>\n<h4>Energy tablets to combat low energy<\/h4>\n<p>T+ to suplement diety o wyj\u0105tkowej zawarto\u015bci kozieradki, witamin i minera\u0142\u00f3w, kt\u00f3re pomagaj\u0105 organizmowi uwolni\u0107 wi\u0119cej testosteronu. Codzienne przyjmowanie T+ pomaga uzyska\u0107 wi\u0119cej energii. T+ to idealna pigu\u0142ka energetyczna dla m\u0119\u017cczyzn, kt\u00f3rzy lubi\u0105 \u0107wiczy\u0107 i chc\u0105 poprawi\u0107 swoje wyniki zar\u00f3wno fizycznie, jak i psychicznie.*<\/p>\n<p><a href=\"https:\/\/tplus.com\/pl\/kampania\/\"><u>Zwi\u0119ksz sw\u00f3j poziom energii z T+<\/u><\/a><\/p>\n<h6>Ekstrakt z kozieradki uwalnia testosteron zwi\u0105zany do krwiobiegu, poprawia rozw\u00f3j masy mi\u0119\u015bniowej i wspomaga metabolizm. Cynk pomaga w utrzymaniu prawid\u0142owego poziomu testosteronu, prawid\u0142owej p\u0142odno\u015bci i zdolno\u015bci rozrodczych. Ryboflawina i pirydoksyna pomagaj\u0105 zmniejszy\u0107 zm\u0119czenie i brak energii oraz utrzyma\u0107 i zr\u00f3wnowa\u017cy\u0107 aktywno\u015b\u0107 hormonaln\u0105. Witamina D pomaga wzmocni\u0107 ko\u015bci, struktur\u0119 szkieletu i uk\u0142ad odporno\u015bciowy oraz wspomaga prawid\u0142owe funkcjonowanie mi\u0119\u015bni. Magnez i niacyna przyczyniaj\u0105 si\u0119 do prawid\u0142owego funkcjonowania muskulatury, metabolizmu energii i uk\u0142adu nerwowego.<\/h6>\n<div class=\"wp-block-spacer\" style=\"height: 100px;\" aria-hidden=\"true\"><\/div>\n","protected":false},"excerpt":{"rendered":"<p>Powszechnie wiadomo, \u017ce sen, dieta i \u0107wiczenia dodaj\u0105 energii i poprawiaj\u0105 jako\u015b\u0107 \u017cycia. Ale dla wielu m\u0119\u017cczyzn z niskim poziomem testosteronu zwi\u0105zanym z wiekiem, to nie wystarczy, aby poczuli si\u0119 dobrze. Tabletki energetyczne mog\u0105 da\u0107 ci zastrzyk, kt\u00f3rego potrzebujesz. Energy tablets to combat low energy T+ to suplement diety o wyj\u0105tkowej zawarto\u015bci kozieradki, witamin i [&hellip;]<\/p>\n","protected":false},"author":1,"featured_media":0,"parent":506764,"menu_order":0,"comment_status":"closed","ping_status":"closed","template":"","meta":{"_acf_changed":false,"footnotes":""},"class_list":["post-506780","page","type-page","status-publish","hentry"],"acf":[],"jetpack_shortlink":"https:\/\/wp.me\/Pa2D6c-27PS","jetpack_sharing_enabled":true,"_links":{"self":[{"href":"https:\/\/tplus.com\/pl\/wp-json\/wp\/v2\/pages\/506780","targetHints":{"allow":["GET"]}}],"collection":[{"href":"https:\/\/tplus.com\/pl\/wp-json\/wp\/v2\/pages"}],"about":[{"href":"https:\/\/tplus.com\/pl\/wp-json\/wp\/v2\/types\/page"}],"author":[{"embeddable":true,"href":"https:\/\/tplus.com\/pl\/wp-json\/wp\/v2\/users\/1"}],"replies":[{"embeddable":true,"href":"https:\/\/tplus.com\/pl\/wp-json\/wp\/v2\/comments?post=506780"}],"version-history":[{"count":1,"href":"https:\/\/tplus.com\/pl\/wp-json\/wp\/v2\/pages\/506780\/revisions"}],"predecessor-version":[{"id":506950,"href":"https:\/\/tplus.com\/pl\/wp-json\/wp\/v2\/pages\/506780\/revisions\/506950"}],"up":[{"embeddable":true,"href":"https:\/\/tplus.com\/pl\/wp-json\/wp\/v2\/pages\/506764"}],"wp:attachment":[{"href":"https:\/\/tplus.com\/pl\/wp-json\/wp\/v2\/media?parent=506780"}],"curies":[{"name":"wp","href":"https:\/\/api.w.org\/{rel}","templated":true}]}}