{"id":506782,"date":"2021-09-10T07:43:05","date_gmt":"2021-09-10T07:43:05","guid":{"rendered":"https:\/\/tplus.com\/o-suplementach-dla-mezczyzn\/wroc-szybko-do-formy\/"},"modified":"2021-09-15T13:36:46","modified_gmt":"2021-09-15T13:36:46","slug":"wroc-szybko-do-formy","status":"publish","type":"page","link":"https:\/\/tplus.com\/pl\/o-suplementach-dla-mezczyzn\/wroc-szybko-do-formy\/","title":{"rendered":"Wr\u00f3\u0107 szybko do formy"},"content":{"rendered":"<p><strong>Chcesz przygotowa\u0107 si\u0119 na sportowe wyzwanie?<span class=\"Apple-converted-space\">\u00a0 <\/span>A mo\u017ce chcesz czu\u0107 si\u0119 dobrze w koszulce tego lata? Dla m\u0119\u017cczyzn powy\u017cej 40 roku \u017cycia forma i sprawno\u015b\u0107 fizyczna mog\u0105 by\u0107 trudne do utrzymania.<\/strong><\/p>\n<h4>Niewystarczaj\u0105ca ilo\u015b\u0107 testosteronu mo\u017ce uniemo\u017cliwi\u0107 uzyskanie formy<\/h4>\n<p>Wielu m\u0119\u017cczyzn boryka si\u0119 z brakiem takiej energii jak\u0105 odczuwali dawniej co nie pozwala im osi\u0105ga\u0107 po\u017c\u0105danych rezultat\u00f3w z \u0107wicze\u0144. Mo\u017ce to by\u0107 spowodowane niskim poziomem testosteronu. Na szcz\u0119\u015bcie jest co\u015b co mo\u017cesz z tym zrobi\u0107\u00a0.<\/p>\n<h4>Mniej t\u0142uszczu &#8211; wi\u0119cej mi\u0119\u015bni<\/h4>\n<p>U doros\u0142ych m\u0119\u017cczyzn, zbyt du\u017co t\u0142uszczu w okolicach brzucha mo\u017ce wynika\u0107 z tego, \u017ce organizm nie wytwarza wystarczaj\u0105cej ilo\u015bci m\u0119skiego hormonu p\u0142ciowego &#8211; testosteronu. Brak testosteronu utrudnia z kolei utrat\u0119 wagi i utrzymanie si\u0142y mi\u0119\u015bniowej. Innymi s\u0142owy, staje si\u0119 to b\u0142\u0119dnym ko\u0142em. Rozwi\u0105zaniem jest prawdziwy wysi\u0142ek zar\u00f3wno na si\u0142owni jak i w kuchni. A pomagaj\u0105c organizmowi uwolni\u0107 wi\u0119cej testosteronu, zwi\u0119kszasz swoje szanse na uzyskanie po\u017c\u0105danego cia\u0142a. T+ to suplement diety o wyj\u0105tkowej zawarto\u015bci kozieradki, witamin i minera\u0142\u00f3w, kt\u00f3ra u\u0142atwia uzyskanie wymarzonej sylwetki.*<\/p>\n<p><a href=\"https:\/\/tplus.com\/pl\/kampania\/\"><u>Wr\u00f3\u0107 do formy z T+<\/u><\/a><\/p>\n<h6>Ekstrakt z kozieradki uwalnia testosteron zwi\u0105zany do krwiobiegu, poprawia rozw\u00f3j masy mi\u0119\u015bniowej i wspomaga metabolizm. Cynk pomaga w utrzymaniu prawid\u0142owego poziomu testosteronu, prawid\u0142owej p\u0142odno\u015bci i zdolno\u015bci rozrodczych. Ryboflawina i pirydoksyna pomagaj\u0105 zmniejszy\u0107 zm\u0119czenie i brak energii oraz utrzyma\u0107 i zr\u00f3wnowa\u017cy\u0107 aktywno\u015b\u0107 hormonaln\u0105. Witamina D pomaga wzmocni\u0107 ko\u015bci, struktur\u0119 szkieletu i uk\u0142ad odporno\u015bciowy oraz wspomaga prawid\u0142owe funkcjonowanie mi\u0119\u015bni. Magnez i niacyna przyczyniaj\u0105 si\u0119 do prawid\u0142owego funkcjonowania muskulatury, metabolizmu energii i uk\u0142adu nerwowego.<\/h6>\n<div class=\"wp-block-spacer\" style=\"height: 100px;\" aria-hidden=\"true\"><\/div>\n","protected":false},"excerpt":{"rendered":"<p>Chcesz przygotowa\u0107 si\u0119 na sportowe wyzwanie?\u00a0 A mo\u017ce chcesz czu\u0107 si\u0119 dobrze w koszulce tego lata? Dla m\u0119\u017cczyzn powy\u017cej 40 roku \u017cycia forma i sprawno\u015b\u0107 fizyczna mog\u0105 by\u0107 trudne do utrzymania. Niewystarczaj\u0105ca ilo\u015b\u0107 testosteronu mo\u017ce uniemo\u017cliwi\u0107 uzyskanie formy Wielu m\u0119\u017cczyzn boryka si\u0119 z brakiem takiej energii jak\u0105 odczuwali dawniej co nie pozwala im osi\u0105ga\u0107 po\u017c\u0105danych [&hellip;]<\/p>\n","protected":false},"author":1,"featured_media":0,"parent":506764,"menu_order":0,"comment_status":"closed","ping_status":"closed","template":"","meta":{"_acf_changed":false,"footnotes":""},"class_list":["post-506782","page","type-page","status-publish","hentry"],"acf":[],"jetpack_shortlink":"https:\/\/wp.me\/Pa2D6c-27PU","jetpack_sharing_enabled":true,"_links":{"self":[{"href":"https:\/\/tplus.com\/pl\/wp-json\/wp\/v2\/pages\/506782","targetHints":{"allow":["GET"]}}],"collection":[{"href":"https:\/\/tplus.com\/pl\/wp-json\/wp\/v2\/pages"}],"about":[{"href":"https:\/\/tplus.com\/pl\/wp-json\/wp\/v2\/types\/page"}],"author":[{"embeddable":true,"href":"https:\/\/tplus.com\/pl\/wp-json\/wp\/v2\/users\/1"}],"replies":[{"embeddable":true,"href":"https:\/\/tplus.com\/pl\/wp-json\/wp\/v2\/comments?post=506782"}],"version-history":[{"count":1,"href":"https:\/\/tplus.com\/pl\/wp-json\/wp\/v2\/pages\/506782\/revisions"}],"predecessor-version":[{"id":506954,"href":"https:\/\/tplus.com\/pl\/wp-json\/wp\/v2\/pages\/506782\/revisions\/506954"}],"up":[{"embeddable":true,"href":"https:\/\/tplus.com\/pl\/wp-json\/wp\/v2\/pages\/506764"}],"wp:attachment":[{"href":"https:\/\/tplus.com\/pl\/wp-json\/wp\/v2\/media?parent=506782"}],"curies":[{"name":"wp","href":"https:\/\/api.w.org\/{rel}","templated":true}]}}