{"id":506788,"date":"2021-09-10T07:43:07","date_gmt":"2021-09-10T07:43:07","guid":{"rendered":"https:\/\/tplus.com\/o-suplementach-dla-mezczyzn\/jak-mozna-zwiekszyc-metabolizm\/"},"modified":"2021-09-27T09:37:07","modified_gmt":"2021-09-27T09:37:07","slug":"jak-mozna-zwiekszyc-metabolizm","status":"publish","type":"page","link":"https:\/\/tplus.com\/pl\/o-suplementach-dla-mezczyzn\/jak-mozna-zwiekszyc-metabolizm\/","title":{"rendered":"Jak mo\u017cna zwi\u0119kszy\u0107 metabolizm?"},"content":{"rendered":"<p><strong>Regularne \u0107wiczenia i zdrowa dieta s\u0105 wa\u017cne dla utrzymania dobrego metabolizmu. Ale dla m\u0119\u017cczyzn po 40 roku \u017cycia, uzyskanie wymiernych efekt\u00f3w mo\u017ce by\u0107 trudne.\u00a0<\/strong><\/p>\n<h4>Zadbaj o kondycj\u0119 swojego cia\u0142a<\/h4>\n<p>Brak testosteronu mo\u017ce powodowa\u0107 zm\u0119czenie psychiczne i fizyczne. A m\u0119\u017cczy\u017ani do\u015bwiadczaj\u0105cy zwi\u0105zanego z wiekiem niskiego poziomu testosteronu cz\u0119sto maj\u0105 trudno\u015bci z utrzymaniem formy. Mo\u017ce to by\u0107 trudne nawet dla tych, kt\u00f3rzy regularnie \u0107wicz\u0105, co mo\u017ce \u0142atwo podwa\u017cy\u0107 ich motywacj\u0119 i poczucie w\u0142asnej warto\u015bci. Niestety nadwaga mo\u017ce jeszcze bardziej zmniejszy\u0107 produkcj\u0119 testosteronu w organizmie. Wi\u0119c co powiniene\u015b zrobi\u0107? Rozwi\u0105zaniem jest regularne \u0107wiczenia, zdrowa dieta \u2013 i przyjmowanie suplementu diety, kt\u00f3ry pomaga uwolni\u0107 wi\u0119cej testosteronu zwi\u0105zanego w organizmie.<\/p>\n<h4>Normalizuj sw\u00f3j metabolizm<\/h4>\n<p>Produkcja testosteronu u m\u0119\u017cczyzn spada wraz z wiekiem, co z kolei zmniejsza r\u00f3wnie\u017c metabolizm. Na szcz\u0119\u015bcie istniej\u0105 sposoby na ponowne przywr\u00f3cenie metabolizmu. T+ to naturalny, dost\u0119pny bez recepty suplement diety dla m\u0119\u017cczyzn, kt\u00f3ry pomaga uwolni\u0107 testosteron zwi\u0105zany do organizmu, co z kolei wspomaga stymulacj\u0119 metabolizmu. U\u0142atwia to r\u00f3wnie\u017c utrzymanie sta\u0142ej formy.*<\/p>\n<p><a href=\"https:\/\/tplus.com\/pl\/kampania\/\"><u>Zam\u00f3w suplement diety T+ tutaj<\/u><\/a><\/p>\n<h6>Ekstrakt z kozieradki uwalnia testosteron zwi\u0105zany do krwiobiegu, poprawia rozw\u00f3j masy mi\u0119\u015bniowej i wspomaga metabolizm. Cynk pomaga w utrzymaniu prawid\u0142owego poziomu testosteronu, prawid\u0142owej p\u0142odno\u015bci i zdolno\u015bci rozrodczych. Ryboflawina i pirydoksyna pomagaj\u0105 zmniejszy\u0107 zm\u0119czenie i brak energii oraz utrzyma\u0107 i zr\u00f3wnowa\u017cy\u0107 aktywno\u015b\u0107 hormonaln\u0105. Witamina D pomaga wzmocni\u0107 ko\u015bci, struktur\u0119 szkieletu i uk\u0142ad odporno\u015bciowy oraz wspomaga prawid\u0142owe funkcjonowanie mi\u0119\u015bni. Magnez i niacyna przyczyniaj\u0105 si\u0119 do prawid\u0142owego funkcjonowania muskulatury, metabolizmu energii i uk\u0142adu nerwowego.<\/h6>\n<div class=\"wp-block-spacer\" style=\"height: 100px;\" aria-hidden=\"true\"><\/div>\n","protected":false},"excerpt":{"rendered":"<p>Regularne \u0107wiczenia i zdrowa dieta s\u0105 wa\u017cne dla utrzymania dobrego metabolizmu. Ale dla m\u0119\u017cczyzn po 40 roku \u017cycia, uzyskanie wymiernych efekt\u00f3w mo\u017ce by\u0107 trudne.\u00a0 Zadbaj o kondycj\u0119 swojego cia\u0142a Brak testosteronu mo\u017ce powodowa\u0107 zm\u0119czenie psychiczne i fizyczne. A m\u0119\u017cczy\u017ani do\u015bwiadczaj\u0105cy zwi\u0105zanego z wiekiem niskiego poziomu testosteronu cz\u0119sto maj\u0105 trudno\u015bci z utrzymaniem formy. Mo\u017ce to by\u0107 [&hellip;]<\/p>\n","protected":false},"author":1,"featured_media":0,"parent":506764,"menu_order":0,"comment_status":"closed","ping_status":"closed","template":"","meta":{"_acf_changed":false,"footnotes":""},"class_list":["post-506788","page","type-page","status-publish","hentry"],"acf":[],"jetpack_shortlink":"https:\/\/wp.me\/Pa2D6c-27Q0","jetpack_sharing_enabled":true,"_links":{"self":[{"href":"https:\/\/tplus.com\/pl\/wp-json\/wp\/v2\/pages\/506788","targetHints":{"allow":["GET"]}}],"collection":[{"href":"https:\/\/tplus.com\/pl\/wp-json\/wp\/v2\/pages"}],"about":[{"href":"https:\/\/tplus.com\/pl\/wp-json\/wp\/v2\/types\/page"}],"author":[{"embeddable":true,"href":"https:\/\/tplus.com\/pl\/wp-json\/wp\/v2\/users\/1"}],"replies":[{"embeddable":true,"href":"https:\/\/tplus.com\/pl\/wp-json\/wp\/v2\/comments?post=506788"}],"version-history":[{"count":2,"href":"https:\/\/tplus.com\/pl\/wp-json\/wp\/v2\/pages\/506788\/revisions"}],"predecessor-version":[{"id":507221,"href":"https:\/\/tplus.com\/pl\/wp-json\/wp\/v2\/pages\/506788\/revisions\/507221"}],"up":[{"embeddable":true,"href":"https:\/\/tplus.com\/pl\/wp-json\/wp\/v2\/pages\/506764"}],"wp:attachment":[{"href":"https:\/\/tplus.com\/pl\/wp-json\/wp\/v2\/media?parent=506788"}],"curies":[{"name":"wp","href":"https:\/\/api.w.org\/{rel}","templated":true}]}}