{"id":217041,"date":"2018-06-20T20:47:24","date_gmt":"2018-06-20T20:47:24","guid":{"rendered":"https:\/\/tplus.com\/?page_id=217041\/"},"modified":"2024-08-13T12:00:37","modified_gmt":"2024-08-13T12:00:37","slug":"integritetspolicy","status":"publish","type":"page","link":"https:\/\/tplus.com\/sv\/integritetspolicy\/","title":{"rendered":"Integritetspolicy"},"content":{"rendered":"<p>Vi p\u00e5 Puromega Nordic AS \u00e4r m\u00e5na om att skydda v\u00e5ra kunders, leverant\u00f6rers och andras personuppgifter. I denna integritetspolicy beskriver vi n\u00e4rmare hur vi behandlar personuppgifter inom v\u00e5r verksamhet, n\u00e4r du handlar av oss via v\u00e5r webbplats eller kontaktar oss p\u00e5 annat s\u00e4tt, som t.ex. via e-post, telefon eller anv\u00e4nder v\u00e5rt kontaktformul\u00e4r.<\/p>\n<p>H\u00e4r nedan finns information om vilka personuppgifter vi samlar in, varf\u00f6r vi g\u00f6r det och vilka r\u00e4ttigheter du har i samband med att vi behandlar dina personuppgifter.<\/p>\n<p>Personuppgiftsansvarig f\u00f6r de personuppgifter vi behandlar \u00e4r Puromega Nordic AS via vd. Om du har fr\u00e5gor om hur vi behandlar personuppgifter \u00e4r v\u00e5ra kontaktuppgifter f\u00f6ljande:<\/p>\n<p>Adress: Bj\u00f8rumsvegen 15, 4820 Froland, Norge<br \/>\nE-post: <a href=\"mailto:support@tplus.com\">support@tplus.com<\/a><br \/>\nTelefon: 041-849 54 50<br \/>\nOrganisationsnummer: 9160 55 285<\/p>\n<h3>Varf\u00f6r vi samlar in personuppgifter och vilka uppgifter vi samlar in<\/h3>\n<h4>Inledning<\/h4>\n<p>Vi samlar in och anv\u00e4nder personuppgifter i olika syften beroende p\u00e5 om det r\u00f6r sig om kontaktuppgifter till v\u00e5ra kunder eller leverant\u00f6rer, utskick av nyhetsbrev, eller om du kontaktar oss i andra \u00e4renden.<\/p>\n<h4>Dina best\u00e4llningar<\/h4>\n<p>N\u00e4r du g\u00f6r en best\u00e4llning hos oss uppr\u00e4ttas en l\u00f6pande kundrelation. I v\u00e5rt system sparas uppgifter om namn, adress, telefon, e-post och f\u00f6delsedatum. H\u00e4r registreras \u00e4ven information om ink\u00f6pta produkter och andra l\u00f6pande abonnemang.<\/p>\n<p>De personuppgifter som registreras \u00e4r huvudsakligen uppgifter vi beh\u00f6ver f\u00f6r att kunna leverera varor till dig samt kontakta dig med anledning av ditt abonnemang. Vi behandlar personuppgifterna enligt det avtal vi har med dig.<\/p>\n<p>Av s\u00e4kerhetssk\u00e4l sparar vi \u00e4ven den IP-adress som anv\u00e4nds f\u00f6r att registrera best\u00e4llningen. Detta g\u00f6r vi f\u00f6r att f\u00f6rhindra bedr\u00e4gerier. Puromega Nordic AS \u00f6verf\u00f6r sina fordringar till Arvato Finance AS, som hanterar fakturainbetalningar samt behandlar personuppgifter om ink\u00f6p som gjorts fr\u00e5n Puromega Nordic AS.<\/p>\n<p>Vi \u00e4r \u00e4ven skyldiga att spara personuppgifter som l\u00e4mnats i samband med att best\u00e4llningar gjorts f\u00f6r att vi ska kunna uppfylla v\u00e5ra skyldigheter enligt best\u00e4mmelser g\u00e4llande redovisning, hantering av avgifter och eventuell garanti-\/returhantering. Detta inneb\u00e4r att historiken inte raderas f\u00f6rr\u00e4n det g\u00e5tt minst fem \u00e5r.<\/p>\n<h4>Kundomd\u00f6men<\/h4>\n<p>N\u00e4r du uppr\u00e4ttar en kundrelation med oss vill vi g\u00e4rna veta vad du tycker om produkten. Om du vill ge feedback kan den publiceras p\u00e5 v\u00e5r webbsida om du samtycker till det. D\u00e5 kommer ditt namn att framg\u00e5 om du uppgett det.<\/p>\n<h3>Anv\u00e4ndning av personuppgifter i marknadsf\u00f6ringssyfte<\/h3>\n<h4><strong>Mottagande av nyhetsbrev<\/strong><\/h4>\n<p>Vi erbjuder befintliga och potentiella kunder att ta emot nyhetsbrev, information om v\u00e5r verksamhet, produktrekommendationer, t\u00e4vlingserbjudanden och andra erbjudanden via e-post och sms.<\/p>\n<p>Det \u00e4r frivilligt att ta emot dessa och man kan avregistrera sig fr\u00e5n v\u00e5ra nyhetsbrev. Det \u00e4r enkelt att avregistrera sig fr\u00e5n e-postlistan ved att klicka p\u00e5 \u201cavregistrera mig fr\u00e5n nyhetsbrev\u201d l\u00e4ngs ner i det e-postmeddelande du f\u00e5tt, eller genom att kontakta oss per telefon eller e-post.<\/p>\n<p>F\u00f6r befintliga kundrelationer skickas information om v\u00e5ra varor ut i enlighet med marknadsf\u00f6ringslagen. Vi kan \u00e4ven skicka nyhetsbrev n\u00e4r kundrelationen upph\u00f6rt eller till andra som \u00f6nskar f\u00e5 v\u00e5rt nyhetsbrev, men d\u00e5 efter samtycke.<\/p>\n<h4>Anv\u00e4ndning av cookies<\/h4>\n<p>V\u00e5r webbsida anv\u00e4nder cookies f\u00f6r att vi ska kunna analysera var trafiken kommer ifr\u00e5n, vad det klickas p\u00e5 samt f\u00f6r att ta fram statistik med mera f\u00f6r att kunna erbjuda b\u00e4ttre webbsidor och marknadsf\u00f6ra v\u00e5ra produkter.<\/p>\n<p>Mer information om cookies och vilka cookies vi anv\u00e4nder <a href=\"https:\/\/tplus.com\/sv\/cookies-och-skydd-av-personuppgifter\/\">finns h\u00e4r.<\/a><\/p>\n<h4>Sociala medier<\/h4>\n<p>Puromega Nordic AS anv\u00e4nder aktivt sociala medier som Facebook, Instagram och Snapchat. Vi vill g\u00f6ra dig uppm\u00e4rksam p\u00e5 att om du bes\u00f6ker oss via s\u00e5dana medier \u00e4r det dessa webbplatsers integritetspolicyer som g\u00e4ller.<\/p>\n<p>P\u00e5 sociala medier l\u00e4gger vi ut nyheter, bra erbjudanden och t\u00e4vlingar. Om du deltar i en t\u00e4vling via sociala medier kommer personuppgifter om dig att kunna registreras i v\u00e5ra system. Dessa registreringar g\u00f6rs efter att du gett ditt samtycke.<\/p>\n<p>Vi anv\u00e4nder oss \u00e4ven av sociala medier f\u00f6r direktmarknadsf\u00f6ring och annonser om v\u00e5ra produkter kan d\u00e4rf\u00f6r publiceras p\u00e5 din profil p\u00e5 sociala medier. I samband med detta anv\u00e4nder vi din e-postadress f\u00f6r att kunna rikta annonser. Vi l\u00e4mnar endast ut din e-postadress till tredje part efter att vi inh\u00e4mtat ditt samtycke.<\/p>\n<h4>Utl\u00e4mnande av personuppgifter till andra<\/h4>\n<p>Personuppgifter l\u00e4mnas endast ut till andra i de fall lagen till\u00e5ter det eller i de fall som anges i denna integritetspolicy. Detta g\u00e4ller i synnerhet i samband med leverans av best\u00e4llningar, i bokf\u00f6ringssyfte, vid marknadsf\u00f6ring eller om du p\u00e5 f\u00f6rhand gett tillst\u00e5nd till det. I samband med leveranser kommer exempelvis de tj\u00e4nsteleverant\u00f6rer vi anlitar (spedit\u00f6rer, logistikf\u00f6retag, banker) att f\u00e5 tillg\u00e5ng till de uppgifter de beh\u00f6ver f\u00f6r att genomf\u00f6ra best\u00e4llningen. Tj\u00e4nsteleverant\u00f6rerna har endast till\u00e5telse att anv\u00e4nda uppgifterna f\u00f6r att utf\u00f6ra sina best\u00e4mda uppgifter.<\/p>\n<p>Puromega Nordic AS anv\u00e4nder sig av externa tj\u00e4nsteleverant\u00f6rer (databehandlare) som kan komma att behandla personuppgifter p\u00e5 uppdrag av oss. Vid s\u00e5dana tillf\u00e4llen ing\u00e5r vi skriftliga databehandlingsavtal f\u00f6r att skydda informationss\u00e4kerheten i alla led av behandlingen. Om du vill ha information om v\u00e5ra databehandlare kan du kontakta oss via e-post eller telefon.<\/p>\n<p>All behandling som vi g\u00f6r av personuppgifter sker inom EU\/EES-omr\u00e5det.<\/p>\n<h4>Lagring och skydd av personuppgifter<\/h4>\n<p>Vi lagrar dina personuppgifter s\u00e5 l\u00e4nge det \u00e4r n\u00f6dv\u00e4ndigt f\u00f6r det syfte personuppgifterna samlats in i. Det inneb\u00e4r till exempel att personuppgifter som vi behandlar med ditt samtycke raderas om du \u00e5terkallar ditt samtycke.\u00a0De personuppgifter vi behandlar f\u00f6r att fullf\u00f6lja ett avtal med dig raderas n\u00e4r avtalet slutf\u00f6rts och alla avtalsenliga eller lagstadgade skyldigheter \u00e4r uppfyllda.<\/p>\n<p>Puromega Nordic AS tar s\u00e4kerhetsfr\u00e5gor p\u00e5 allvar och genomf\u00f6r regelbundet kontroller f\u00f6r att s\u00e4kerst\u00e4lla att dina personuppgifter hanteras korrekt.<\/p>\n<h4>Dina r\u00e4ttigheter n\u00e4r vi behandlar dina personuppgifter<\/h4>\n<p>Du kan kr\u00e4va att f\u00e5 insyn i vilka personuppgifter vi har registrerat om dig och du kan n\u00e4r som helst kr\u00e4va att de \u00e4ndras, korrigeras eller raderas.<\/p>\n<p>Fr\u00e5gor om personuppgiftshantering, korrigering, radering och liknande kan st\u00e4llas till <a href=\"mailto:support@tplus.com\">support@tplus.com<\/a>. Vi kommer be dig att bekr\u00e4fta din identitet eller uppge ytterligare information innan du kan ut\u00f6va dina r\u00e4ttigheter. Detta g\u00f6r vi f\u00f6r att s\u00e4kerst\u00e4lla att vi endast l\u00e4mnar ut dina personuppgifter till dig \u2013 och inte till n\u00e5gon som utger sig f\u00f6r att vara dig.<\/p>\n<h4>R\u00e4tt till dataportabilitet<\/h4>\n<p>Du har r\u00e4tt att f\u00e5 de personuppgifter du l\u00e4mnat till oss utl\u00e4mnade i ett strukturerat och \u00f6verf\u00f6rbart format. Detta kallas r\u00e4tten till dataportabilitet och g\u00e4ller uppgifter du l\u00e4mnat till oss efter samtycke eller enligt avtal. Mer information om dessa r\u00e4ttigheter finns p\u00e5 Datainspektionens webbplats: <a href=\"http:\/\/www.datainspektionen.se\">www.datainspektionen.se<\/a>.<\/p>\n<p>Klagom\u00e5l<br \/>\nOm du anser att v\u00e5r behandling av personuppgifter inte \u00f6verensst\u00e4mmer med den beskrivning vi ger h\u00e4r eller att vi p\u00e5 andra s\u00e4tt bryter mot personuppgiftslagstiftningen kan du v\u00e4nda dig till Datainspektionen. Information om hur du kontaktar Datainspektionen finns p\u00e5 deras webbplats: <a href=\"http:\/\/www.datainspektionen.se\">www.datainspektionen.se<\/a>.<\/p>\n<h4>\u00c4ndringar<\/h4>\n<p>Om v\u00e5ra tj\u00e4nster eller reglerna f\u00f6r personuppgiftsbehandling \u00e4ndras kan den information du f\u00e5tt h\u00e4r komma att \u00e4ndras. Uppdaterad information finns alltid l\u00e4tt tillg\u00e4nglig p\u00e5 v\u00e5r webbplats.<\/p>\n","protected":false},"excerpt":{"rendered":"<p>Vi p\u00e5 Puromega Nordic AS \u00e4r m\u00e5na om att skydda v\u00e5ra kunders, leverant\u00f6rers och andras personuppgifter. I denna integritetspolicy beskriver vi n\u00e4rmare hur vi behandlar personuppgifter inom v\u00e5r verksamhet, n\u00e4r du handlar av oss via v\u00e5r webbplats eller kontaktar oss p\u00e5 annat s\u00e4tt, som t.ex. via e-post, telefon eller anv\u00e4nder v\u00e5rt kontaktformul\u00e4r. H\u00e4r nedan finns [&hellip;]<\/p>\n","protected":false},"author":3,"featured_media":0,"parent":0,"menu_order":0,"comment_status":"closed","ping_status":"closed","template":"","meta":{"_acf_changed":false,"footnotes":""},"class_list":["post-217041","page","type-page","status-publish","hentry"],"acf":[],"jetpack_shortlink":"https:\/\/wp.me\/Pa2D6c-UsF","jetpack_sharing_enabled":true,"_links":{"self":[{"href":"https:\/\/tplus.com\/sv\/wp-json\/wp\/v2\/pages\/217041","targetHints":{"allow":["GET"]}}],"collection":[{"href":"https:\/\/tplus.com\/sv\/wp-json\/wp\/v2\/pages"}],"about":[{"href":"https:\/\/tplus.com\/sv\/wp-json\/wp\/v2\/types\/page"}],"author":[{"embeddable":true,"href":"https:\/\/tplus.com\/sv\/wp-json\/wp\/v2\/users\/3"}],"replies":[{"embeddable":true,"href":"https:\/\/tplus.com\/sv\/wp-json\/wp\/v2\/comments?post=217041"}],"version-history":[{"count":1,"href":"https:\/\/tplus.com\/sv\/wp-json\/wp\/v2\/pages\/217041\/revisions"}],"predecessor-version":[{"id":507955,"href":"https:\/\/tplus.com\/sv\/wp-json\/wp\/v2\/pages\/217041\/revisions\/507955"}],"wp:attachment":[{"href":"https:\/\/tplus.com\/sv\/wp-json\/wp\/v2\/media?parent=217041"}],"curies":[{"name":"wp","href":"https:\/\/api.w.org\/{rel}","templated":true}]}}